{"id":36742,"date":"2016-09-25T23:28:28","date_gmt":"2016-09-25T23:28:28","guid":{"rendered":"https:\/\/www.reefshops.com\/product\/sunsun-jp-042f-5w-350l-h-mini-bomba-de-agua-submersivel-para-aquario\/"},"modified":"2025-03-16T08:44:15","modified_gmt":"2025-03-16T08:44:15","slug":"sunsun-jp-042f-5w-350l-h-mini-bomba-de-agua-submersivel-para-aquario","status":"publish","type":"product","link":"https:\/\/www.reefshops.com\/pt-br\/produto\/sunsun-jp-042f-5w-350l-h-mini-bomba-de-agua-submersivel-para-aquario\/","title":{"rendered":"SUNSUN JP-042F 5W 350L\/h mini bomba de \u00e1gua submers\u00edvel para aqu\u00e1rio"},"content":{"rendered":"<div style=\"clear:both\"><\/div>\n<p style=\"text-align:left\">\n<div id=\"ali-anchor-AliPostDhMb-b0pze\" style=\"padding-top:8px\" data-section-title=\"banners\" data-section=\"AliPostDhMb-b0pze\">\n<div id=\"ali-title-AliPostDhMb-b0pze\" style=\"border-bottom:#ddd 1px solid;padding-bottom:8px;padding-top:8px;padding-left:0px;padding-right:0px\"> <\/div>\n<p><span><\/span><\/p>\n<\/div>\n<p style=\"text-align:center\"><strong><span style=\"font-size:24px\">SUNSUN JP-042F 5W 350L\/h mini bomba de \u00e1gua submers\u00edvel para aqu\u00e1rio <\/span><\/strong><\/p>\n<p style=\"text-align:left\">\n<div id=\"ali-anchor-AliPostDhMb-qjase\" style=\"padding-top:8px\" data-section-title=\"Descri\u00e7\u00e3o do produto\" data-section=\"AliPostDhMb-qjase\">\n<div id=\"ali-title-AliPostDhMb-qjase\" style=\"border-bottom:#ddd 1px solid;padding-bottom:8px;padding-top:8px;padding-left:0px;padding-right:0px\"><span style=\"font-weight:bold;color:#333;padding-bottom:8px;padding-top:8px;padding-left:10px;line-height:12px;padding-right:10px;background-color:#ddd\">Descri\u00e7\u00e3o do produto<\/span><\/div>\n<div style=\"padding-bottom:10px;padding-top:10px;padding-left:0px;padding-right:0px\">\n<\/div>\n<\/div>\n<p style=\"text-align:left\"><span style=\"font-size:16px;font-family:arial,helvetica,sans-serif\"><strong>Par\u00e2metro:<\/strong><\/span><\/p>\n<p style=\"text-align:left\"><span style=\"font-size:14px;font-family:arial,helvetica,sans-serif\">&#8211; Tens\u00e3o (V): 110\/220\/240<\/span><br \/><span style=\"font-size:14px;font-family:arial,helvetica,sans-serif\">&#8211; Frequ\u00eancia (Hz): 50\/60<\/span><br \/><span style=\"font-size:14px;font-family:arial,helvetica,sans-serif\">&#8211; Pot\u00eancia (W): 6<\/span><\/p>\n<p style=\"text-align:left\"><span style=\"font-size:14px;font-family:arial,helvetica,sans-serif\">&#8211; H-Max (m): 1.0<\/span><\/p>\n<p style=\"text-align:left\"><span style=\"font-size:14px;font-family:arial,helvetica,sans-serif\">&#8211; Sa\u00edda (L\/H): 450<\/span><\/p>\n<p style=\"text-align:left\"><span style=\"font-size:14px;font-family:arial,helvetica,sans-serif\">&#8211; Peso (kg): 1,0<\/span><\/p>\n<p style=\"text-align:left\"><span style=\"font-size:14px;font-family:arial,helvetica,sans-serif\">&#8211; Dimens\u00f5es (L*B*H): 80*85*65mm<\/span><\/p>\n<p style=\"text-align:left\"><span style=\"font-size:16px;font-family:arial,helvetica,sans-serif;color:#000000\"><strong>Principais recursos:<\/strong><\/span><\/p>\n<p style=\"text-align:left\"><span style=\"font-size:14px;font-family:arial,helvetica,sans-serif;color:black\"><span style=\"font-size:14px;font-family:arial,helvetica,sans-serif\">&#8211;<\/span> O inv\u00f3lucro \u00e9 feito de ABS aprimorado de alta qualidade, adequado para aqu\u00e1rios de \u00e1gua salgada e de \u00e1gua doce e recursos aqu\u00e1ticos<\/span><\/p>\n<p style=\"text-align:left\"><span style=\"font-size:14px;font-family:arial,helvetica,sans-serif;color:black\"><span style=\"font-size:14px;font-family:arial,helvetica,sans-serif\">&#8211;<\/span> Motor selado em resina ep\u00f3xi, 100% \u00e0 prova d&#8217;\u00e1gua e com isolamento<\/span><\/p>\n<p style=\"text-align:left\"><span style=\"font-size:14px;font-family:arial,helvetica,sans-serif;color:black\"><span style=\"font-size:14px;font-family:arial,helvetica,sans-serif\">&#8211;<\/span> Alta taxa de fluxo<\/span><\/p>\n<p style=\"text-align:left\"><span style=\"font-size:14px;font-family:arial,helvetica,sans-serif;color:black\"><span style=\"font-size:14px;font-family:arial,helvetica,sans-serif\">&#8211;<\/span> Baixo consumo de energia<\/span><\/p>\n<p style=\"text-align:left\"><span style=\"font-size:14px;font-family:arial,helvetica,sans-serif;color:black\"><span style=\"font-size:14px;font-family:arial,helvetica,sans-serif\">&#8211;<\/span> Design compacto<\/span><\/p>\n<p style=\"text-align:left\"><span style=\"font-size:14px;font-family:arial,helvetica,sans-serif;color:black\"><span style=\"font-size:14px;font-family:arial,helvetica,sans-serif\">&#8211;<\/span> Vem com adaptador de tomada<\/span><\/p>\n<p style=\"text-align:left\"><span style=\"font-size:14px;font-family:arial,helvetica,sans-serif;color:black\"><span style=\"font-size:14px;font-family:arial,helvetica,sans-serif\">&#8211;<\/span> Completo com ventosas para fixa\u00e7\u00e3o na lateral dos aqu\u00e1rios<\/span><\/p>\n<p style=\"text-align:left\"><span style=\"font-size:14px;font-family:arial,helvetica,sans-serif;color:black\"><span style=\"font-size:14px;font-family:arial,helvetica,sans-serif\">&#8211;<\/span><span style=\"font-size:14px;font-family:arial,helvetica,sans-serif\"> &#8211;<\/span> Favor\u00e1vel ao meio ambiente, em conformidade com CE, ROHS<\/span><\/p>\n<p style=\"text-align:left\"><span style=\"font-size:14px;font-family:arial,helvetica,sans-serif;color:black\">Garantia de 12 meses<\/span><\/p>\n<p style=\"text-align:left\" align=\"center\"><span style=\"font-size:14px;font-family:arial,helvetica,sans-serif\"><strong><span style=\"color:#ff6600\">NOVIDADE BOMBA DE \u00c1GUA SUBMERS\u00cdVEL DE 450L\/H DE ALTA QUALIDADE PARA TANQUES DE PEIXES E RECURSOS DE \u00c1GUA<\/span><\/strong><\/span><\/p>\n<p style=\"text-align:esquerda\" align=\"center\"><span style=\"font-size:14px;font-family:arial,helvetica,sans-serif\"><strong><\/strong><strong><span style=\"color:black\">Projetado somente para uso submerso<\/span><\/strong><\/span><\/p>\n<p style=\"text-align:center\">\n<p style=\"text-align:center\" align=\"center\"><img decoding=\"async\" alt=\"SUNSUN JP-042F 5W 350L\/h mini bomba de \u00e1gua submers\u00edvel para aqu\u00e1rio\" src=\"http:\/\/localhost\/media\/import\/detail\/HTB16Ie0KVXXXXX_apXXq6xXFXXXn.jpg\"><img decoding=\"async\" alt=\"SUNSUN Mini bomba de \u00e1gua submers\u00edvel para aqu\u00e1rio JP-042F 5W 350L\/h\" src=\"http:\/\/localhost\/media\/import\/detail\/HTB1McDfKVXXXXXGXFXXq6xXFXXXy.jpg\"><img decoding=\"async\" alt=\"SUNSUN JP-042F 5W 350L\/h mini aqu\u00e1rio bomba de \u00e1gua submers\u00edvel\" src=\"http:\/\/localhost\/media\/import\/detail\/HTB1hXPgKVXXXXauXFXXq6xXFXXXY.jpg\"><img decoding=\"async\" alt=\"SUNSUN JP-042F 5W 350L\/h mini bomba de \u00e1gua submers\u00edvel para aqu\u00e1rio\" src=\"http:\/\/localhost\/media\/import\/detail\/HTB1EvnhKVXXXXXQXFXXq6xXFXXXX.jpg\"><img decoding=\"async\" alt=\"SUNSUN JP-042F 5W 350L\/h mini bomba de \u00e1gua submers\u00edvel para aqu\u00e1rio\" src=\"http:\/\/localhost\/media\/import\/detail\/HTB1pMOZKVXXXXaNapXXq6xXFXXXL.jpg\"><img decoding=\"async\" alt=\"SUNSUN JP-042F 5W 350L\/h mini bomba de \u00e1gua submers\u00edvel para aqu\u00e1rio\" src=\"http:\/\/localhost\/media\/import\/detail\/HTB1KsjcKVXXXXbiXFXXq6xXFXXXS.jpg\"><img decoding=\"async\" alt=\"SUNSUN JP-042F 5W 350L\/h mini bomba de \u00e1gua submers\u00edvel para aqu\u00e1rio\" src=\"http:\/\/localhost\/media\/import\/detail\/HTB1.ty2KVXXXXccaXXXq6xXFXXXd.jpg\"><\/p>\n<p style=\"text-align:center\" align=\"center\"><img decoding=\"async\" alt=\"SUNSUN JP-042F 5W 350L\/h mini bomba de \u00e1gua submers\u00edvel para aqu\u00e1rio\" src=\"http:\/\/localhost\/media\/import\/detail\/HTB1tsi8KVXXXXXFaXXXq6xXFXXXs.jpg\"><\/p>\n<div id=\"ali-anchor-AliPostDhMb-pqrwm\" style=\"padding-top:8px\" data-section-title=\"Informa\u00e7\u00f5es da empresa\" data-section=\"AliPostDhMb-pqrwm\">\n<div id=\"ali-title-AliPostDhMb-pqrwm\" style=\"border-bottom:#ddd 1px solid;padding-bottom:8px;padding-top:8px;padding-left:0px;padding-right:0px\"> <\/div>\n<\/div>\n<div style=\"clear:both\"><strong><span style=\"background-color:#dddddd;color:#333333\"><\/span><\/strong><\/div>\n","protected":false},"excerpt":{"rendered":"<p>SUNSUN JP-042F 5W 350L\/h mini bomba de \u00e1gua submers\u00edvel para aqu\u00e1rio<\/p>\n","protected":false},"featured_media":5493,"comment_status":"open","ping_status":"closed","template":"","meta":[],"product_brand":[],"product_cat":[1374],"product_tag":[],"class_list":{"0":"post-36742","1":"product","2":"type-product","3":"status-publish","4":"has-post-thumbnail","6":"product_cat-bombas-de-agua-e-cabecas-poderosas","8":"first","9":"instock","10":"shipping-taxable","11":"purchasable","12":"product-type-simple","13":"add-to-wishlist-after_add_to_cart"},"jetpack_sharing_enabled":true,"_links":{"self":[{"href":"https:\/\/www.reefshops.com\/pt-br\/wp-json\/wp\/v2\/product\/36742","targetHints":{"allow":["GET"]}}],"collection":[{"href":"https:\/\/www.reefshops.com\/pt-br\/wp-json\/wp\/v2\/product"}],"about":[{"href":"https:\/\/www.reefshops.com\/pt-br\/wp-json\/wp\/v2\/types\/product"}],"replies":[{"embeddable":true,"href":"https:\/\/www.reefshops.com\/pt-br\/wp-json\/wp\/v2\/comments?post=36742"}],"wp:featuredmedia":[{"embeddable":true,"href":"https:\/\/www.reefshops.com\/pt-br\/wp-json\/wp\/v2\/media\/5493"}],"wp:attachment":[{"href":"https:\/\/www.reefshops.com\/pt-br\/wp-json\/wp\/v2\/media?parent=36742"}],"wp:term":[{"taxonomy":"product_brand","embeddable":true,"href":"https:\/\/www.reefshops.com\/pt-br\/wp-json\/wp\/v2\/product_brand?post=36742"},{"taxonomy":"product_cat","embeddable":true,"href":"https:\/\/www.reefshops.com\/pt-br\/wp-json\/wp\/v2\/product_cat?post=36742"},{"taxonomy":"product_tag","embeddable":true,"href":"https:\/\/www.reefshops.com\/pt-br\/wp-json\/wp\/v2\/product_tag?post=36742"}],"curies":[{"name":"wp","href":"https:\/\/api.w.org\/{rel}","templated":true}]}}