{"id":36749,"date":"2016-09-25T23:28:30","date_gmt":"2016-09-25T23:28:30","guid":{"rendered":"https:\/\/www.reefshops.com\/product\/sunsun-1600l-h-gs-ce-bomba-de-cabeca-eletrica-para-tanque-de-peixes-de-aquario-jp-025\/"},"modified":"2025-03-16T08:44:17","modified_gmt":"2025-03-16T08:44:17","slug":"sunsun-1600l-h-gs-ce-bomba-de-cabeca-eletrica-para-tanque-de-peixes-de-aquario-jp-025","status":"publish","type":"product","link":"https:\/\/www.reefshops.com\/pt-br\/produto\/sunsun-1600l-h-gs-ce-bomba-de-cabeca-eletrica-para-tanque-de-peixes-de-aquario-jp-025\/","title":{"rendered":"SUNSUN 1600L\/h GS, CE bomba de cabe\u00e7a el\u00e9trica para tanque de peixes de aqu\u00e1rio JP-025"},"content":{"rendered":"<div style=\"clear:both\"><\/div>\n<div id=\"ali-anchor-AliPostDhMb-l7hox\" style=\"padding-top:8px\" data-section-title=\"Descri\u00e7\u00e3o do produto\" data-section=\"AliPostDhMb-l7hox\">\n<div id=\"ali-title-AliPostDhMb-l7hox\" style=\"border-bottom:#ddd 1px solid;padding-bottom:8px;padding-top:8px;padding-left:0px;padding-right:0px\"> <\/div>\n<div style=\"padding-bottom:10px;padding-top:10px;padding-left:0px;padding-right:0px\">\n<div style=\"height:42px;width:750px\">\n<div style=\"height:42px;float:left;width:25px;background-color:#00ccff\"> <\/div>\n<div style=\"height:30px;float:right;color:#ffffff;padding-bottom:5px;padding-top:5px;padding-left:0px;padding-right:0px;width:720px;background-color:#0099ff\">\n<div style=\"font-size:24px;border-top:#ffffff 1px s\u00f3lido\">Exibi\u00e7\u00e3o do produto<\/div>\n<\/div>\n<\/div>\n<\/div>\n<\/div>\n<p data-section-blank=\"AliPostDhMb-l7hox\"><span style=\"font-size:18px;font-family:arial,helvetica,sans-serif\"><span style=\"color:#000000;background-color:#ffffff\"><strong><em>SUNSUN 1600L\/h GS,CE cabe\u00e7a de alimenta\u00e7\u00e3o para tanque de peixes de aqu\u00e1rio bomba<\/em><\/strong><\/span><\/span><\/p>\n<p data-section-blank=\"AliPostDhMb-l7hox\">\n<p style=\"text-align:left\" align=\"center\"><span style=\"color:#000000\"><strong><span style=\"font-family:arial,helvetica,sans-serif\"><span style=\"font-size:16px\">CARACTER\u00cdSTICAS da cabe\u00e7a motorizada <\/span><em><span style=\"text-decoration:underline\"><span style=\"font-size:18px;text-decoration:underline\"><br \/><\/span><\/span><\/em><\/span><\/strong><\/span><\/p>\n<p><span style=\"font-size:14px;font-family:arial,helvetica,sans-serif;color:#000000\">1. Define bombeamento, filtragem e aera\u00e7\u00e3o em um<\/span><\/p>\n<p><span style=\"font-size:14px;font-family:arial,helvetica,sans-serif\"><span style=\"color:#000000\">2. Feito de part\u00edculas ABS de alto padr\u00e3o e tem bom desempenho de isolamento<\/span><\/span><\/p>\n<p><span style=\"font-size:14px;font-family:arial,helvetica,sans-serif\">3. Projetado por materiais especiais<\/span><\/p>\n<p><span style=\"font-size:14px;font-family:arial,helvetica,sans-serif\">4. Completo com ventosas para fixa\u00e7\u00e3o na lateral do aqu\u00e1rio<\/span><\/p>\n<\/p>\n<p><span style=\"font-size:14px;font-family:arial,helvetica,sans-serif\"><strong><span style=\"font-size:16px\">PAR\u00c2METRO da cabe\u00e7a motorizada <\/span><\/strong><br \/><\/span><\/p>\n<table class=\"aliDataTable\" border=\"1\">\n<tbody>\n<tr>\n<td style=\"text-align:center\"><strong>Modelo<\/strong><\/td>\n<td style=\"text-align:center\"><strong>Tens\u00e3o<\/strong><\/td>\n<td style=\"text-align:center\"><strong>Frequ\u00eancia<\/strong><\/td>\n<td style=\"text-align:center\"><strong>Pot\u00eancia<\/strong><\/td>\n<td style=\"text-align:center\"><strong>H-max<\/strong><\/td>\n<td style=\"text-align:center\"><strong>Sa\u00edda<\/strong><\/td>\n<td style=\"text-align:center\"><strong>Peso<\/strong><\/td>\n<td style=\"text-align:center\"><strong>Dimens\u00f5es (mm)<\/strong><\/td>\n<\/tr>\n<tr>\n<td style=\"text-align:center\">JP-022<\/td>\n<td style=\"text-align:center\">110V\/220V\/240V<\/td>\n<td style=\"text-align:center\">50Hz\/60Hz<\/td>\n<td style=\"text-align:center\">8w<\/td>\n<td style=\"text-align:center\">1,0m<\/td>\n<td style=\"text-align:center\">600L\/h<\/td>\n<td style=\"text-align:center\">0,3kg<\/td>\n<td style=\"text-align:center\">90*48*130<\/td>\n<\/tr>\n<tr>\n<td style=\"text-align:center\">JP-023<\/td>\n<td style=\"text-align:center\">110V\/220V\/240V<\/td>\n<td style=\"text-align:center\">50Hz\/60Hz<\/td>\n<td style=\"text-align:center\">16w<\/td>\n<td style=\"text-align:center\">1,3m<\/td>\n<td style=\"text-align:center\">1000L\/h<\/td>\n<td style=\"text-align:center\">0,45kg<\/td>\n<td style=\"text-align:center\">107*53*135<\/td>\n<\/tr>\n<tr>\n<td style=\"text-align:center\">JP-024<\/td>\n<td style=\"text-align:center\">110V\/220V\/240V<\/td>\n<td style=\"text-align:center\">50Hz\/60Hz<\/td>\n<td style=\"text-align:center\">22w<\/td>\n<td style=\"text-align:center\">1,6m<\/td>\n<td style=\"text-align:center\">1200L\/h<\/td>\n<td style=\"text-align:center\">0,65kg<\/td>\n<td style=\"text-align:center\">114*58*140<\/td>\n<\/tr>\n<tr>\n<td style=\"text-align:center\">JP-025<\/td>\n<td style=\"text-align:center\">110V\/220V\/240V<\/td>\n<td style=\"text-align:center\">50Hz\/60Hz<\/td>\n<td style=\"text-align:center\">35w<\/td>\n<td style=\"text-align:center\">2,5m<\/td>\n<td style=\"text-align:center\">1600L\/h<\/td>\n<td style=\"text-align:center\">1,0kg<\/td>\n<td style=\"text-align:center\">131*68*160<\/td>\n<\/tr>\n<\/tbody>\n<\/table>\n<p><span style=\"font-family:comic sans ms,sans-serif\"><br \/><\/span><\/p>\n<p><img decoding=\"async\" alt=\"1.jpg\" src=\"http:\/\/localhost\/media\/import\/detail\/HTB1i_wuGpXXXXXVXXXXq6xXFXXX7.jpg\"><img decoding=\"async\" alt=\"2.jpg\" src=\"http:\/\/localhost\/media\/import\/detail\/HTB1KUn9GpXXXXaaXFXXq6xXFXXXE.jpg\"><img decoding=\"async\" alt=\"3.jpg\" src=\"http:\/\/localhost\/media\/import\/detail\/HTB1LRY4GpXXXXclXFXXq6xXFXXXZ.jpg\"><img decoding=\"async\" alt=\"4.jpg\" src=\"http:\/\/localhost\/media\/import\/detail\/HTB1BEr1GpXXXXXjXVXXq6xXFXXX1.jpg\"><img decoding=\"async\" alt=\"5.jpg\" src=\"http:\/\/localhost\/media\/import\/detail\/HTB15Sv.GpXXXXXAXFXXq6xXFXXXT.jpg\"><img decoding=\"async\" alt=\"9.jpg\" src=\"http:\/\/localhost\/media\/import\/detail\/HTB1zvz1GpXXXXc9XFXXq6xXFXXXY.jpg\"><\/p>\n<\/p>\n<p data-section-blank=\"AliPostDhMb-2cte6\">\n<div id=\"ali-anchor-AliPostDhMb-2cte6\" style=\"padding-top:8px\" data-section-title=\"Informa\u00e7\u00f5es da empresa\" data-section=\"AliPostDhMb-2cte6\"> <\/div>\n<div style=\"clear:both\"><\/div>\n","protected":false},"excerpt":{"rendered":"<p>SUNSUN 1600L\/h GS, CE bomba de cabe\u00e7a el\u00e9trica para tanque de peixes de aqu\u00e1rio JP-025<\/p>\n","protected":false},"featured_media":5507,"comment_status":"open","ping_status":"closed","template":"","meta":[],"product_brand":[],"product_cat":[1374],"product_tag":[],"class_list":{"0":"post-36749","1":"product","2":"type-product","3":"status-publish","4":"has-post-thumbnail","6":"product_cat-bombas-de-agua-e-cabecas-poderosas","8":"first","9":"instock","10":"shipping-taxable","11":"purchasable","12":"product-type-simple","13":"add-to-wishlist-after_add_to_cart"},"jetpack_sharing_enabled":true,"_links":{"self":[{"href":"https:\/\/www.reefshops.com\/pt-br\/wp-json\/wp\/v2\/product\/36749","targetHints":{"allow":["GET"]}}],"collection":[{"href":"https:\/\/www.reefshops.com\/pt-br\/wp-json\/wp\/v2\/product"}],"about":[{"href":"https:\/\/www.reefshops.com\/pt-br\/wp-json\/wp\/v2\/types\/product"}],"replies":[{"embeddable":true,"href":"https:\/\/www.reefshops.com\/pt-br\/wp-json\/wp\/v2\/comments?post=36749"}],"wp:featuredmedia":[{"embeddable":true,"href":"https:\/\/www.reefshops.com\/pt-br\/wp-json\/wp\/v2\/media\/5507"}],"wp:attachment":[{"href":"https:\/\/www.reefshops.com\/pt-br\/wp-json\/wp\/v2\/media?parent=36749"}],"wp:term":[{"taxonomy":"product_brand","embeddable":true,"href":"https:\/\/www.reefshops.com\/pt-br\/wp-json\/wp\/v2\/product_brand?post=36749"},{"taxonomy":"product_cat","embeddable":true,"href":"https:\/\/www.reefshops.com\/pt-br\/wp-json\/wp\/v2\/product_cat?post=36749"},{"taxonomy":"product_tag","embeddable":true,"href":"https:\/\/www.reefshops.com\/pt-br\/wp-json\/wp\/v2\/product_tag?post=36749"}],"curies":[{"name":"wp","href":"https:\/\/api.w.org\/{rel}","templated":true}]}}