{"id":36759,"date":"2016-09-25T23:28:30","date_gmt":"2016-09-25T23:28:30","guid":{"rendered":"https:\/\/www.reefshops.com\/product\/bomba-de-agua-pequena-submersivel-sunsun-600l-h-para-aquario-com-filtro-de-espuma-hj-742\/"},"modified":"2025-03-16T08:44:19","modified_gmt":"2025-03-16T08:44:19","slug":"bomba-de-agua-pequena-submersivel-sunsun-600l-h-para-aquario-com-filtro-de-espuma-hj-742","status":"publish","type":"product","link":"https:\/\/www.reefshops.com\/pt-br\/produto\/bomba-de-agua-pequena-submersivel-sunsun-600l-h-para-aquario-com-filtro-de-espuma-hj-742\/","title":{"rendered":"Bomba de \u00e1gua pequena submers\u00edvel SUNSUN 600L\/h para aqu\u00e1rio com filtro de espuma HJ-742"},"content":{"rendered":"<div style=\"clear:both\"><\/div>\n<p style=\"text-align:center\">\n<p align=\"center\"><strong><span style=\"font-size:18pt;font-family:'Comic Sans MS';color:#ff9900\">Nossa promessa SUNSUN:<\/span><\/strong><\/p>\n<p style=\"text-align:center\">\n<p align=\"center\"><span style=\"font-size:18pt;font-family:'Comic Sans MS';color:green\">1. Todos os produtos s\u00e3o produtos originais da SUNSUN<\/span><\/p>\n<p style=\"text-align:center\">\n<p align=\"center\"><span style=\"font-size:18pt;font-family:'Comic Sans MS';color:green\">2. Garantia: um ano<\/span><\/p>\n<p style=\"text-align:center\">\n<p align=\"center\"><span style=\"font-size:18pt;font-family:'Comic Sans MS';color:green\">3. Embalagem SUNSUN<\/span><\/p>\n<p style=\"text-align:center\">\n<p align=\"center\"><span style=\"font-size:18pt;font-family:'Comic Sans MS'\">&#8230;&#8230;&#8230;&#8230;&#8230;&#8230;&#8230;&#8230;&#8230;&#8230;&#8230;&#8230;&#8230;&#8230;&#8230;&#8230;&#8230;&#8230;&#8230;&#8230;&#8230;&#8230;&#8230;&#8230;&#8230;&#8230;..<\/span><\/p>\n<p align=\"center\">\n<p align=\"center\">\n<p style=\"text-align:center\">\n<p style=\"text-align:center\"><strong><span style=\"color:#00ffff\"><em><span style=\"font-size:18px;font-family:comic sans ms,sans-serif;background-color:#ffff00\"> SUNSUN 600L\/h Bomba de \u00e1gua submers\u00edvel pequena para aqu\u00e1rio com espuma de filtro <\/span><\/em><\/span><\/strong> <\/p>\n<p style=\"text-align:left\"><strong><\/strong> <\/p>\n<p style=\"text-align:left\"><strong><\/strong> <\/p>\n<p style=\"text-align:left\"><strong><span style=\"font-size:18px;color:#ff9900\">1. Descri\u00e7\u00e3o do produto<\/span><\/strong><\/p>\n<\/p>\n<p><span style=\"font-size:10.5pt;font-family:'Times New Roman';color:#000000\">1. Esta bomba define bombeamento, filtragem e aera\u00e7\u00e3o em um s\u00f3.<\/span><\/p>\n<\/p>\n<p><span style=\"font-size:10.5pt;font-family:'Times New Roman';color:#000000\">2. Ele pode ser usado para muitas aplica\u00e7\u00f5es diferentes, como arte, ar condicionado, aqu\u00e1rio.<\/span><\/p>\n<\/p>\n<p><span style=\"font-size:10.5pt;font-family:'Times New Roman';color:#000000\">3. \u00c9 facilmente escondido, feito de part\u00edculas ABS de alto padr\u00e3o.<\/span> <\/p>\n<\/p>\n<p><strong> <\/strong><\/p>\n<p><strong><span style=\"font-size:18px;font-family:comic sans ms, sans-serif;color:#ff9900;background-color:#ffffff\">2. Detalhes da bomba de \u00e1gua pequena para aqu\u00e1rio HJ-742 <\/span><\/strong><\/p>\n<\/p>\n<p> <img loading=\"lazy\" decoding=\"async\" alt=\"SUNSUN 600L\/h Bomba de \u00e1gua pequena submers\u00edvel para aqu\u00e1rio com espuma de filtro\" src=\"http:\/\/localhost\/media\/import\/detail\/702190223_949.jpg\" width=\"603\" height=\"241\"><img loading=\"lazy\" decoding=\"async\" alt=\"SUNSUN 600L\/h Bomba de \u00e1gua submers\u00edvel pequena para aqu\u00e1rio com espuma de filtro\" src=\"http:\/\/localhost\/media\/import\/detail\/535440144_072.jpg\" width=\"600\" height=\"600\"><\/p>\n<\/p>\n<p><span style=\"color:#ff9900;background-color:#ffffff\"><strong><span style=\"font-size:18px;font-family:comic sans ms, sans-serif\">3. Outras nossas bombas de \u00e1gua pequenas SUNSUN para aqu\u00e1rio para sua refer\u00eancia <\/span><\/strong><\/span><\/p>\n<\/p>\n<p><img decoding=\"async\" alt=\"SUNSUN 600L\/h Bomba de \u00e1gua pequena submers\u00edvel para aqu\u00e1rio com espuma de filtro\" src=\"http:\/\/localhost\/media\/import\/detail\/691985524_032.jpg\"><img decoding=\"async\" alt=\"SUNSUN 600L\/h Bomba de \u00e1gua submers\u00edvel pequena para aqu\u00e1rio com espuma de filtro\" src=\"http:\/\/localhost\/media\/import\/detail\/695340747_898.jpg\"><img loading=\"lazy\" decoding=\"async\" alt=\"SUNSUN 600L\/h Bomba de \u00e1gua pequena submers\u00edvel para aqu\u00e1rio com Espuma de filtro\" src=\"http:\/\/localhost\/media\/import\/detail\/699736275_303.jpg\" width=\"600\" height=\"600\"><\/p>\n<\/p>\n<div style=\"clear:both\"><\/div>\n","protected":false},"excerpt":{"rendered":"<p>Bomba de \u00e1gua pequena submers\u00edvel SUNSUN 600L\/h para aqu\u00e1rio com filtro de espuma HJ-742<\/p>\n","protected":false},"featured_media":5527,"comment_status":"open","ping_status":"closed","template":"","meta":[],"product_brand":[],"product_cat":[1374],"product_tag":[],"class_list":{"0":"post-36759","1":"product","2":"type-product","3":"status-publish","4":"has-post-thumbnail","6":"product_cat-bombas-de-agua-e-cabecas-poderosas","8":"first","9":"instock","10":"shipping-taxable","11":"purchasable","12":"product-type-simple","13":"add-to-wishlist-after_add_to_cart"},"jetpack_sharing_enabled":true,"_links":{"self":[{"href":"https:\/\/www.reefshops.com\/pt-br\/wp-json\/wp\/v2\/product\/36759","targetHints":{"allow":["GET"]}}],"collection":[{"href":"https:\/\/www.reefshops.com\/pt-br\/wp-json\/wp\/v2\/product"}],"about":[{"href":"https:\/\/www.reefshops.com\/pt-br\/wp-json\/wp\/v2\/types\/product"}],"replies":[{"embeddable":true,"href":"https:\/\/www.reefshops.com\/pt-br\/wp-json\/wp\/v2\/comments?post=36759"}],"wp:featuredmedia":[{"embeddable":true,"href":"https:\/\/www.reefshops.com\/pt-br\/wp-json\/wp\/v2\/media\/5527"}],"wp:attachment":[{"href":"https:\/\/www.reefshops.com\/pt-br\/wp-json\/wp\/v2\/media?parent=36759"}],"wp:term":[{"taxonomy":"product_brand","embeddable":true,"href":"https:\/\/www.reefshops.com\/pt-br\/wp-json\/wp\/v2\/product_brand?post=36759"},{"taxonomy":"product_cat","embeddable":true,"href":"https:\/\/www.reefshops.com\/pt-br\/wp-json\/wp\/v2\/product_cat?post=36759"},{"taxonomy":"product_tag","embeddable":true,"href":"https:\/\/www.reefshops.com\/pt-br\/wp-json\/wp\/v2\/product_tag?post=36759"}],"curies":[{"name":"wp","href":"https:\/\/api.w.org\/{rel}","templated":true}]}}