{"id":36776,"date":"2016-09-25T23:28:31","date_gmt":"2016-09-25T23:28:31","guid":{"rendered":"https:\/\/www.reefshops.com\/product\/bomba-de-agua-de-aquario-sunsun-2w-300l-h-para-tanque-de-peixes-de-aquario-hj-311\/"},"modified":"2025-03-16T08:44:24","modified_gmt":"2025-03-16T08:44:24","slug":"bomba-de-agua-de-aquario-sunsun-2w-300l-h-para-tanque-de-peixes-de-aquario-hj-311","status":"publish","type":"product","link":"https:\/\/www.reefshops.com\/pt-br\/produto\/bomba-de-agua-de-aquario-sunsun-2w-300l-h-para-tanque-de-peixes-de-aquario-hj-311\/","title":{"rendered":"Bomba de \u00e1gua de aqu\u00e1rio SUNSUN 2W 300L\/h para tanque de peixes de aqu\u00e1rio HJ-311"},"content":{"rendered":"<div style=\"clear:both\"><\/div>\n<p><span style=\"font-size:24px;color:#ff0000\">SUNSUN 2W 300L\/h Bomba de \u00e1gua de aqu\u00e1rio para aqu\u00e1rio <\/span><\/p>\n<table class=\"aliDataTable\" style=\"height:300px;width:598px\" cellpadding=\"0\" border=\"1\">\n<tbody>\n<tr style=\"height:15.6pt\">\n<td valign=\"top\">\n<p><span style=\"font-size:12pt\">1.Item<\/span><\/p>\n<\/td>\n<td style=\"width:197.05pt\" valign=\"top\">\n<p><span style=\"font-size:12pt\">Bomba de \u00e1gua multifuncional para aqu\u00e1rio SUNSUN<\/span><\/p>\n<\/td>\n<\/tr>\n<tr style=\"height:15.6pt\">\n<td valign=\"top\">\n<p><span style=\"font-size:12pt\">2.Modelo<\/span><\/p>\n<\/td>\n<td style=\"width:197.05pt\" valign=\"top\">\n<p><span style=\"font-size:12pt\">HJ-311<\/span><\/p>\n<\/td>\n<\/tr>\n<tr style=\"height:15.6pt\">\n<td valign=\"top\">\n<p><span style=\"font-size:12pt\">3.Tens\u00e3o<\/span><\/p>\n<\/td>\n<td style=\"width:197.05pt\" valign=\"top\">\n<p><span style=\"font-size:12pt\">110V\/220V\/240V<\/span><\/p>\n<\/td>\n<\/tr>\n<tr style=\"height:16.35pt\" align=\"left\">\n<td valign=\"top\">\n<p><span style=\"font-size:12pt\">4.Frequ\u00eancia<\/span><\/p>\n<\/td>\n<td valign=\"top\">\n<p><span style=\"font-size:12pt\">50Hz\/60Hz<\/span><\/p>\n<\/td>\n<\/tr>\n<tr style=\"height:15.6pt\" align=\"left\">\n<td valign=\"top\">\n<p><span style=\"font-size:12pt\">5.Power<\/span><\/p>\n<\/td>\n<td valign=\"top\">\n<p><span style=\"font-size:12pt\">2W<\/span><\/p>\n<\/td>\n<\/tr>\n<tr style=\"height:16.35pt\" align=\"left\">\n<td valign=\"top\">\n<p><span style=\"font-size:12pt\">6.Sa\u00edda<\/span><\/p>\n<\/td>\n<td valign=\"top\">\n<p><span style=\"font-size:12pt\">300L<\/span><span style=\"font-size:12pt\">\/h<\/span><\/p>\n<\/td>\n<\/tr>\n<tr align=\"left\">\n<td valign=\"top\">\n<p><span style=\"font-size:12pt\">7.Peso<\/span><\/p>\n<\/td>\n<td valign=\"top\">\n<p><span style=\"font-size:12pt\">0,1Kg<\/span><\/p>\n<\/td>\n<\/tr>\n<tr style=\"height:16.35pt\" align=\"left\">\n<td valign=\"top\">\n<p><span style=\"font-size:12pt\">8.Dimens\u00f5es<\/span><\/p>\n<\/td>\n<td valign=\"top\">\n<p><span style=\"font-size:12pt\">50*44*36mm<\/span><\/p>\n<\/td>\n<\/tr>\n<tr style=\"height:16.35pt\" align=\"left\">\n<td valign=\"top\">\n<p><span style=\"font-size:12pt\">9.H-max<\/span><\/p>\n<\/td>\n<td valign=\"top\">\n<p><span style=\"font-size:12pt\">0,6m<\/span><\/p>\n<\/td>\n<\/tr>\n<tr style=\"height:17.25pt\" align=\"left\">\n<td valign=\"top\">\n<p><span style=\"font-size:12pt\">10.Marca<\/span><\/p>\n<\/td>\n<td valign=\"top\">\n<p><span style=\"font-size:12pt\">SUNSUN<\/span><\/p>\n<\/td>\n<\/tr>\n<tr style=\"height:15pt\" align=\"left\">\n<td valign=\"top\">\n<p><span style=\"font-size:16px\">11.Qualidade<\/span><\/p>\n<\/td>\n<td valign=\"top\">\n<p><span style=\"font-size:16px\">Melhor qualidade; <br \/><\/span><\/p>\n<p align=\"left\"><span style=\"font-size:16px\">Maior fornecedor de equipamentos aqu\u00e1ticos da China<\/span><\/p>\n<\/td>\n<\/tr>\n<tr style=\"height:4.6pt\" align=\"left\">\n<td valign=\"top\">\n<p><span style=\"font-size:16px\">12.Ponto de venda <\/span><\/p>\n<\/td>\n<td valign=\"top\">\n<p><span style=\"font-size:16px\">Marca registrada bem conhecida da China; seguro e confi\u00e1vel <\/span><\/p>\n<\/td>\n<\/tr>\n<\/tbody>\n<\/table>\n<p> <img loading=\"lazy\" decoding=\"async\" alt=\"SUNSUN 2W 300L\/h Bomba de \u00e1gua de aqu\u00e1rio para aqu\u00e1rio\" src=\"http:\/\/localhost\/media\/import\/detail\/532797896_990.jpg\" width=\"596\" height=\"363\"><\/p>\n<p style=\"text-align:center\"><span style=\"font-size:18px;color:#000000;text-decoration:underline;background-color:#ffff00\"><span style=\"font-family:'Verdana';text-decoration:underline\">Projetado para <\/span><span style=\"font-family:'Verdana';text-decoration:underline\">submerso<\/span><span style=\"font-family:'Verdana';text-decoration:underline\"> use apenas<\/span><\/span><\/p>\n<p style=\"text-align:center\"><span style=\"font-size:18px;color:#000000;background-color:#ffff00\"> <\/span><\/p>\n<p style=\"text-align:center\"><span style=\"font-size:18px;background-color:#ffff00\"><strong><em><span style=\"font-family:arial, helvetica, sans-serif\">O motor da bomba \u00e9 de alta efici\u00eancia, economia de energia com baixo ru\u00eddo, <span style=\"font-family:Arial\">Conveniente de usar<\/span> <\/span><\/em><\/strong><\/span><\/p>\n<\/p>\n<p><span style=\"font-size:24px;color:#ff0000\">Caracter\u00edstica:<\/span><\/p>\n<p> <span style=\"font-size:16px\">1.Ele usa n\u00facleo de eixo resistente ao desgaste de alta resist\u00eancia, tem economia de energia altamente eficiente e longa vida \u00fatil<\/span><\/p>\n<p><span style=\"font-size:16px\">2.Tem goog \u00e0 prova de \u00e1gua, alta resist\u00eancia diel\u00e9trica,\u00e9 seguro e confi\u00e1vel<\/span><\/p>\n<p><span style=\"font-size:16px\">3.Ele foi projetado com impulsor centr\u00edfugo, tem alto fluxo e alta press\u00e3o<\/span><\/p>\n<p><span style=\"font-size:16px\">4.Ele tem v\u00e1rias fun\u00e7\u00f5es como bombeamento, filtro e oxig\u00eanio<\/span><\/p>\n<p><span style=\"font-size:16px\">5.Aplicar a <span style=\"font-size:24px;color:#ff0000\">aqu\u00e1rios, jardins ornamentais, lagoas <\/span>correspond\u00eancia de dispositivo de circula\u00e7\u00e3o de \u00e1gua.<\/span><\/p>\n<\/p>\n<p> <span style=\"font-size:24px;color:#ff0000\">Outras Bomba de \u00e1gua de aqu\u00e1rio multifuncional para sua refer\u00eancia<\/span> <\/p>\n<p><img loading=\"lazy\" decoding=\"async\" alt=\"SUNSUN 2W 300L\/h Bomba de \u00e1gua de aqu\u00e1rio para tanque de peixes de aqu\u00e1rio\" src=\"http:\/\/localhost\/media\/import\/detail\/532840539_067.jpg\" width=\"694\" height=\"258\"><\/p>\n<p><img decoding=\"async\" alt=\"SUNSUN 2W 300L\/h Bomba de \u00e1gua de aqu\u00e1rio para aqu\u00e1rio\" src=\"http:\/\/localhost\/media\/import\/detail\/532839344_192.jpg\"><\/p>\n<p><img decoding=\"async\" alt=\"SUNSUN 2W 300L\/h Bomba de \u00e1gua de aqu\u00e1rio para aqu\u00e1rio\" src=\"http:\/\/localhost\/media\/import\/detail\/532811141_561.jpg\"><\/p>\n<p><img decoding=\"async\" alt=\"SUNSUN 2W 300L\/h Bomba de \u00e1gua de aqu\u00e1rio para aqu\u00e1rio\" src=\"http:\/\/localhost\/media\/import\/detail\/532796249_092.jpg\"><img decoding=\"async\" alt=\"SUNSUN 2W 300L\/h Bomba de \u00e1gua de aqu\u00e1rio para aqu\u00e1rio\" src=\"http:\/\/localhost\/media\/import\/detail\/532796250_550.jpg\"><img decoding=\"async\" alt=\"SUNSUN 2W 300L\/h Bomba de \u00e1gua de aqu\u00e1rio para aqu\u00e1rio\" src=\"http:\/\/localhost\/media\/import\/detail\/532796252_154.jpg\"><img decoding=\"async\" alt=\"SUNSUN 2W Bomba d'\u00e1gua de aqu\u00e1rio 300L \/ h para tanque de peixes de aqu\u00e1rio\" src=\"http:\/\/localhost\/media\/import\/detail\/532796254_281.jpg\"><\/p>\n<\/p>\n<p><p style=\"text-align:center\"><span style=\"font-size:24pt;color:#ff0000;font-style:italic\"><\/span><\/p><\/p>\n","protected":false},"excerpt":{"rendered":"<p>Bomba de \u00e1gua de aqu\u00e1rio SUNSUN 2W 300L\/h para tanque de peixes de aqu\u00e1rio HJ-311<\/p>\n","protected":false},"featured_media":5560,"comment_status":"open","ping_status":"closed","template":"","meta":[],"product_brand":[],"product_cat":[1374],"product_tag":[],"class_list":{"0":"post-36776","1":"product","2":"type-product","3":"status-publish","4":"has-post-thumbnail","6":"product_cat-bombas-de-agua-e-cabecas-poderosas","8":"first","9":"instock","10":"shipping-taxable","11":"purchasable","12":"product-type-simple","13":"add-to-wishlist-after_add_to_cart"},"jetpack_sharing_enabled":true,"_links":{"self":[{"href":"https:\/\/www.reefshops.com\/pt-br\/wp-json\/wp\/v2\/product\/36776","targetHints":{"allow":["GET"]}}],"collection":[{"href":"https:\/\/www.reefshops.com\/pt-br\/wp-json\/wp\/v2\/product"}],"about":[{"href":"https:\/\/www.reefshops.com\/pt-br\/wp-json\/wp\/v2\/types\/product"}],"replies":[{"embeddable":true,"href":"https:\/\/www.reefshops.com\/pt-br\/wp-json\/wp\/v2\/comments?post=36776"}],"wp:featuredmedia":[{"embeddable":true,"href":"https:\/\/www.reefshops.com\/pt-br\/wp-json\/wp\/v2\/media\/5560"}],"wp:attachment":[{"href":"https:\/\/www.reefshops.com\/pt-br\/wp-json\/wp\/v2\/media?parent=36776"}],"wp:term":[{"taxonomy":"product_brand","embeddable":true,"href":"https:\/\/www.reefshops.com\/pt-br\/wp-json\/wp\/v2\/product_brand?post=36776"},{"taxonomy":"product_cat","embeddable":true,"href":"https:\/\/www.reefshops.com\/pt-br\/wp-json\/wp\/v2\/product_cat?post=36776"},{"taxonomy":"product_tag","embeddable":true,"href":"https:\/\/www.reefshops.com\/pt-br\/wp-json\/wp\/v2\/product_tag?post=36776"}],"curies":[{"name":"wp","href":"https:\/\/api.w.org\/{rel}","templated":true}]}}