{"id":36786,"date":"2016-09-25T23:28:31","date_gmt":"2016-09-25T23:28:31","guid":{"rendered":"https:\/\/www.reefshops.com\/product\/sunsun-gs-ce-5w-350l-h-bom-preco-mini-bomba-de-agua-para-aquario-hj-531\/"},"modified":"2025-03-16T08:44:27","modified_gmt":"2025-03-16T08:44:27","slug":"sunsun-gs-ce-5w-350l-h-bom-preco-mini-bomba-de-agua-para-aquario-hj-531","status":"publish","type":"product","link":"https:\/\/www.reefshops.com\/pt-br\/produto\/sunsun-gs-ce-5w-350l-h-bom-preco-mini-bomba-de-agua-para-aquario-hj-531\/","title":{"rendered":"SUNSUN GS, CE 5W 350L\/h Bom Pre\u00e7o Mini Bomba de \u00c1gua para Aqu\u00e1rio HJ-531"},"content":{"rendered":"<div style=\"clear:both\"><\/div>\n<p><span style=\"font-size:24px;color:#ff0000\">SUNSUN GS,CE 5W 350L\/h Mini bomba de \u00e1gua para aqu\u00e1rio de bom pre\u00e7o <\/span><\/p>\n<table class=\"aliDataTable\" style=\"height:300px;width:598px\" cellpadding=\"0\" border=\"1\">\n<tbody>\n<tr style=\"height:15.6pt\">\n<td valign=\"top\">\n<p><span style=\"font-size:14px\">1.Item<\/span><\/p>\n<\/td>\n<td style=\"width:197.05pt\" valign=\"top\">\n<p><span style=\"font-size:14px\">Mini bomba de \u00e1gua para aqu\u00e1rio SUNSUN <\/span><\/p>\n<\/td>\n<\/tr>\n<tr style=\"height:15.6pt\">\n<td valign=\"top\">\n<p><span style=\"font-size:14px\">2.Modelo<\/span><\/p>\n<\/td>\n<td style=\"width:197.05pt\" valign=\"top\">\n<p><span style=\"font-size:14px\">HJ-531<\/span><\/p>\n<\/td>\n<\/tr>\n<tr style=\"height:15.6pt\">\n<td valign=\"top\">\n<p><span style=\"font-size:14px\">3.Tens\u00e3o<\/span><\/p>\n<\/td>\n<td style=\"width:197.05pt\" valign=\"top\">\n<p><span style=\"font-size:14px\">110V\/220V\/240V<\/span><\/p>\n<\/td>\n<\/tr>\n<tr style=\"height:16.35pt\" align=\"left\">\n<td valign=\"top\">\n<p><span style=\"font-size:14px\">4.Frequ\u00eancia<\/span><\/p>\n<\/td>\n<td valign=\"top\">\n<p><span style=\"font-size:14px\">50Hz\/60Hz<\/span><\/p>\n<\/td>\n<\/tr>\n<tr style=\"height:15.6pt\" align=\"left\">\n<td valign=\"top\">\n<p><span style=\"font-size:14px\">5.Power<\/span><\/p>\n<\/td>\n<td valign=\"top\">\n<p><span style=\"font-size:14px\">5W<\/span><\/p>\n<\/td>\n<\/tr>\n<tr style=\"height:16.35pt\" align=\"left\">\n<td valign=\"top\">\n<p><span style=\"font-size:14px\">6.Sa\u00edda<\/span><\/p>\n<\/td>\n<td valign=\"top\">\n<p><span style=\"font-size:14px\">350L\/h<\/span><\/p>\n<\/td>\n<\/tr>\n<tr style=\"height:15.6pt\" align=\"left\">\n<td valign=\"top\">\n<p><span style=\"font-size:14px\">7.Peso<\/span><\/p>\n<\/td>\n<td valign=\"top\">\n<p><span style=\"font-size:14px\">0,18Kg<\/span><\/p>\n<\/td>\n<\/tr>\n<tr style=\"height:16.35pt\" align=\"left\">\n<td valign=\"top\">\n<p><span style=\"font-size:14px\">8.Dimens\u00f5es<\/span><\/p>\n<\/td>\n<td valign=\"top\">\n<p><span style=\"font-size:14px\">60*42*60mm<\/span><\/p>\n<\/td>\n<\/tr>\n<tr style=\"height:16.35pt\" align=\"left\">\n<td valign=\"top\">\n<p><span style=\"font-size:14px\">9.H-max<\/span><\/p>\n<\/td>\n<td valign=\"top\">\n<p><span style=\"font-size:14px\">0,6m<\/span><\/p>\n<\/td>\n<\/tr>\n<tr style=\"height:17.25pt\" align=\"left\">\n<td valign=\"top\">\n<p><span style=\"font-size:14px\">10.Marca<\/span><\/p>\n<\/td>\n<td valign=\"top\">\n<p><span style=\"font-size:14px\">SUNSUN<\/span><\/p>\n<\/td>\n<\/tr>\n<tr style=\"height:15pt\" align=\"left\">\n<td valign=\"top\">\n<p><span style=\"font-size:14px\">11.Qualidade<\/span><\/p>\n<\/td>\n<td valign=\"top\">\n<p><span style=\"font-size:14px\">Melhor qualidade; <br \/><\/span><\/p>\n<p align=\"left\"><span style=\"font-size:14px\">a maior empresa de produtos aqu\u00e1ticos da China.<\/span><\/p>\n<\/td>\n<\/tr>\n<tr style=\"height:4.6pt\" align=\"left\">\n<td valign=\"top\">\n<p><span style=\"font-size:14px\">12.Ponto de venda <\/span><\/p>\n<\/td>\n<td valign=\"top\">\n<p><span style=\"font-size:14px\">Marca registrada bem conhecida da China; seguro e confi\u00e1vel; aprovado pela GS, CE <\/span><\/p>\n<\/td>\n<\/tr>\n<\/tbody>\n<\/table>\n<p><img decoding=\"async\" alt=\"SUNSUN GS,CE 5W 350L\/h Mini bomba de \u00e1gua para aqu\u00e1rio de bom pre\u00e7o\" src=\"http:\/\/localhost\/media\/import\/detail\/800492336_163.jpg\"><\/p>\n<p><span style=\"font-size:18px;color:#000000;text-decoration:underline;background-color:#ffff00\"><span style=\"font-family:'Verdana';text-decoration:underline\"> Projetado para <\/span><span style=\"font-family:'Verdana';text-decoration:underline\">submerso<\/span><span style=\"font-family:'Verdana';text-decoration:underline\"> use apenas<\/span><\/span><\/p>\n<p style=\"text-align:center\"><span style=\"font-size:18px;color:#000000;background-color:#ffff00\"> <\/span><\/p>\n<p style=\"text-align:center\"><span style=\"font-size:18px;background-color:#ffff00\"><strong><em><span style=\"font-family:arial, helvetica, sans-serif\">O motor da bomba \u00e9 de alta efici\u00eancia, economia de energia com baixo ru\u00eddo, <span style=\"font-family:Arial\">Conveniente de usar<\/span> <\/span><\/em><\/strong><\/span><\/p>\n<\/p>\n<p><span style=\"font-size:24px;color:#ff0000;background-color:#c0c0c0\">1. Recurso de bomba de \u00e1gua m\u00ednima para aqu\u00e1rio:<\/span><\/p>\n<p><span style=\"font-size:14px\">1) As bombas de \u00e1gua m\u00ednima para aqu\u00e1rio usam eixo resistente ao desgaste de alta resist\u00eancia n\u00facleo, tem economia de energia altamente eficiente e longa vida \u00fatil<\/span><\/p>\n<p><span style=\"font-size:14px\">2)Tem goog \u00e0 prova de \u00e1gua,alta resist\u00eancia diel\u00e9trica,\u00e9 seguro e confi\u00e1vel<\/span><\/p>\n<p><span style=\"font-size:14px\">3)Ele foi projetado com impulsor centr\u00edfugo, tem alto fluxo e alta press\u00e3o<\/span><\/p>\n<p><span style=\"font-size:14px\">4)Tem v\u00e1rias fun\u00e7\u00f5es como bombeamento, filtro e oxig\u00eanio<\/span><\/p>\n<p><span style=\"font-size:16px\">5)<span style=\"font-size:14px\">Aplicar a<\/span> <span style=\"font-size:24px;color:#ff0000\">aqu\u00e1rios, jardins ornamentais, lagos, refrigeradores de ar <\/span><span style=\"font-size:14px\">dispositivo de circula\u00e7\u00e3o de \u00e1gua correspondente<\/span>.<\/span><\/p>\n<\/p>\n<p> <span style=\"background-color:#c0c0c0\"><span style=\"font-size:24px;color:#ff0000\">2.Outras bombas de \u00e1gua pequenas multifuncionais para sua refer\u00eancia<\/span> <\/span><\/p>\n<\/p>\n<p><img loading=\"lazy\" decoding=\"async\" alt=\"SUNSUN GS,CE 5W 350L\/h Mini bomba de \u00e1gua para aqu\u00e1rio de bom pre\u00e7o\" src=\"http:\/\/localhost\/media\/import\/detail\/547099996_368.jpg\" width=\"600\" height=\"600\"><\/p>\n<p><img decoding=\"async\" alt=\"SUNSUN GS,CE 5W 350L\/h Mini bomba de \u00e1gua para aqu\u00e1rio de bom pre\u00e7o\" src=\"http:\/\/localhost\/media\/import\/detail\/532796249_092.jpg\"><img decoding=\"async\" alt=\"SUNSUN GS,CE 5W 350L\/h Mini bomba de \u00e1gua para aqu\u00e1rio de bom pre\u00e7o\" src=\"http:\/\/localhost\/media\/import\/detail\/532796250_550.jpg\"><img decoding=\"async\" alt=\"SUNSUN GS,CE 5W 350L\/h Mini bomba de \u00e1gua para aqu\u00e1rio de bom pre\u00e7o\" src=\"http:\/\/localhost\/media\/import\/detail\/532796253_103.jpg\"><img decoding=\"async\" alt=\"SUNSUN GS,CE 5W 350L\/h Mini bomba de \u00e1gua para aqu\u00e1rio de bom pre\u00e7o\" src=\"http:\/\/localhost\/media\/import\/detail\/532796254_281.jpg\"><\/p>\n<\/p>\n<p><span style=\"background-color:#c0c0c0\"><span style=\"font-size:x-large;color:#ff0000\">3.Bomba m\u00ednima de aqu\u00e1rio p<span style=\"font-size:24px;color:#ff0000\">ar\u00e2metro<\/span> <\/span> <\/span><\/p>\n<\/p>\n<table class=\"aliDataTable ke-zeroborder\" cellpadding=\"0\" border=\"0\">\n<tbody>\n<tr align=\"left\">\n<td width=\"69\">MODELO<\/td>\n<td width=\"126\">TENS\u00c3O<\/td>\n<td width=\"92\">FREQU\u00caNCIA<\/td>\n<td width=\"49\">POT\u00caNCIA<\/td>\n<td width=\"60\">H-MAX<\/td>\n<td width=\"81\">SA\u00cdDA<\/td>\n<td width=\"65\">PESO<\/td>\n<td width=\"107\">DIMENS\u00d5ES<\/td>\n<\/tr>\n<tr align=\"left\">\n<td>HJ-531<\/td>\n<td>110V\/220V\/240V<\/td>\n<td>50Hz\/60Hz<\/td>\n<td>5W<\/td>\n<td>0,6m<\/td>\n<td>350L\/h<\/td>\n<td>0,18kg<\/td>\n<td>60x42x60mm<\/td>\n<\/tr>\n<tr align=\"left\">\n<td>HJ-731<\/td>\n<td>110V\/220V\/240V<\/td>\n<td>50Hz\/60Hz<\/td>\n<td>8W<\/td>\n<td>0,9m<\/td>\n<td>550L\/h<\/td>\n<td>0,32kg<\/td>\n<td>70x52x67mm<\/td>\n<\/tr>\n<tr>\n<td>HJ-931<\/td>\n<td>110V\/220V\/240V<\/td>\n<td>50Hz\/60Hz<\/td>\n<td>16 W<\/td>\n<td>1,3m<\/td>\n<td>800L\/h<\/td>\n<td>0,42kg<\/td>\n<td>86x56x72mm<\/td>\n<\/tr>\n<tr>\n<td>JP-500G<\/td>\n<td>110V\/220V\/240V<\/td>\n<td>50Hz\/60Hz<\/td>\n<td>6 W<\/td>\n<td>0,8m<\/td>\n<td>350L\/h<\/td>\n<td>0,26kg<\/td>\n<td>80x42x78mm<\/td>\n<\/tr>\n<tr>\n<td>JP-700G<\/td>\n<td>110V\/220V\/240V<\/td>\n<td>50Hz\/60Hz<\/td>\n<td>12 L<\/td>\n<td>1,2m<\/td>\n<td>650L\/h<\/td>\n<td>0,40kg<\/td>\n<td>90x51x100mm<\/td>\n<\/tr>\n<tr>\n<td>JP-900G<\/td>\n<td>110V\/220V\/240V<\/td>\n<td>50Hz\/60Hz<\/td>\n<td>20W <\/td>\n<td>1,5m<\/td>\n<td>1000L\/h<\/td>\n<td>0,60kg<\/td>\n<td>95x58x110mm<\/td>\n<\/tr>\n<tr>\n<td>JP-1100G<\/td>\n<td>110V\/220V\/240V<\/td>\n<td>50Hz\/60Hz<\/td>\n<td>25W <\/td>\n<td>1,7m<\/td>\n<td>1200L\/h<\/td>\n<td>0,65kg<\/td>\n<td>100x65x115mm<\/td>\n<\/tr>\n<tr>\n<td>JP-1500G<\/td>\n<td>110V\/220V\/240V<\/td>\n<td>50Hz\/60Hz<\/td>\n<td>45W<\/td>\n<td>2,4m<\/td>\n<td>1800L\/h<\/td>\n<td>0,80kg<\/td>\n<td>105x65x120mm<\/td>\n<\/tr>\n<\/tbody>\n<\/table><\/p>\n","protected":false},"excerpt":{"rendered":"<p>SUNSUN GS, CE 5W 350L\/h Bom Pre\u00e7o Mini Bomba de \u00c1gua para Aqu\u00e1rio HJ-531<\/p>\n","protected":false},"featured_media":5580,"comment_status":"open","ping_status":"closed","template":"","meta":[],"product_brand":[],"product_cat":[1374],"product_tag":[],"class_list":{"0":"post-36786","1":"product","2":"type-product","3":"status-publish","4":"has-post-thumbnail","6":"product_cat-bombas-de-agua-e-cabecas-poderosas","8":"first","9":"instock","10":"shipping-taxable","11":"purchasable","12":"product-type-simple","13":"add-to-wishlist-after_add_to_cart"},"jetpack_sharing_enabled":true,"_links":{"self":[{"href":"https:\/\/www.reefshops.com\/pt-br\/wp-json\/wp\/v2\/product\/36786","targetHints":{"allow":["GET"]}}],"collection":[{"href":"https:\/\/www.reefshops.com\/pt-br\/wp-json\/wp\/v2\/product"}],"about":[{"href":"https:\/\/www.reefshops.com\/pt-br\/wp-json\/wp\/v2\/types\/product"}],"replies":[{"embeddable":true,"href":"https:\/\/www.reefshops.com\/pt-br\/wp-json\/wp\/v2\/comments?post=36786"}],"wp:featuredmedia":[{"embeddable":true,"href":"https:\/\/www.reefshops.com\/pt-br\/wp-json\/wp\/v2\/media\/5580"}],"wp:attachment":[{"href":"https:\/\/www.reefshops.com\/pt-br\/wp-json\/wp\/v2\/media?parent=36786"}],"wp:term":[{"taxonomy":"product_brand","embeddable":true,"href":"https:\/\/www.reefshops.com\/pt-br\/wp-json\/wp\/v2\/product_brand?post=36786"},{"taxonomy":"product_cat","embeddable":true,"href":"https:\/\/www.reefshops.com\/pt-br\/wp-json\/wp\/v2\/product_cat?post=36786"},{"taxonomy":"product_tag","embeddable":true,"href":"https:\/\/www.reefshops.com\/pt-br\/wp-json\/wp\/v2\/product_tag?post=36786"}],"curies":[{"name":"wp","href":"https:\/\/api.w.org\/{rel}","templated":true}]}}