{"id":36792,"date":"2016-09-25T23:28:31","date_gmt":"2016-09-25T23:28:31","guid":{"rendered":"https:\/\/www.reefshops.com\/product\/bomba-micro-aquario-sunsun-hj-111\/"},"modified":"2025-03-16T08:44:28","modified_gmt":"2025-03-16T08:44:28","slug":"bomba-micro-aquario-sunsun-hj-111","status":"publish","type":"product","link":"https:\/\/www.reefshops.com\/pt-br\/produto\/bomba-micro-aquario-sunsun-hj-111\/","title":{"rendered":"Bomba Micro Aqu\u00e1rio SUNSUN HJ-111"},"content":{"rendered":"<div style=\"clear:both\"><\/div>\n<p><p style=\"font-size:13px;font-family:Arial, Helvetica, sans-serif;background-color:#f5f5f5\"><span style=\"font-size:16px;font-family:'arial black', 'avant garde';line-height:24px\"><span style=\"font-size:24px;line-height:36px\"><\/span><\/span><\/p>\n<\/p>\n<\/p>\n<p><span style=\"font-size:18px\"><strong><span style=\"font-family:'Times New Roman'\">Bomba para micro aqu\u00e1rio HJ-111 <\/span><\/strong><\/span><\/p>\n<\/p>\n<p><span style=\"font-size:16px\"><strong><span style=\"font-family:'Times New Roman'\">Par\u00e2metro:<\/span><\/strong><\/span><\/p>\n<\/p>\n<p><span style=\"font-size:10.5pt;font-family:'Times New Roman'\">&#8211; Tens\u00e3o (V): 110\/220\/240<\/span><span style=\"font-size:10.5pt;font-family:'Times New Roman'\"><br \/><\/span><span style=\"font-size:10.5pt;font-family:'Times New Roman'\">&#8211; Frequ\u00eancia (Hz): 50\/60<\/span><span style=\"font-size:10.5pt;font-family:'Times New Roman'\"><br \/><\/span><span style=\"font-size:10.5pt;font-family:'Times New Roman'\">&#8211; Pot\u00eancia (W): <\/span><span style=\"font-size:10.5pt;font-family:'Times New Roman'\">2<\/span><span style=\"font-size:10.5pt;font-family:'Times New Roman'\"><br \/><\/span><span style=\"font-size:10.5pt;font-family:'Times New Roman'\">&#8211; H-Max (m): <\/span><span style=\"font-size:10.5pt;font-family:'Times New Roman'\">0,45<\/span><\/p>\n<p><span style=\"font-size:10.5pt;font-family:'Times New Roman'\">&#8211; Sa\u00edda (L\/H): 200<\/span><span style=\"font-size:10.5pt;font-family:'Times New Roman'\"><br \/><\/span><span style=\"font-size:10.5pt;font-family:'Times New Roman'\">&#8211; Peso (kg): 0,1<\/span><span style=\"font-size:10.5pt;font-family:'Times New Roman'\"><br \/><\/span><span style=\"font-size:10.5pt;font-family:'Times New Roman'\">&#8211; Dimens\u00f5es (L*B*H): 40*38*32mm<\/span><\/p>\n<\/p>\n<p><span style=\"font-size:18px\"><strong><span style=\"font-family:'Times New Roman'\">Recurso:<\/span><span style=\"font-family:'Times New Roman'\"><br \/><\/span><\/strong><\/span><span style=\"font-size:10.5pt;font-family:'Times New Roman'\"><br \/><\/span><span style=\"font-size:10.5pt;font-family:'Times New Roman'\">1) totalmente submers\u00edvel design<\/span><span style=\"font-size:10.5pt;font-family:'Times New Roman'\"><br \/><\/span><span style=\"font-size:10.5pt;font-family:'Times New Roman'\"><br \/><\/span><span style=\"font-size:10.5pt;font-family:'Times New Roman'\">2) mini apar\u00eancia com alta desempenho<\/span><span style=\"font-size:10.5pt;font-family:'Times New Roman'\"><br \/><\/span><span style=\"font-size:10.5pt;font-family:'Times New Roman'\"><br \/><\/span><span style=\"font-size:10.5pt;font-family:'Times New Roman'\">3) vaz\u00e3o m\u00e1xima de \u00e1gua para 300l\/h<\/span><span style=\"font-size:10.5pt;font-family:'Times New Roman'\"><br \/><\/span><span style=\"font-size:10.5pt;font-family:'Times New Roman'\"><br \/><\/span><span style=\"font-size:10.5pt;font-family:'Times New Roman'\">4) fluxo de \u00e1gua ajust\u00e1vel control<\/span><span style=\"font-size:10.5pt;font-family:'Times New Roman'\"><br \/><\/span><span style=\"font-size:10.5pt;font-family:'Times New Roman'\"><br \/><\/span><span style=\"font-size:10.5pt;font-family:'Times New Roman'\">5) bomba de aqu\u00e1rio essencial para fonte decorativa ou industrial use.<\/span><\/p>\n<\/p>\n<p><span style=\"font-size:10.5pt;font-family:'Times New Roman'\">Mini bomba submers\u00edvel super aqu\u00e1tica com caracter\u00edsticas multifuncionais, ideal para produzir corrente de \u00e1gua. perfeito para <\/span><\/p>\n<p><span style=\"font-size:10.5pt;font-family:'Times New Roman'\">aqu\u00e1rios e fontes de \u00e1gua para circula\u00e7\u00e3o de \u00e1gua.<\/span><\/p>\n<\/p>\n<p><span style=\"font-size:10.5pt;font-family:'Times New Roman'\"><img decoding=\"async\" alt=\"SUNSUN Micro Aquarium Pump HJ-111\" src=\"http:\/\/localhost\/media\/import\/detail\/809838124_987.jpg\"><\/span><\/p>\n<\/p>\n<p><span style=\"font-size:10.5pt;font-family:'Times New Roman'\"><img decoding=\"async\" alt=\"SUNSUN Micro Aquarium Pump HJ-111\" src=\"http:\/\/localhost\/media\/import\/detail\/520516851_911.jpg\"><\/span><\/p>\n<\/p>\n<\/p>\n<p><span style=\"font-size:10.5pt;font-family:'Times New Roman';color:#ff0000\">VOC\u00ca TEM MAIS D\u00daVIDAS? <\/span><span style=\"font-size:10.5pt;font-family:'Times New Roman';color:#ff0000\">N\u00c3O HESITE EM ENTRAR EM CONTATO CONOSCO!<\/span><\/p>\n<p> <em><span style=\"line-height:24px;background-color:#ff0000\"><em><span style=\"line-height:24px\"><em><span style=\"line-height:24px\"><a title=\"Clique em mais produtos\" href=\"http:\/\/gzweierma.en.alibaba.com\/productgrouplist-215139431\/Water_Pumps.html\"><\/a><\/span><\/em><\/span><\/em><\/span><\/em><\/p>\n<\/p>\n<div style=\"clear:both\"><\/div>\n","protected":false},"excerpt":{"rendered":"<p>Bomba Micro Aqu\u00e1rio SUNSUN HJ-111<\/p>\n","protected":false},"featured_media":5591,"comment_status":"open","ping_status":"closed","template":"","meta":[],"product_brand":[],"product_cat":[1374],"product_tag":[],"class_list":{"0":"post-36792","1":"product","2":"type-product","3":"status-publish","4":"has-post-thumbnail","6":"product_cat-bombas-de-agua-e-cabecas-poderosas","8":"first","9":"instock","10":"shipping-taxable","11":"purchasable","12":"product-type-simple","13":"add-to-wishlist-after_add_to_cart"},"jetpack_sharing_enabled":true,"_links":{"self":[{"href":"https:\/\/www.reefshops.com\/pt-br\/wp-json\/wp\/v2\/product\/36792","targetHints":{"allow":["GET"]}}],"collection":[{"href":"https:\/\/www.reefshops.com\/pt-br\/wp-json\/wp\/v2\/product"}],"about":[{"href":"https:\/\/www.reefshops.com\/pt-br\/wp-json\/wp\/v2\/types\/product"}],"replies":[{"embeddable":true,"href":"https:\/\/www.reefshops.com\/pt-br\/wp-json\/wp\/v2\/comments?post=36792"}],"wp:featuredmedia":[{"embeddable":true,"href":"https:\/\/www.reefshops.com\/pt-br\/wp-json\/wp\/v2\/media\/5591"}],"wp:attachment":[{"href":"https:\/\/www.reefshops.com\/pt-br\/wp-json\/wp\/v2\/media?parent=36792"}],"wp:term":[{"taxonomy":"product_brand","embeddable":true,"href":"https:\/\/www.reefshops.com\/pt-br\/wp-json\/wp\/v2\/product_brand?post=36792"},{"taxonomy":"product_cat","embeddable":true,"href":"https:\/\/www.reefshops.com\/pt-br\/wp-json\/wp\/v2\/product_cat?post=36792"},{"taxonomy":"product_tag","embeddable":true,"href":"https:\/\/www.reefshops.com\/pt-br\/wp-json\/wp\/v2\/product_tag?post=36792"}],"curies":[{"name":"wp","href":"https:\/\/api.w.org\/{rel}","templated":true}]}}