{"id":36821,"date":"2016-09-25T23:28:32","date_gmt":"2016-09-25T23:28:32","guid":{"rendered":"https:\/\/www.reefshops.com\/product\/bomba-de-ar-magnetica-para-aquario-tanque-de-vibracao-8w-modelo-dc-especial-yt-8000\/"},"modified":"2025-03-16T08:44:36","modified_gmt":"2025-03-16T08:44:36","slug":"bomba-de-ar-magnetica-para-aquario-tanque-de-vibracao-8w-modelo-dc-especial-yt-8000","status":"publish","type":"product","link":"https:\/\/www.reefshops.com\/pt-br\/produto\/bomba-de-ar-magnetica-para-aquario-tanque-de-vibracao-8w-modelo-dc-especial-yt-8000\/","title":{"rendered":"Bomba de ar magn\u00e9tica para aqu\u00e1rio, tanque de vibra\u00e7\u00e3o, 8W, modelo DC especial YT-8000"},"content":{"rendered":"<div style=\"clear:both\"><\/div>\n<div style=\"font-size:13px;font-family:Arial, Helvetica, sans-serif;color:#000000;width:726px\">\n<div>\n<p style=\"text-align:center\"><\/p>\n<p data-section-blank=\"AliPostDhMb-7gv7r\">\n<\/div>\n<\/div>\n<div id=\"ali-anchor-AliPostDhMb-7gv7r\" style=\"padding-top:8px\" data-section=\"AliPostDhMb-7gv7r\" data-section-title=\"Descri\u00e7\u00e3o do produto\">\n<div id=\"ali-title-AliPostDhMb-7gv7r\" style=\"border-bottom:#ddd 1px solid;padding-bottom:8px;padding-top:8px;padding-left:0px;padding-right:0px\"><span style=\"font-weight:bold;color:#333;padding-bottom:8px;padding-top:8px;padding-left:10px;line-height:12px;padding-right:10px;background-color:#ddd\">Descri\u00e7\u00e3o do produto<\/span><\/div>\n<div style=\"padding-bottom:10px;padding-top:10px;padding-left:0px;padding-right:0px\">\n<div style=\"height:42px;width:750px\">\n<div style=\"height:42px;float:left;width:25px;background-color:#00ccff\"> <\/div>\n<div style=\"height:30px;float:right;color:#ffffff;padding-bottom:5px;padding-top:5px;padding-left:0px;padding-right:0px;width:720px;background-color:#0099ff\">\n<div style=\"font-size:24px;border-top:#ffffff 1px s\u00f3lido\">Exibi\u00e7\u00e3o do produto<\/div>\n<\/div>\n<\/div>\n<\/div>\n<\/div>\n<p><span style=\"font-size:16px\"><strong>Aquarium Magnetic Bomba de ar para tanque de vibra\u00e7\u00e3o 8W modelo DC especial YT-8000 filtros de cascalho e caixa, pedras de ar e escumadores de prote\u00ednas <\/span><\/p>\n<p><span style=\"font-size:10.5pt;font-family:arial,helvetica,sans-serif\">que usam pedras de ar cer\u00e2micas. Silencioso para operar &#8211; projetado para resistir ao teste do tempo.<\/span><\/p>\n<\/p>\n<p><span style=\"font-size:16px\"><strong>Recursos<\/strong><\/span><\/p>\n<p><span style=\"font-size:10.5pt\">1&#8211;Sistema de baixo ru\u00eddo, ar comprimido puro.<\/span><\/p>\n<p><span style=\"font-size:10.5pt\">2 &#8211; Modelo DC especial, controle de microcomputador. style=&#8221;font-size:10.5pt;&#8221;&gt;5 &#8211; Baixo consumo de energia, baixo custo.<\/span><\/p>\n<p><span style=\"font-size:10.5pt\">6&#8211;Opera\u00e7\u00e3o cont\u00ednua e longa vida \u00fatil.<\/span><\/p>\n<\/p>\n<p><span style=\"font-size:16px\"><strong>Aplica\u00e7\u00e3o<\/strong><\/span><\/p>\n<p><span style=\"font-size:10.5pt\">1&#8211;Fornece oxig\u00eanio em aqu\u00e1rios e restaurantes.<\/span><\/p>\n<p><span style=\"font-size:10.5pt\">2&#8211;Usado como acess\u00f3rios necess\u00e1rios para descongeladores de alimentos, liquidificadores e lavadoras de peixes.<\/span><\/p>\n<p><span style=\"font-size:10.5pt\">3&#8211;Usado para banho tubo.<\/span><\/p>\n<p data-section-blank=\"AliPostDhMb-7gv7r\"><span style=\"font-size:10.5pt\">4 &#8211; Ser usado para pe\u00e7as sobressalentes de fornecimento de ar de instrumentos m\u00e9dicos e novos equipamentos de g\u00e1s liquefeito.<\/span><\/p>\n<p data-section-blank=\"AliPostDhMb-7gv7r\"><span style=\"font-size:10.5pt\"><span style=\"background-color:#808080\"><strong><span style=\"font-size:14pt;font-family:'Times New Roman','serif';color:black\"><img loading=\"lazy\" decoding=\"async\" alt=\"Bomba de ar para tanque de vibra\u00e7\u00e3o magn\u00e9tica de aqu\u00e1rio 8W DC especial modelo YT-8000\" src=\"http:\/\/localhost\/media\/import\/detail\/695615350_591.jpg\" width=\"790\" height=\"217\"><\/span><\/strong><\/span><\/span><\/p>\n<p data-section-blank=\"AliPostDhMb-7gv7r\">\n<p align=\"left\"><span style=\"background-color:#808080\"><strong><span style=\"font-size:14pt;font-family:'Times New Roman','serif';color:black\"><img loading=\"lazy\" decoding=\"async\" alt=\"Bomba de ar para tanque de vibra\u00e7\u00e3o magn\u00e9tica de aqu\u00e1rio 8W especial DC modelo YT-8000\" src=\"http:\/\/localhost\/media\/import\/detail\/703733677_204.jpg\" width=\"572\" height=\"328\"><\/span><\/strong><\/span><\/p>\n<p align=\"left\"><span style=\"background-color:#808080\"><strong><span style=\"font-size:14pt;font-family:'Times New Roman','serif';color:black\"><img decoding=\"async\" alt=\"01.jpg\" src=\"http:\/\/localhost\/media\/import\/detail\/HTB13iTqGpXXXXXrXXXXq6xXFXXXP.jpg\"><\/span><\/strong><\/span><\/p>\n<p style=\"text-align:center\" align=\"left\"><span style=\"color:#000000;background-color:#ffffff\"><span style=\"font-size:14pt;font-family:'Times New Roman','serif'\">&#8212;&#8212;&#8212;&#8212;&#8212;&#8212;&#8212;&#8212;&#8212;&#8212;&#8212;&#8212;&#8212;&#8212;&#8212;&#8212;&#8212;&#8212;&#8212;&#8212;&#8212;&#8212;&#8212;&#8212;&#8212;&#8212;&#8212;&#8212;&#8212;&#8212;&#8212;&#8212;&#8212;&#8212;&#8212;&#8212;&#8212;&#8212;<\/span><\/span><\/p>\n<p style=\"text-align:center\"><span style=\"color:#000000;background-color:#ffffff\"><span style=\"font-size:14pt;font-family:'Times New Roman','serif'\"><img decoding=\"async\" alt=\"02.jpg\" src=\"http:\/\/localhost\/media\/import\/detail\/HTB1wTW4GpXXXXaDXFXXq6xXFXXX0.jpg\"><\/span><\/span><\/p>\n<p style=\"text-align:center\" align=\"left\"><span style=\"color:#000000;background-color:#ffffff\"><span style=\"font-size:14pt;font-family:'Times New Roman','serif'\"><span style=\"color:#000000;background-color:#ffffff\"><span style=\"font-size:14pt;font-family:'Times New Roman','serif'\">&#8212;&#8212;&#8212;&#8212;&#8212;&#8212;&#8212;&#8212;&#8212;&#8212;&#8212;&#8212;&#8212;&#8212;&#8212;&#8212;&#8212;&#8212;&#8212;&#8212;&#8212;&#8212;&#8212;&#8212;&#8212;&#8212;&#8212;&#8212;&#8212;&#8212;&#8212;&#8212;&#8212;&#8212;&#8212;&#8212;&#8212;-<\/span><\/span><\/span><\/span><\/p>\n<p style=\"text-align:center\"><span style=\"color:#000000;background-color:#ffffff\"><span style=\"font-size:14pt;font-family:'Times New Roman','serif'\"><img decoding=\"async\" alt=\"03.jpg\" src=\"http:\/\/localhost\/media\/import\/detail\/HTB1DZiYGpXXXXcSXFXXq6xXFXXXb.jpg\"><\/span><\/span><\/p>\n<p style=\"text-align:center\" align=\"left\"><span style=\"color:#000000;background-color:#ffffff\"><span style=\"font-size:14pt;font-family:'Times New Roman','serif'\"><span style=\"color:#000000;background-color:#ffffff\"><span style=\"font-size:14pt;font-family:'Times New Roman','serif'\"><span style=\"color:#000000;background-color:#ffffff\"><span style=\"font-size:14pt;font-family:'Times New Roman','serif'\">&#8212;&#8212;&#8212;&#8212;&#8212;&#8212;&#8212;&#8212;&#8212;&#8212;&#8212;&#8212;&#8212;&#8212;&#8212;&#8212;&#8212;&#8212;&#8212;&#8212;&#8212;&#8212;&#8212;&#8212;&#8212;&#8212;&#8212;&#8212;&#8212;&#8212;&#8212;&#8212;&#8212;&#8212;&#8212;&#8212;&#8212;-<\/span><\/span><\/span><\/span><\/span><\/span><\/p>\n<p style=\"text-align:center\"><span style=\"color:#000000;background-color:#ffffff\"><span style=\"font-size:14pt;font-family:'Times New Roman','serif'\"><img decoding=\"async\" alt=\"04.jpg\" src=\"http:\/\/localhost\/media\/import\/detail\/HTB1PGHgGpXXXXbhXpXXq6xXFXXX1.jpg\"><\/span><\/span><\/p>\n<div id=\"ali-anchor-AliPostDhMb-enp0h\" style=\"padding-top:8px\" data-section=\"AliPostDhMb-enp0h\" data-section-title=\"Informa\u00e7\u00f5es da empresa\">\n<div style=\"clear:both\"><\/div>\n<p><strong><span style=\"background-color:#dddddd;color:#333333;font-size:medium\"><\/span><\/strong><\/div>\n","protected":false},"excerpt":{"rendered":"<p>Bomba de ar magn\u00e9tica para aqu\u00e1rio, tanque de vibra\u00e7\u00e3o, 8W, modelo DC especial YT-8000<\/p>\n","protected":false},"featured_media":5649,"comment_status":"open","ping_status":"closed","template":"","meta":[],"product_brand":[],"product_cat":[1376],"product_tag":[],"class_list":{"0":"post-36821","1":"product","2":"type-product","3":"status-publish","4":"has-post-thumbnail","6":"product_cat-bombas-de-ar-e-suprimentos","8":"first","9":"instock","10":"shipping-taxable","11":"purchasable","12":"product-type-simple","13":"add-to-wishlist-after_add_to_cart"},"jetpack_sharing_enabled":true,"_links":{"self":[{"href":"https:\/\/www.reefshops.com\/pt-br\/wp-json\/wp\/v2\/product\/36821","targetHints":{"allow":["GET"]}}],"collection":[{"href":"https:\/\/www.reefshops.com\/pt-br\/wp-json\/wp\/v2\/product"}],"about":[{"href":"https:\/\/www.reefshops.com\/pt-br\/wp-json\/wp\/v2\/types\/product"}],"replies":[{"embeddable":true,"href":"https:\/\/www.reefshops.com\/pt-br\/wp-json\/wp\/v2\/comments?post=36821"}],"wp:featuredmedia":[{"embeddable":true,"href":"https:\/\/www.reefshops.com\/pt-br\/wp-json\/wp\/v2\/media\/5649"}],"wp:attachment":[{"href":"https:\/\/www.reefshops.com\/pt-br\/wp-json\/wp\/v2\/media?parent=36821"}],"wp:term":[{"taxonomy":"product_brand","embeddable":true,"href":"https:\/\/www.reefshops.com\/pt-br\/wp-json\/wp\/v2\/product_brand?post=36821"},{"taxonomy":"product_cat","embeddable":true,"href":"https:\/\/www.reefshops.com\/pt-br\/wp-json\/wp\/v2\/product_cat?post=36821"},{"taxonomy":"product_tag","embeddable":true,"href":"https:\/\/www.reefshops.com\/pt-br\/wp-json\/wp\/v2\/product_tag?post=36821"}],"curies":[{"name":"wp","href":"https:\/\/api.w.org\/{rel}","templated":true}]}}