{"id":36822,"date":"2016-09-25T23:28:32","date_gmt":"2016-09-25T23:28:32","guid":{"rendered":"https:\/\/www.reefshops.com\/product\/sunsun-385w-poderoso-aquario-bomba-de-ar-magnetica-eletrica-compressor-de-ar-aco-818\/"},"modified":"2025-03-16T08:44:36","modified_gmt":"2025-03-16T08:44:36","slug":"sunsun-385w-poderoso-aquario-bomba-de-ar-magnetica-eletrica-compressor-de-ar-aco-818","status":"publish","type":"product","link":"https:\/\/www.reefshops.com\/pt-br\/produto\/sunsun-385w-poderoso-aquario-bomba-de-ar-magnetica-eletrica-compressor-de-ar-aco-818\/","title":{"rendered":"SUNSUN 385W Poderoso Aqu\u00e1rio Bomba de Ar Magn\u00e9tica El\u00e9trica Compressor de Ar ACO-818"},"content":{"rendered":"<div style=\"clear:both\"><\/div>\n<div style=\"font-size:13px;font-family:Arial, Helvetica, sans-serif;color:#000000;width:726px\">\n<div>\n<p><span style=\"font-size:18pt;color:#000000\"><strong>SUNSUN 385W poderoso aqu\u00e1rio el\u00e9trico magn\u00e9tico bomba de ar compressor de ar <\/strong><\/span><\/p>\n<\/p>\n<p><strong><span style=\"font-size:16px\">CARACTER\u00cdSTICAS: <\/span><\/strong><\/p>\n<p><span style=\"font-family:'Arial'\">1. O produto adota motor magn\u00e9tico el\u00e9trico e o ar \u00e9 produzido pelo pist\u00e3o no <\/span><\/p>\n<p style=\"text-align:left\"><span style=\"font-family:'Arial'\">modo de movimento rec\u00edproco e em linha reta, e tem uma estrutura mais razo\u00e1vel. <\/span><\/p>\n<p><span style=\"font-family:'Arial'\">2. Lubrifica\u00e7\u00e3o sem \u00f3leo e ar comprimido puro. <\/span><\/p>\n<p><span style=\"font-family:'Arial'\">3. Adote o novo tipo de material resistente ao desgaste SF1 para o pist\u00e3o e o cilindro, que \u00e9 <\/span><\/p>\n<p><span style=\"font-family:'Arial'\">de baixo consumo de energia, grande sa\u00edda de ar e alta press\u00e3o de ar. <\/span><\/p>\n<p><span style=\"font-family:'Arial'\">4. A caixa \u00e9 feita de liga de alum\u00ednio ZL 102 de alta qualidade com design simplificado e <\/span><\/p>\n<p style=\"text-align:left\"><span style=\"font-family:'Arial'\">a dissipa\u00e7\u00e3o de calor \u00e9 mais eficaz. <\/span><\/p>\n<p><span style=\"font-family:'Arial'\">5. Disposi\u00e7\u00e3o fosforizante, colora\u00e7\u00e3o regular e poder adesivo. <\/span><\/p>\n<\/p>\n<p><span style=\"font-size:16px\"><strong>PAR\u00c2METROS: <\/strong><\/span><\/p>\n<table class=\"aliDataTable\" style=\"height:262px;width:701px\" border=\"4\">\n<tbody>\n<tr>\n<td style=\"text-align:center\">Modelo<\/td>\n<td style=\"text-align:center\">Tens\u00e3o<\/td>\n<td style=\"text-align:center\">Pot\u00eancia<\/td>\n<td style=\"text-align:center\">Press\u00e3o<\/td>\n<td style=\"text-align:center\">Sa\u00edda<\/td>\n<td style=\"text-align:center\">Peso<\/td>\n<td style=\"text-align:center\">Dimens\u00f5es<\/td>\n<\/tr>\n<tr>\n<td style=\"text-align:center\">ACO-001<\/td>\n<td style=\"text-align:center\">220V\/50Hz<\/td>\n<td style=\"text-align:center\">20W<\/td>\n<td style=\"text-align:center\">0,016MPa<\/td>\n<td style=\"text-align:center\">20L\/min<\/td>\n<td style=\"text-align:center\">1kg<\/td>\n<td style=\"text-align:center\">156*82*104mm<\/td>\n<\/tr>\n<tr>\n<td style=\"text-align:center\">ACO-002<\/td>\n<td style=\"text-align:center\">220V\/50Hz<\/td>\n<td style=\"text-align:center\">35W<\/td>\n<td style=\"text-align:center\">0,03MPa<\/td>\n<td style=\"text-align:center\">40L\/min<\/td>\n<td style=\"text-align:center\">1,2kg<\/td>\n<td style=\"text-align:center\">161*94*112mm<\/td>\n<\/tr>\n<tr>\n<td style=\"text-align:center\">ACO-003<\/td>\n<td style=\"text-align:center\">220V\/50Hz<\/td>\n<td style=\"text-align:center\">45W<\/td>\n<td style=\"text-align:center\">0,03MPa<\/td>\n<td style=\"text-align:center\">50L\/min<\/td>\n<td style=\"text-align:center\">1,6kg<\/td>\n<td style=\"text-align:center\">181*94*118mm<\/td>\n<\/tr>\n<tr>\n<td style=\"text-align:center\">ACO-004<\/td>\n<td style=\"text-align:center\">220V\/50Hz<\/td>\n<td style=\"text-align:center\">55W<\/td>\n<td style=\"text-align:center\">0,035MPa<\/td>\n<td style=\"text-align:center\">60L\/min<\/td>\n<td style=\"text-align:center\">2,4kg<\/td>\n<td style=\"text-align:center\">198*99*132mm<\/td>\n<\/tr>\n<tr>\n<td style=\"text-align:center\">ACO-005<\/td>\n<td style=\"text-align:center\">220V\/50Hz<\/td>\n<td style=\"text-align:center\">80W<\/td>\n<td style=\"text-align:center\">0,035MPa<\/td>\n<td style=\"text-align:center\">70L\/min<\/td>\n<td style=\"text-align:center\">2,8kg<\/td>\n<td style=\"text-align:center\">212*99*132mm<\/td>\n<\/tr>\n<tr>\n<td style=\"text-align:center\">ACO-006<\/td>\n<td style=\"text-align:center\">220V\/50Hz<\/td>\n<td style=\"text-align:center\">105W<\/td>\n<td style=\"text-align:center\">0,04MPa<\/td>\n<td style=\"text-align:center\">85 L\/min<\/td>\n<td style=\"text-align:center\">3,3kg<\/td>\n<td style=\"text-align:center\">223*101*152mm<\/td>\n<\/tr>\n<tr>\n<td style=\"text-align:center\">ACO-007<\/td>\n<td style=\"text-align:center\">220V\/50Hz<\/td>\n<td style=\"text-align:center\">120W<\/td>\n<td style=\"text-align:center\">0,04MPa<\/td>\n<td style=\"text-align:center\">90L\/min<\/td>\n<td style=\"text-align:center\">3,8kg<\/td>\n<td style=\"text-align:center\">248*101*152mm<\/td>\n<\/tr>\n<tr>\n<td style=\"text-align:center\">ACO-008<\/td>\n<td style=\"text-align:center\">220V\/50Hz<\/td>\n<td style=\"text-align:center\">138W<\/td>\n<td style=\"text-align:center\">0,04Mpa<\/td>\n<td style=\"text-align:center\">100L\/min<\/td>\n<td style=\"text-align:center\">4,5kg<\/td>\n<td style=\"text-align:center\">259*135*167mm<\/td>\n<\/tr>\n<tr>\n<td style=\"text-align:center\">ACO-012<\/td>\n<td style=\"text-align:center\">220V\/50Hz<\/td>\n<td style=\"text-align:center\">185W<\/td>\n<td style=\"text-align:center\">0,042Mpa<\/td>\n<td style=\"text-align:center\">150L\/min<\/td>\n<td style=\"text-align:center\">4,8kg<\/td>\n<td style=\"text-align:center\">278*136*171mm<\/td>\n<\/tr>\n<tr>\n<td style=\"text-align:center\">ACO-818<\/td>\n<td style=\"text-align:center\">220V\/50Hz<\/td>\n<td style=\"text-align:center\">385W<\/td>\n<td style=\"text-align:center\">0,05Mpa<\/td>\n<td style=\"text-align:center\">300L\/min<\/td>\n<td style=\"text-align:center\">6,5kg<\/td>\n<td style=\"text-align:center\">305*155*188mm<\/td>\n<\/tr>\n<tr>\n<td style=\"text-align:center\">ACO-016<\/td>\n<td style=\"text-align:center\">220V\/50Hz<\/td>\n<td style=\"text-align:center\">520W<\/td>\n<td style=\"text-align:center\">0,05Mpa<\/td>\n<td style=\"text-align:center\">450L\/min<\/td>\n<td style=\"text-align:center\">8,8kg<\/td>\n<td style=\"text-align:center\">340*170*202mm<\/td>\n<\/tr>\n<\/tbody>\n<\/table>\n<p data-section-blank=\"AliPostDhMb-xlv1e\">\n<\/div>\n<\/div>\n<div id=\"ali-anchor-AliPostDhMb-xlv1e\" style=\"padding-top:8px\" data-section=\"AliPostDhMb-xlv1e\" data-section-title=\"Descri\u00e7\u00e3o do produto\">\n<div id=\"ali-title-AliPostDhMb-xlv1e\" style=\"border-bottom:#ddd 1px solid;padding-bottom:8px;padding-top:8px;padding-left:0px;padding-right:0px\"><span style=\"font-weight:bold;color:#333;padding-bottom:8px;padding-top:8px;padding-left:10px;line-height:12px;padding-right:10px;background-color:#ddd\">Descri\u00e7\u00e3o do produto<\/span><\/div>\n<div style=\"padding-bottom:10px;padding-top:10px;padding-left:0px;padding-right:0px\">\n<div style=\"height:42px;width:750px\">\n<div style=\"height:42px;float:left;width:25px;background-color:#00ccff\"> <\/div>\n<div style=\"height:30px;float:right;color:#ffffff;padding-bottom:5px;padding-top:5px;padding-left:0px;padding-right:0px;width:720px;background-color:#0099ff\">\n<div style=\"font-size:24px;border-top:#ffffff 1px s\u00f3lido\">Exibi\u00e7\u00e3o do produto<\/div>\n<\/div>\n<\/div>\n<\/div>\n<\/div>\n<p data-section-blank=\"AliPostDhMb-xlv1e\">\n<p><img decoding=\"async\" alt=\".jpg\" src=\"http:\/\/localhost\/media\/import\/detail\/HTB1p1ttGpXXXXczaXXXq6xXFXXX3.jpg\"><\/p>\n<p><span style=\"font-size:14px\"><strong><span style=\"color:#00ffff;background-color:#333333\"><span style=\"font-family:'Arial'\"><img decoding=\"async\" alt=\"01 (4).jpg\" src=\"http:\/\/localhost\/media\/import\/detail\/HTB1LSDxGXXXXXafaXXXq6xXFXXXm.jpg\"><\/span><\/span><\/strong><\/span><\/p>\n<p><img decoding=\"async\" alt=\"01 (1).jpg\" src=\"http:\/\/localhost\/media\/import\/detail\/HTB1746JGXXXXXbpXVXXq6xXFXXXK.jpg\"><\/p>\n<p><img decoding=\"async\" alt=\"01 (2).jpg\" src=\"http:\/\/localhost\/media\/import\/detail\/HTB1zQLuGXXXXXbHaXXXq6xXFXXX0.jpg\"><\/p>\n<p>&lt;img alt=&quot;01 (3) <\/p>\n<p><img decoding=\"async\" alt=\"01 (2).jpg\" src=\"http:\/\/localhost\/media\/import\/detail\/HTB1ZbLJGXXXXXX7aXXXq6xXFXXXz.jpg\"><\/p>\n<p><img decoding=\"async\" alt=\"01 (3).jpg\" src=\"http:\/\/localhost\/media\/import\/detail\/HTB1bbbzGXXXXXX1aXXXq6xXFXXXB.jpg\"><\/p>\n<p><img decoding=\"async\" alt=\"01 (4).jpg\" src=\"http:\/\/localhost\/media\/import\/detail\/HTB16EERGXXXXXXkapXXq6xXFXXXV.jpg\"><\/p>\n<p><img decoding=\"async\" alt=\"01 (6).jpg\" src=\"http:\/\/localhost\/media\/import\/detail\/HTB15lbIGXXXXXcaXVXXq6xXFXXXD.jpg\"><\/p>\n<p><img decoding=\"async\" alt=\"01 (5).jpg\" src=\"http:\/\/localhost\/media\/import\/detail\/HTB156TzGXXXXXbrXVXXq6xXFXXX3.jpg\"><\/p>\n<\/p>\n<p><span style=\"font-size:14px\"><strong><span style=\"color:#00ffff;background-color:#333333\"><span style=\"font-family:'Arial'\">Aplica\u00e7\u00e3o <\/span><span style=\"font-family:'Arial'\"> dos Mini Compressores de Ar SUNSUN <\/span><\/span><\/strong><\/span><\/p>\n<p><span style=\"font-size:14px\">\u00c9 usado para plantar plantas de aqu\u00e1rio, arejar frutos do mar em hot\u00e9is, restaurantes, barracas de frutos do mar, <\/span><\/p>\n<p><span style=\"font-size:14px\">e piscina de alimenta\u00e7\u00e3o, etc., tamb\u00e9m \u00e9 usado para fornecimento de ar para pe\u00e7as sobressalentes de m\u00e1quinas de alimentos, instrumentos m\u00e9dicos, <\/span><\/p>\n<p><span style=\"font-size:14px\">l\u00e2mpada de arroto e novo tipo de tinta, fazendo e projetando publicidade de GLP e GNL etc. <\/span><\/p>\n<p><strong><span style=\"font-size:14px;color:#00ffff;background-color:#333333\">Notas <\/span><br \/><\/strong><\/p>\n<p><span style=\"font-size:14px\">coloque a m\u00e1quina acima do n\u00edvel da \u00e1gua para proteger a \u00e1gua de seguir para tr\u00e1s, ou deve ser <\/span><\/p>\n<p><span style=\"font-size:14px\">adequado com v\u00e1lvula anti-retorno. <\/span><\/p>\n<div id=\"ali-anchor-AliPostDhMb-rhdpl\" style=\"padding-top:8px\" data-section=\"AliPostDhMb-rhdpl\" data-section-title=\"Informa\u00e7\u00f5es da empresa\">\n<div id=\"ali-title-AliPostDhMb-rhdpl\" style=\"border-bottom:#ddd 1px solid;padding-bottom:8px;padding-top:8px;padding-left:0px;padding-right:0px\"> <\/div>\n<\/div>\n<div style=\"clear:both\"><\/div>\n","protected":false},"excerpt":{"rendered":"<p>SUNSUN 385W Poderoso Aqu\u00e1rio Bomba de Ar Magn\u00e9tica El\u00e9trica Compressor de Ar ACO-818<\/p>\n","protected":false},"featured_media":5651,"comment_status":"open","ping_status":"closed","template":"","meta":[],"product_brand":[],"product_cat":[1376],"product_tag":[],"class_list":{"0":"post-36822","1":"product","2":"type-product","3":"status-publish","4":"has-post-thumbnail","6":"product_cat-bombas-de-ar-e-suprimentos","8":"first","9":"instock","10":"shipping-taxable","11":"purchasable","12":"product-type-simple","13":"add-to-wishlist-after_add_to_cart"},"jetpack_sharing_enabled":true,"_links":{"self":[{"href":"https:\/\/www.reefshops.com\/pt-br\/wp-json\/wp\/v2\/product\/36822","targetHints":{"allow":["GET"]}}],"collection":[{"href":"https:\/\/www.reefshops.com\/pt-br\/wp-json\/wp\/v2\/product"}],"about":[{"href":"https:\/\/www.reefshops.com\/pt-br\/wp-json\/wp\/v2\/types\/product"}],"replies":[{"embeddable":true,"href":"https:\/\/www.reefshops.com\/pt-br\/wp-json\/wp\/v2\/comments?post=36822"}],"wp:featuredmedia":[{"embeddable":true,"href":"https:\/\/www.reefshops.com\/pt-br\/wp-json\/wp\/v2\/media\/5651"}],"wp:attachment":[{"href":"https:\/\/www.reefshops.com\/pt-br\/wp-json\/wp\/v2\/media?parent=36822"}],"wp:term":[{"taxonomy":"product_brand","embeddable":true,"href":"https:\/\/www.reefshops.com\/pt-br\/wp-json\/wp\/v2\/product_brand?post=36822"},{"taxonomy":"product_cat","embeddable":true,"href":"https:\/\/www.reefshops.com\/pt-br\/wp-json\/wp\/v2\/product_cat?post=36822"},{"taxonomy":"product_tag","embeddable":true,"href":"https:\/\/www.reefshops.com\/pt-br\/wp-json\/wp\/v2\/product_tag?post=36822"}],"curies":[{"name":"wp","href":"https:\/\/api.w.org\/{rel}","templated":true}]}}