{"id":36823,"date":"2016-09-25T23:28:32","date_gmt":"2016-09-25T23:28:32","guid":{"rendered":"https:\/\/www.reefshops.com\/product\/bomba-de-ar-super-silenciosa-para-aquario-de-aquario-de-25-w-com-2-saidas-hp-200\/"},"modified":"2025-03-16T08:44:36","modified_gmt":"2025-03-16T08:44:36","slug":"bomba-de-ar-super-silenciosa-para-aquario-de-aquario-de-25-w-com-2-saidas-hp-200","status":"publish","type":"product","link":"https:\/\/www.reefshops.com\/pt-br\/produto\/bomba-de-ar-super-silenciosa-para-aquario-de-aquario-de-25-w-com-2-saidas-hp-200\/","title":{"rendered":"Bomba de ar super silenciosa para aqu\u00e1rio de aqu\u00e1rio de 2,5 W com 2 sa\u00eddas HP-200"},"content":{"rendered":"<div style=\"clear:both\"><\/div>\n<p><span style=\"font-size:18px\"><em><strong><span style=\"font-size:24px;color:#ff0000\">Bomba de ar super silenciosa HP-200 para aqu\u00e1rio de aqu\u00e1rio de 2,5 W com 2 sa\u00eddas<\/span> <\/strong><\/em><\/span> <\/p>\n<\/p>\n<div id=\"ali-anchor-AliPostDhMb-44qxr\" style=\"padding-top:8px\" data-section=\"AliPostDhMb-44qxr\" data-section-title=\"Descri\u00e7\u00e3o do produto\">\n<div id=\"ali-title-AliPostDhMb-44qxr\" style=\"border-bottom:#ddd 1px solid;padding-bottom:8px;padding-top:8px;padding-left:0px;padding-right:0px\"><span style=\"font-weight:bold;color:#333;padding-bottom:8px;padding-top:8px;padding-left:10px;line-height:12px;padding-right:10px;background-color:#ddd\">Descri\u00e7\u00e3o do produto<\/span><\/div>\n<div style=\"padding-bottom:10px;padding-top:10px;padding-left:0px;padding-right:0px\">\n<\/div>\n<\/div>\n<p><strong>Especifica\u00e7\u00f5es:<\/strong><\/p>\n<p><strong>1. Sistema de baixo ru\u00eddo;<\/strong><\/p>\n<p><strong>2. Ar comprimido puro;<\/strong><\/p>\n<p><strong>3. Alta efici\u00eancia e produ\u00e7\u00e3o extraordin\u00e1ria;<\/strong><\/p>\n<p><strong>4. Baixo consumo de energia, baixo custo;<\/strong><\/p>\n<p><strong>5. Opera\u00e7\u00e3o cont\u00ednua e longa vida \u00fatil.<\/strong><\/p>\n<p><strong><\/strong> <\/p>\n<p><span style=\"font-size:14px\"><strong><span style=\"background-color:#ffff00\"> Bombas de ar super silenciosas para aqu\u00e1rios<\/span><\/strong><\/span><\/p>\n<table class=\"aliDataTable\" style=\"width:80%\" border=\"4\">\n<tbody>\n<tr>\n<td><span style=\"font-size:14px\">Modelo<\/span><\/td>\n<td><span style=\"font-size:14px\">Tens\u00e3o<\/span><\/td>\n<td><span style=\"font-size:14px\">Pot\u00eancia<\/span><\/td>\n<td><span style=\"font-size:14px\">Press\u00e3o<\/span><\/td>\n<td><span style=\"font-size:14px\">Sa\u00edda<\/span><\/td>\n<td><span style=\"font-size:14px\">Peso<\/span><\/td>\n<td><span style=\"font-size:14px\">Dimens\u00f5es<\/span><\/td>\n<\/tr>\n<tr>\n<td><span style=\"font-size:14px\">HP-100<\/span><\/td>\n<td><span style=\"font-size:14px\">220V\/50Hz<\/span><\/td>\n<td><span style=\"font-size:14px\">2,5W<\/span><\/td>\n<td><span style=\"font-size:14px\">0,01MPa<\/span><\/td>\n<td><span style=\"font-size:14px\">1,5L\/min<\/span><\/td>\n<td><span style=\"font-size:14px\">0,2kg<\/span><\/td>\n<td><span style=\"font-size:14px\">105*70*55mm<\/span><\/td>\n<\/tr>\n<tr>\n<td><span style=\"font-size:14px\">HP-200<\/span><\/td>\n<td><span style=\"font-size:14px\">220V\/50Hz<\/span><\/td>\n<td><span style=\"font-size:14px\">2,5W<\/span><\/td>\n<td><span style=\"font-size:14px\">0,01MPa<\/span><\/td>\n<td><span style=\"font-size:14px\">1,8L\/min<\/span><\/td>\n<td><span style=\"font-size:14px\">0,25kg<\/span><\/td>\n<td><span style=\"font-size:14px\">135*70*55mm<\/span><\/td>\n<\/tr>\n<tr>\n<td><span style=\"font-size:14px\">HP-400<\/span><\/td>\n<td><span style=\"font-size:14px\">220V\/50Hz<\/span><\/td>\n<td><span style=\"font-size:14px\">4W<\/span><\/td>\n<td><span style=\"font-size:14px\">0,01MPa<\/span><\/td>\n<td><span style=\"font-size:14px\">3,5L\/min<\/span><\/td>\n<td><span style=\"font-size:14px\">0,37kg<\/span><\/td>\n<td><span style=\"font-size:14px\">105*70*55mm<\/span><\/td>\n<\/tr>\n<tr>\n<td><span style=\"font-size:14px\">HP-1116<\/span><\/td>\n<td><span style=\"font-size:14px\">220V\/50Hz<\/span><\/td>\n<td><span style=\"font-size:14px\">13W<\/span><\/td>\n<td><span style=\"font-size:14px\">0,015MPa<\/span><\/td>\n<td><span style=\"font-size:14px\">2*1,5L\/min<\/span><\/td>\n<td><span style=\"font-size:14px\">1,2kg<\/span><\/td>\n<td><span style=\"font-size:14px\">135*70*55mm<\/span><\/td>\n<\/tr>\n<tr>\n<td><span style=\"font-size:14px\">HJD-330<\/span><\/td>\n<td><span style=\"font-size:14px\">220VAC\/50Hz<\/span><\/td>\n<td><span style=\"font-size:14px\">30W<\/span><\/td>\n<td><span style=\"font-size:14px\">25KPa<\/span><\/td>\n<td><span style=\"font-size:14px\">2m<sup>3 por hora<\/sup><\/span><\/td>\n<td><span style=\"font-size:14px\">2,8kg<\/span><\/td>\n<td><span style=\"font-size:14px\">202*186*211mm<\/span><\/td>\n<\/tr>\n<\/tbody>\n<\/table>\n<table class=\"aliDataTable\" style=\"width:80%\" border=\"4\">\n<tbody>\n<tr>\n<td><span style=\"font-size:14px\">Modelo<\/span><\/td>\n<td><span style=\"font-size:14px\">Tens\u00e3o<\/span><\/td>\n<td><span style=\"font-size:14px\">Pot\u00eancia<\/span><\/td>\n<td><span style=\"font-size:14px\">Press\u00e3o<\/span><\/td>\n<td><span style=\"font-size:14px\">Sa\u00edda<\/span><\/td>\n<td><span style=\"font-size:14px\">Peso<\/span><\/td>\n<td><span style=\"font-size:14px\">Dimens\u00f5es<\/span><\/td>\n<\/tr>\n<tr>\n<td><span style=\"font-size:14px\">YT-301<\/span><\/td>\n<td><span style=\"font-size:14px\">220V\/50Hz<\/span><\/td>\n<td><span style=\"font-size:14px\">2,5W<\/span><\/td>\n<td><span style=\"font-size:14px\">0,012MPa<\/span><\/td>\n<td><span style=\"font-size:14px\">1,5L\/min<\/span><\/td>\n<td><span style=\"font-size:14px\">0,27kg<\/span><\/td>\n<td><span style=\"font-size:14px\">105*70*55mm<\/span><\/td>\n<\/tr>\n<tr>\n<td><span style=\"font-size:14px\">YT-301C<\/span><\/td>\n<td><span style=\"font-size:14px\">220V\/50Hz<\/span><\/td>\n<td><span style=\"font-size:14px\">3W<\/span><\/td>\n<td><span style=\"font-size:14px\">0,012MPa<\/span><\/td>\n<td><span style=\"font-size:14px\">1,5L\/min<\/span><\/td>\n<td><span style=\"font-size:14px\">0,29kg<\/span><\/td>\n<td><span style=\"font-size:14px\">135*70*55mm<\/span><\/td>\n<\/tr>\n<tr>\n<td><span style=\"font-size:14px\">YT-302<\/span><\/td>\n<td><span style=\"font-size:14px\">220V\/50Hz<\/span><\/td>\n<td><span style=\"font-size:14px\">2,5W<\/span><\/td>\n<td><span style=\"font-size:14px\">0,015MPa<\/span><\/td>\n<td><span style=\"font-size:14px\">2*1,5L\/min<\/span><\/td>\n<td><span style=\"font-size:14px\">0,29kg<\/span><\/td>\n<td><span style=\"font-size:14px\">105*70*55mm<\/span><\/td>\n<\/tr>\n<tr>\n<td><span style=\"font-size:14px\">YT-302C<\/span><\/td>\n<td><span style=\"font-size:14px\">220V\/50Hz<\/span><\/td>\n<td><span style=\"font-size:14px\">3W<\/span><\/td>\n<td><span style=\"font-size:14px\">0,015MPa<\/span><\/td>\n<td><span style=\"font-size:14px\">2*1,5L\/min<\/span><\/td>\n<td><span style=\"font-size:14px\">0,31kg<\/span><\/td>\n<td><span style=\"font-size:14px\">135*70*55mm<\/span><\/td>\n<\/tr>\n<tr>\n<td><span style=\"font-size:14px\">YT-304<\/span><\/td>\n<td><span style=\"font-size:14px\">220V\/50Hz<\/span><\/td>\n<td><span style=\"font-size:14px\">8,5W<\/span><\/td>\n<td><span style=\"font-size:14px\">0,013MPa<\/span><\/td>\n<td><span style=\"font-size:14px\">4*4,5L\/min<\/span><\/td>\n<td><span style=\"font-size:14px\">0,93kg<\/span><\/td>\n<td><span style=\"font-size:14px\">198*145*96mm<\/span><\/td>\n<\/tr>\n<tr>\n<td><span style=\"font-size:14px\">YT-8000<\/span><\/td>\n<td><span style=\"font-size:14px\">220V\/50Hz<\/span><\/td>\n<td><span style=\"font-size:14px\">8W<\/span><\/td>\n<td><span style=\"font-size:14px\">0,015MPa<\/span><\/td>\n<td><span style=\"font-size:14px\">4L\/min<\/span><\/td>\n<td><span style=\"font-size:14px\">2,0kg<\/span><\/td>\n<td><span style=\"font-size:14px\">230*153*75mm<\/span><\/td>\n<\/tr>\n<\/tbody>\n<\/table>\n<p><span style=\"font-size:14px\"><strong><span style=\"background-color:#ffff00\"> Mostram bombas de ar de aqu\u00e1rio super silenciosas<\/span><\/strong><\/span><\/p>\n<p><span style=\"font-size:14px\"><strong><span style=\"background-color:#ffff00\"><img decoding=\"async\" alt=\"2-outlet 2.5W Fish Tank Aquarium Bomba de ar super silenciosa HP-200\" src=\"http:\/\/localhost\/media\/import\/detail\/541944960_441.jpg\"><\/span><\/strong><\/span><\/p>\n<p><span style=\"font-size:14px\"><strong><span style=\"background-color:#ffff00\"><img loading=\"lazy\" decoding=\"async\" alt=\"2-outlet 2.5W Fish Tank Aquarium Bomba de ar super silenciosa HP-200\" src=\"http:\/\/localhost\/media\/import\/detail\/541930233_727.jpg\" width=\"600\" height=\"600\"><img loading=\"lazy\" decoding=\"async\" alt=\"2-outlet 2.5W Fish Tank Aquarium Bomba de ar super silenciosa HP-200\" src=\"http:\/\/localhost\/media\/import\/detail\/541906909_441.jpg\" width=\"600\" height=\"600\"><img loading=\"lazy\" decoding=\"async\" alt=\"2-outlet 2.5W Fish Tank Aquarium Bomba de ar super silenciosa HP-200\" src=\"http:\/\/localhost\/media\/import\/detail\/541906900_790.jpg\" width=\"600\" height=\"600\"><\/span><\/strong><\/span><\/p>\n<p><span style=\"font-size:14px\"><strong><span style=\"background-color:#ffff00\"><img decoding=\"async\" alt=\"2-outlet 2.5W Fish Tank Aquarium Bomba de ar super silenciosa HP-200\" src=\"http:\/\/localhost\/media\/import\/detail\/541946161_090.jpg\"><\/span><\/strong><\/span><\/p>\n<p><span style=\"font-size:14px\"><strong><span style=\"background-color:#ffff00\"><img decoding=\"async\" alt=\"2-outlet 2.5W Fish Tank Aquarium Bomba de ar super silenciosa HP-200\" src=\"http:\/\/localhost\/media\/import\/detail\/541946156_687.jpg\"><\/span><\/strong><\/span> <\/p>\n<\/p>\n<p><img decoding=\"async\" alt=\"2-outlet 2.5W Fish Tank Aquarium Bomba de ar super silenciosa HP-200\" src=\"http:\/\/localhost\/media\/import\/detail\/524506364_446.jpg\"><\/p>\n<p><img decoding=\"async\" alt=\"2-outlet 2.5W Fish Tank Aquarium Bomba de ar super silenciosa HP-200\" src=\"http:\/\/localhost\/media\/import\/detail\/524506365_575.jpg\"><\/p>\n<\/p>\n<p><img alt=\"Bomba\"><\/p>\n<div id=\"ali-anchor-AliPostDhMb-c4wo4\" style=\"padding-top:8px\" data-section=\"AliPostDhMb-c4wo4\" data-section-title=\"Informa\u00e7\u00f5es da empresa\"> <\/div>\n","protected":false},"excerpt":{"rendered":"<p>Bomba de ar super silenciosa para aqu\u00e1rio de aqu\u00e1rio de 2,5 W com 2 sa\u00eddas HP-200<\/p>\n","protected":false},"featured_media":5653,"comment_status":"open","ping_status":"closed","template":"","meta":[],"product_brand":[],"product_cat":[1376],"product_tag":[],"class_list":{"0":"post-36823","1":"product","2":"type-product","3":"status-publish","4":"has-post-thumbnail","6":"product_cat-bombas-de-ar-e-suprimentos","8":"first","9":"instock","10":"shipping-taxable","11":"purchasable","12":"product-type-simple","13":"add-to-wishlist-after_add_to_cart"},"jetpack_sharing_enabled":true,"_links":{"self":[{"href":"https:\/\/www.reefshops.com\/pt-br\/wp-json\/wp\/v2\/product\/36823","targetHints":{"allow":["GET"]}}],"collection":[{"href":"https:\/\/www.reefshops.com\/pt-br\/wp-json\/wp\/v2\/product"}],"about":[{"href":"https:\/\/www.reefshops.com\/pt-br\/wp-json\/wp\/v2\/types\/product"}],"replies":[{"embeddable":true,"href":"https:\/\/www.reefshops.com\/pt-br\/wp-json\/wp\/v2\/comments?post=36823"}],"wp:featuredmedia":[{"embeddable":true,"href":"https:\/\/www.reefshops.com\/pt-br\/wp-json\/wp\/v2\/media\/5653"}],"wp:attachment":[{"href":"https:\/\/www.reefshops.com\/pt-br\/wp-json\/wp\/v2\/media?parent=36823"}],"wp:term":[{"taxonomy":"product_brand","embeddable":true,"href":"https:\/\/www.reefshops.com\/pt-br\/wp-json\/wp\/v2\/product_brand?post=36823"},{"taxonomy":"product_cat","embeddable":true,"href":"https:\/\/www.reefshops.com\/pt-br\/wp-json\/wp\/v2\/product_cat?post=36823"},{"taxonomy":"product_tag","embeddable":true,"href":"https:\/\/www.reefshops.com\/pt-br\/wp-json\/wp\/v2\/product_tag?post=36823"}],"curies":[{"name":"wp","href":"https:\/\/api.w.org\/{rel}","templated":true}]}}