{"id":36829,"date":"2016-09-25T23:28:33","date_gmt":"2016-09-25T23:28:33","guid":{"rendered":"https:\/\/www.reefshops.com\/product\/bomba-de-ar-de-oxigenio-para-tanque-de-peixes-sunsun-3l-min-yt-302c\/"},"modified":"2025-03-16T08:44:38","modified_gmt":"2025-03-16T08:44:38","slug":"bomba-de-ar-de-oxigenio-para-tanque-de-peixes-sunsun-3l-min-yt-302c","status":"publish","type":"product","link":"https:\/\/www.reefshops.com\/pt-br\/produto\/bomba-de-ar-de-oxigenio-para-tanque-de-peixes-sunsun-3l-min-yt-302c\/","title":{"rendered":"Bomba de ar de oxig\u00eanio para tanque de peixes SUNSUN 3L\/min YT-302C"},"content":{"rendered":"<div style=\"clear:both\"><\/div>\n<p><strong><span style=\"font-size:10.5pt\">Descri\u00e7\u00e3o do item <\/span><\/strong><\/p>\n<\/p>\n<p><span style=\"font-size:10.5pt;font-family:'Times New Roman'\">Esta bomba de ar \u00e9 ideal para fornecer press\u00e3o de ar sob cascalho e caixa filtros, pedras de ar e escumadores de prote\u00ednas <\/span><\/p>\n<p><span style=\"font-size:10.5pt;font-family:'Times New Roman'\">que usam pedras de ar de cer\u00e2mica. Silencioso para operar &#8211; projetado para resistir ao teste do tempo.<\/span><\/p>\n<\/p>\n<\/p>\n<p><strong><span style=\"font-size:10.5pt\">Recursos<\/span><\/strong><\/p>\n<\/p>\n<p><span style=\"font-size:10.5pt\">Sistema de baixo ru\u00eddo, ar comprimido puro.<\/span><\/p>\n<\/p>\n<p><span style=\"font-size:10.5pt\">Modelo DC especial, controle de microcomputador.<\/span><\/p>\n<\/p>\n<p><span style=\"font-size:10.5pt\">Controlador de ajuste, controle o fluxo de ar.<\/span><\/p>\n<\/p>\n<p><span style=\"font-size:10.5pt\">Alta efici\u00eancia e extraordin\u00e1rio sa\u00edda<\/span><\/p>\n<\/p>\n<p><span style=\"font-size:10.5pt\">Baixo consumo de energia, baixo custo.<\/span><\/p>\n<\/p>\n<p><span style=\"font-size:10.5pt\">Opera\u00e7\u00e3o cont\u00ednua e longa vida.<\/span><\/p>\n<\/p>\n<\/p>\n<p><strong><span style=\"font-size:10.5pt\">Aplica\u00e7\u00e3o<\/span><\/strong><\/p>\n<\/p>\n<p><span style=\"font-size:10.5pt\">Fornece oxig\u00eanio em aqu\u00e1rios e restaurantes.<\/span><\/p>\n<\/p>\n<p><span style=\"font-size:10.5pt\">Usado como acess\u00f3rios necess\u00e1rios para descongeladores de alimentos, liquidificadores e peixes arruelas.<\/span><\/p>\n<\/p>\n<p><span style=\"font-size:10.5pt\">Usadas para tubos de banho.<\/span><\/p>\n<\/p>\n<p><span style=\"font-size:10.5pt\">Ser usadas para pe\u00e7as sobressalentes de fornecimento de ar de instrumentos m\u00e9dicos e novos equipamentos de g\u00e1s liquefeito.<\/span><\/p>\n<\/p>\n<\/p>\n<p><strong><span style=\"font-size:10.5pt\">Nota<\/span><\/strong><\/p>\n<\/p>\n<p><span style=\"font-size:10.5pt\">Coloque a m\u00e1quina acima do n\u00edvel da \u00e1gua para proteger a \u00e1gua de fluir para tr\u00e1s, ou ela deve ser ajustada com um valor sem retorno.<\/span><\/p>\n<\/p>\n<p><span style=\"font-size:10.5pt\"><img decoding=\"async\" alt=\"SUNSUN 3L\/min Bomba de ar de oxig\u00eanio para tanque de peixes YT-302C\" src=\"http:\/\/localhost\/media\/import\/detail\/531307271_979.jpg\"><img decoding=\"async\" alt=\"SUNSUN 3L\/min Bomba de ar de oxig\u00eanio para tanque de peixes YT-302C\" src=\"http:\/\/localhost\/media\/import\/detail\/531307272_511.jpg\"><img loading=\"lazy\" decoding=\"async\" alt=\"SUNSUN 3L\/min Bomba de ar de oxig\u00eanio para tanque de peixes YT-302C\" src=\"http:\/\/localhost\/media\/import\/detail\/531307273_134.jpg\" width=\"773\" height=\"529\"><img loading=\"lazy\" decoding=\"async\" alt=\"SUNSUN 3L\/min Bomba de ar de oxig\u00eanio para tanque de peixes YT-302C\" src=\"http:\/\/localhost\/media\/import\/detail\/531307274_943.jpg\" width=\"789\" height=\"513\"><img decoding=\"async\" alt=\"SUNSUN 3L\/min Bomba de ar de oxig\u00eanio para tanque de peixes YT-302C\" src=\"http:\/\/localhost\/media\/import\/detail\/531307853_130.jpg\"><\/span><\/p>\n<p> <strong><span style=\"color:#800080;font-style:italic;line-height:21px\"><em><span style=\"line-height:24px;background-color:#ff0000\"><em><span style=\"line-height:24px\"><em><span style=\"line-height:24px\"><a title=\"Clique em mais produtos\" href=\"http:\/\/gzweierma.en.alibaba.com\/\"><img decoding=\"async\" alt=\"SUNSUN 3L\/min Bomba de ar de oxig\u00eanio para tanque de peixes YT-302C\" src=\"http:\/\/localhost\/media\/import\/detail\/HTB1LuVjIFXXXXcmXVXXq6xXFXXX0.jpg\"><\/a><\/span><\/em><\/span><\/em><\/span><\/em><\/span><\/strong><\/p>\n<div style=\"clear:both\"><\/div>\n<p><strong><span style=\"background-color:#dddddd;color:#333333\"><\/span><\/strong><\/p>\n","protected":false},"excerpt":{"rendered":"<p>Bomba de ar de oxig\u00eanio para tanque de peixes SUNSUN 3L\/min YT-302C<\/p>\n","protected":false},"featured_media":5665,"comment_status":"open","ping_status":"closed","template":"","meta":[],"product_brand":[],"product_cat":[1376],"product_tag":[],"class_list":{"0":"post-36829","1":"product","2":"type-product","3":"status-publish","4":"has-post-thumbnail","6":"product_cat-bombas-de-ar-e-suprimentos","8":"first","9":"instock","10":"shipping-taxable","11":"purchasable","12":"product-type-simple","13":"add-to-wishlist-after_add_to_cart"},"jetpack_sharing_enabled":true,"_links":{"self":[{"href":"https:\/\/www.reefshops.com\/pt-br\/wp-json\/wp\/v2\/product\/36829","targetHints":{"allow":["GET"]}}],"collection":[{"href":"https:\/\/www.reefshops.com\/pt-br\/wp-json\/wp\/v2\/product"}],"about":[{"href":"https:\/\/www.reefshops.com\/pt-br\/wp-json\/wp\/v2\/types\/product"}],"replies":[{"embeddable":true,"href":"https:\/\/www.reefshops.com\/pt-br\/wp-json\/wp\/v2\/comments?post=36829"}],"wp:featuredmedia":[{"embeddable":true,"href":"https:\/\/www.reefshops.com\/pt-br\/wp-json\/wp\/v2\/media\/5665"}],"wp:attachment":[{"href":"https:\/\/www.reefshops.com\/pt-br\/wp-json\/wp\/v2\/media?parent=36829"}],"wp:term":[{"taxonomy":"product_brand","embeddable":true,"href":"https:\/\/www.reefshops.com\/pt-br\/wp-json\/wp\/v2\/product_brand?post=36829"},{"taxonomy":"product_cat","embeddable":true,"href":"https:\/\/www.reefshops.com\/pt-br\/wp-json\/wp\/v2\/product_cat?post=36829"},{"taxonomy":"product_tag","embeddable":true,"href":"https:\/\/www.reefshops.com\/pt-br\/wp-json\/wp\/v2\/product_tag?post=36829"}],"curies":[{"name":"wp","href":"https:\/\/api.w.org\/{rel}","templated":true}]}}