{"id":36832,"date":"2016-09-25T23:28:33","date_gmt":"2016-09-25T23:28:33","guid":{"rendered":"https:\/\/www.reefshops.com\/product\/sunsun-12v-dc-mini-bomba-de-ar-para-agua-yt-301\/"},"modified":"2025-03-16T08:44:38","modified_gmt":"2025-03-16T08:44:38","slug":"sunsun-12v-dc-mini-bomba-de-ar-para-agua-yt-301","status":"publish","type":"product","link":"https:\/\/www.reefshops.com\/pt-br\/produto\/sunsun-12v-dc-mini-bomba-de-ar-para-agua-yt-301\/","title":{"rendered":"Sunsun 12v dc mini bomba de ar para \u00e1gua YT-301"},"content":{"rendered":"<div style=\"clear:both\"><\/div>\n<p><span style=\"font-size:18px;color:#ff0000\"><em><strong>Mini bomba de ar SUNSUN 12v dc para \u00e1gua <\/strong><\/em><\/span><\/p>\n<\/p>\n<p><span style=\"font-size:14pt\"><strong>Especifica\u00e7\u00f5es:<\/strong><\/span><\/p>\n<p>1. Sistema de baixo ru\u00eddo;<\/p>\n<p>2. Ar comprimido puro;<\/p>\n<p>3. Alta efici\u00eancia e produ\u00e7\u00e3o extraordin\u00e1ria;<\/p>\n<p>4. Baixo consumo de energia, baixo custo;<\/p>\n<p>5. Opera\u00e7\u00e3o cont\u00ednua e longa vida.<\/p>\n<\/p>\n<p><span style=\"font-size:14pt\"><strong>Aplica\u00e7\u00f5es:<\/strong><\/span><\/p>\n<p>1. Fornece oxig\u00eanio em aqu\u00e1rios e restaurantes.<\/p>\n<p>2. Use como acess\u00f3rios necess\u00e1rios para descongeladores de alimentos, liquidificadores e lavadoras de peixe;<\/p>\n<p>3. Usado para banheira;<\/p>\n<p>4. Ser usado para pe\u00e7as sobressalentes de fornecimento de ar de instrumentos m\u00e9dicos e novos equipamentos de g\u00e1s de campo l\u00edquido.<\/p>\n<p><strong><\/strong> <\/p>\n<p><span style=\"font-size:14pt\"><strong>Observa\u00e7\u00e3o:<\/strong><\/span><\/p>\n<p>Coloque a m\u00e1quina acima do n\u00edvel da \u00e1gua para proteger a \u00e1gua de fluir para tr\u00e1s, ou ela deve ser<\/p>\n<p>equipada com uma v\u00e1lvula de reten\u00e7\u00e3o.<\/p>\n<p><strong><\/strong> <\/p>\n<p><span style=\"font-size:12px\"><strong><span style=\"background-color:#ffff00\"> <span style=\"font-size:14px\">bombas de ar para aqu\u00e1rios sussurrantes para aqu\u00e1rios<\/span><\/span><\/strong><\/span><\/p>\n<table class=\"aliDataTable\" style=\"width:80%\" border=\"4\">\n<tbody>\n<tr>\n<td>Modelo<\/td>\n<td>Tens\u00e3o<\/td>\n<td>Pot\u00eancia<\/td>\n<td>Press\u00e3o<\/td>\n<td>Sa\u00edda<\/td>\n<td>Peso<\/td>\n<td>Dimens\u00f5es<\/td>\n<\/tr>\n<tr>\n<td>YT-301<\/td>\n<td>220V\/50Hz<\/td>\n<td>2,5W<\/td>\n<td>0,012MPa<\/td>\n<td>1,5L\/min<\/td>\n<td>0 ,27kg<\/td>\n<td>105*70*55mm<\/td>\n<\/tr>\n<tr>\n<td>YT-301C<\/td>\n<td>220V\/50Hz<\/td>\n<td>3W<\/td>\n<td>0,012MPa<\/td>\n<td>1,5L\/min <\/td>\n<td>0,29kg<\/td>\n<td>135*70*55mm<\/td>\n<\/tr>\n<tr>\n<td>YT-302<\/td>\n<td>220V\/50Hz<\/td>\n<td>2,5W<\/td>\n<td>0,015MPa<\/td>\n<p>2*1,5L\/min<\/td>\n<td>0,29kg<\/td>\n<td>105*70*55mm<\/td>\n<\/tr>\n<tr>\n<td>YT-302C<\/td>\n<td>220V\/50Hz<\/td>\n<td>3W<\/td>\n<td>0,0 15MPa<\/td>\n<td>2*1,5L\/min<\/td>\n<td>0,31kg<\/td>\n<td>135*70*55mm<\/td>\n<\/tr>\n<tr>\n<td>YT-304<\/td>\n<td>220V\/50Hz<\/td>\n<td>8,5 W<\/td>\n<td>0,013MPa<\/td>\n<td>4*4,5L\/min<\/td>\n<td>0,93kg<\/td>\n<td>198*145*96mm<\/td>\n<\/tr>\n<tr>\n<td>YT-8000<\/td>\n<td>220V\/5 0Hz<\/td>\n<td>8W<\/td>\n<td>0,015MPa<\/td>\n<td>4L\/min<\/td>\n<td>2,0kg<\/td>\n<td>230*153*75mm<\/td>\n<\/tr>\n<\/tbody>\n<\/table>\n<p><img decoding=\"async\" alt=\"YT301C_01.jpg\" src=\"http:\/\/localhost\/media\/import\/detail\/HTB143qtFVXXXXXTXpXXq6xXFXXX5.jpg\"><img decoding=\"async\" alt=\"YT301C_02.jpg\" src=\"http:\/\/localhost\/media\/import\/detail\/HTB15.KxFVXXXXXeXFXXq6xXFXXX4.jpg\"><img decoding=\"async\" alt=\"YT301C_04.jpg\" src=\"http:\/\/localhost\/media\/import\/detail\/HTB1mEGxFVXXXXczXXXXq6xXFXXX5.jpg\"><img decoding=\"async\" alt=\"YT301C_05.jpg\" src=\"http:\/\/localhost\/media\/import\/detail\/HTB1js9wFVXXXXXVXpXXq6xXFXXXe.jpg\"><\/p>\n<p><p style=\"text-align:center\"><span style=\"font-size:14px;font-family:book antiqua,palatino\"><strong><span style=\"color:#800080;font-style:italic\"><\/span><\/strong><\/span><\/p><\/p>\n","protected":false},"excerpt":{"rendered":"<p>Sunsun 12v dc mini bomba de ar para \u00e1gua YT-301<\/p>\n","protected":false},"featured_media":5671,"comment_status":"open","ping_status":"closed","template":"","meta":[],"product_brand":[],"product_cat":[1376],"product_tag":[],"class_list":{"0":"post-36832","1":"product","2":"type-product","3":"status-publish","4":"has-post-thumbnail","6":"product_cat-bombas-de-ar-e-suprimentos","8":"first","9":"instock","10":"shipping-taxable","11":"purchasable","12":"product-type-simple","13":"add-to-wishlist-after_add_to_cart"},"jetpack_sharing_enabled":true,"_links":{"self":[{"href":"https:\/\/www.reefshops.com\/pt-br\/wp-json\/wp\/v2\/product\/36832","targetHints":{"allow":["GET"]}}],"collection":[{"href":"https:\/\/www.reefshops.com\/pt-br\/wp-json\/wp\/v2\/product"}],"about":[{"href":"https:\/\/www.reefshops.com\/pt-br\/wp-json\/wp\/v2\/types\/product"}],"replies":[{"embeddable":true,"href":"https:\/\/www.reefshops.com\/pt-br\/wp-json\/wp\/v2\/comments?post=36832"}],"wp:featuredmedia":[{"embeddable":true,"href":"https:\/\/www.reefshops.com\/pt-br\/wp-json\/wp\/v2\/media\/5671"}],"wp:attachment":[{"href":"https:\/\/www.reefshops.com\/pt-br\/wp-json\/wp\/v2\/media?parent=36832"}],"wp:term":[{"taxonomy":"product_brand","embeddable":true,"href":"https:\/\/www.reefshops.com\/pt-br\/wp-json\/wp\/v2\/product_brand?post=36832"},{"taxonomy":"product_cat","embeddable":true,"href":"https:\/\/www.reefshops.com\/pt-br\/wp-json\/wp\/v2\/product_cat?post=36832"},{"taxonomy":"product_tag","embeddable":true,"href":"https:\/\/www.reefshops.com\/pt-br\/wp-json\/wp\/v2\/product_tag?post=36832"}],"curies":[{"name":"wp","href":"https:\/\/api.w.org\/{rel}","templated":true}]}}