{"id":36873,"date":"2016-09-25T23:28:35","date_gmt":"2016-09-25T23:28:35","guid":{"rendered":"https:\/\/www.reefshops.com\/product\/bomba-de-agua-para-lago-de-bombeamento-e-filtragem-sunsun-12000l-h-260w-cegs-cqb-12000\/"},"modified":"2025-03-16T08:44:49","modified_gmt":"2025-03-16T08:44:49","slug":"bomba-de-agua-para-lago-de-bombeamento-e-filtragem-sunsun-12000l-h-260w-cegs-cqb-12000","status":"publish","type":"product","link":"https:\/\/www.reefshops.com\/pt-br\/produto\/bomba-de-agua-para-lago-de-bombeamento-e-filtragem-sunsun-12000l-h-260w-cegs-cqb-12000\/","title":{"rendered":"Bomba de \u00e1gua para lago de bombeamento e filtragem SUNSUN 12000L\/H 260W (CE,GS) CQB-12000"},"content":{"rendered":"<div style=\"clear:both\"><\/div>\n<div id=\"ali-anchor-AliPostDhMb-sppfe\" style=\"padding-top:8px\" data-section=\"AliPostDhMb-sppfe\" data-section-title=\"signboard\">\n<p><span><\/span><\/p>\n<\/div>\n<p style=\"text-align:center\"><strong><span style=\"font-size:24px\">SUNSUN 12000L\/H 260W Bomba de \u00e1gua para lago de bombeamento e filtragem (CE,GS)<\/span><\/strong><\/p>\n<div id=\"ali-anchor-AliPostDhMb-fny9a\" style=\"padding-top:8px\" data-section=\"AliPostDhMb-fny9a\" data-section-title=\"Descri\u00e7\u00e3o do produto\">\n<div id=\"ali-title-AliPostDhMb-fny9a\" style=\"border-bottom:#ddd 1px solid;padding-bottom:8px;padding-top:8px;padding-left:0px;padding-right:0px\"><span style=\"font-weight:bold;color:#333;padding-bottom:8px;padding-top:8px;padding-left:10px;line-height:12px;padding-right:10px;background-color:#ddd\">Descri\u00e7\u00e3o do produto<\/span><\/div>\n<div style=\"padding-bottom:10px;padding-top:10px;padding-left:0px;padding-right:0px\">\n<p><span style=\"font-size:24px;font-family:arial, helvetica, sans-serif;background-color:#ffff00\"><strong>1. Bomba de \u00e1gua para lagoa CQB-12000<\/strong><\/span><\/p>\n<\/div>\n<\/div>\n<p><span style=\"font-size:18px;font-family:arial, helvetica, sans-serif\">1.Aplicar em lagoas, tanques de aqu\u00e1rio e tanques de frutos do mar com qwuipment de reciclagem de \u00e1gua<\/span><\/p>\n<p><span style=\"font-size:18px;font-family:arial, helvetica, sans-serif\"> correspond\u00eancia.<\/span><\/p>\n<p><span style=\"font-size:18px;font-family:arial, helvetica, sans-serif\">2.Suc\u00e7\u00e3o de baixa alavanca e baixo ru\u00eddo.<\/span><\/p>\n<p><span style=\"font-size:18px;font-family:arial, helvetica, sans-serif\">3.Alto padr\u00e3o de desempenho motor ass\u00edncrono com novo design e energia <\/span><\/p>\n<p><span style=\"font-size:18px;font-family:arial, helvetica, sans-serif\"> economizando at\u00e9 50% do que antes.<\/span><\/p>\n<p><span style=\"font-size:18px;font-family:arial, helvetica, sans-serif\">4.Selo duplo de resina e anel de borracha fazem \u00e9 mais seguro para uso.<\/span><\/p>\n<p><span style=\"font-size:18px;font-family:arial, helvetica, sans-serif\">5. Nenhum elemento de cobre. Cultive organismos de \u00e1gua salgada com seguran\u00e7a.<\/span><\/p>\n<p><span style=\"font-size:18px;font-family:arial, helvetica, sans-serif\">6. O design do ajustador duplo pode transformar a taxa de fluxo da fonte ou outro display de \u00e1gua<\/span><\/p>\n<p><span style=\"font-size:18px;font-family:arial, helvetica, sans-serif\"> t\u00e3o f\u00e1cil.<\/span><\/p>\n<p> <img loading=\"lazy\" decoding=\"async\" alt=\"SUNSUN 12000L\/H 260W Bomba de \u00e1gua para lago de bombeamento e filtragem (CE,GS )\" src=\"http:\/\/localhost\/media\/import\/detail\/707528295_583.jpg\" width=\"600\" height=\"600\"><\/p>\n<\/p>\n<p><span style=\"font-family:arial, helvetica, sans-serif;color:#000000;background-color:#ffff00\"><strong><span style=\"font-size:24px\">2.As especifica\u00e7\u00f5es:<\/span><\/strong><\/span><\/p>\n<\/p>\n<p style=\"background:#ffffff\"><span style=\"font-size:18px;font-family:arial, helvetica, sans-serif;color:#2f2f2f\"><span style=\"color:#0000ff\">Modelo:<span style=\"color:#000000\"> CQB-12000<\/span><\/span><\/span><\/p>\n<p style=\"background:#ffffff\"><span style=\"font-family:arial, helvetica, sans-serif\"> <\/span><\/p>\n<p style=\"background:#ffffff\"><span style=\"font-size:18px;font-family:arial, helvetica, sans-serif;color:#2f2f2f\"><span style=\"color:#0000ff\">Altura m\u00e1xima:<span style=\"color:#000000\"> 7.0<\/span><\/span>m<\/span><\/p>\n<p style=\"background:#ffffff\"><span style=\"font-family:arial, helvetica, sans-serif\"> <\/span><\/p>\n<p style=\"background:#ffffff\"><span style=\"font-size:18px;font-family:arial, helvetica, sans-serif;color:#0000ff\">Pot\u00eancia:<span style=\"color:#000000\"> 260W<\/span><\/span><\/p>\n<p style=\"background:#ffffff\"><span style=\"font-family:arial, helvetica, sans-serif\"> <\/span><\/p>\n<p style=\"background:#ffffff\"><span style=\"font-family:arial, helvetica, sans-serif\"><span style=\"font-size:18px;color:#2f2f2f\"><span style=\"color:#0000ff\">Sa\u00edda: <span style=\"color:#000000\">1200<\/span><\/span>0L\/h<\/span><span style=\"font-size:18px\"> <\/span><\/span><\/p>\n<p style=\"background:#ffffff\"><span style=\"font-family:arial, helvetica, sans-serif\"> <\/span><\/p>\n<p><span style=\"font-size:18px;font-family:arial, helvetica, sans-serif\"><span style=\"color:#2f2f2f\"><span style=\"color:#0000ff\">Tens\u00e3o:<\/span> 110V\/220V\/<\/span><span style=\"color:#2f2f2f\">240V<\/span><\/span><\/p>\n<p style=\"background:#ffffff\"><span style=\"font-family:arial, helvetica, sans-serif\"> <\/span><\/p>\n<p><span style=\"font-size:18px;font-family:arial, helvetica, sans-serif\"><span style=\"color:#0000ff\">Frequ\u00eancia<\/span><span style=\"color:#2f2f2f\"><span style=\"color:#0000ff\">:<\/span> 50\/60<\/span><span style=\"color:#2f2f2f\">Hz<\/span><\/span><\/p>\n<p><span style=\"font-family:arial, helvetica, sans-serif\"> <\/span><\/p>\n<p><span style=\"font-size:18px;font-family:arial, helvetica, sans-serif\"><span style=\"color:#2f2f2f\"><span style=\"color:#0000ff\">Comprimento do cabo:<\/span> 5,0 m<\/span><\/span><\/p>\n<p><span style=\"font-family:arial, helvetica, sans-serif\"> <\/span><\/p>\n<p style=\"background:#ffffff\"><span style=\"font-size:18px;font-family:arial, helvetica, sans-serif;color:#2f2f2f\"><span style=\"color:#2f2f2f\"><span style=\"color:#0000ff\">Dimens\u00f5es:<\/span> 270x 140x 170mm<\/span><\/span><\/p>\n<p style=\"background:#ffffff\"><span style=\"font-family:arial, helvetica, sans-serif\"> <\/span><\/p>\n<p style=\"background:#ffffff\"><span style=\"font-size:18px;font-family:comic sans ms,sans-serif\"><span style=\"font-family:arial, helvetica, sans-serif;color:#2f2f2f\"><span style=\"color:#0000ff\">Garantia:<\/span><span style=\"color:#000000\">12 meses <\/span><\/span><span style=\"color:#000000\"><br \/><\/span><\/span><\/p>\n<p style=\"background:#ffffff\"><span style=\"font-size:24px\"> <\/span> <\/p>\n<p style=\"background:#ffffff\"><span style=\"font-family:arial, helvetica, sans-serif;background-color:#ffff00\"> <span style=\"color:#000000\"><strong><span style=\"font-size:24px\">3.Modelos da s\u00e9rie:<\/span><\/strong><\/span><span style=\"font-size:24px\"> <\/span><\/span><\/p>\n<p style=\"background:#ffffff\">\n<p style=\"background:#ffffff\"> <img decoding=\"async\" alt=\"SUNSUN 12000L\/H 260W Bomba de \u00e1gua para lago de bombeamento e filtragem (CE,GS )\" src=\"http:\/\/localhost\/media\/import\/detail\/707525617_401.jpg\"><\/p>\n<p style=\"background:#ffffff\">\n<table class=\"aliDataTable\" style=\"height:285px;width:675px\">\n<tbody>\n<tr style=\"height:27.6pt\">\n<td valign=\"middle\">\n<p><span style=\"font-size:10.5pt;font-family:arial, helvetica, sans-serif\"> Modelo <\/span><\/p>\n<\/td>\n<td style=\"width:70.25pt\" valign=\"middle\">\n<p><span style=\"font-size:10.5pt;font-family:arial, helvetica, sans-serif\"> Tens\u00e3o<\/span><\/p>\n<\/td>\n<td style=\"width:48.15pt\" valign=\"middle\">\n<p><span style=\"font-size:10.5pt;font-family:arial, helvetica, sans-serif\">Frequ\u00eancia<\/span><\/p>\n<\/td>\n<td style=\"width:30.75pt\" valign=\"middle\">\n<p><span style=\"font-size:10.5pt;font-family:arial, helvetica, sans-serif\">Power<\/span><\/p>\n<\/td>\n<td style=\"width:32.55pt\" valign=\"middle\">\n<p><span style=\"font-size:10.5pt;font-family:arial, helvetica, sans-serif\">H-max<\/span><\/p>\n<\/td>\n<td style=\"width:42.05pt\" valign=\"middle\">\n<p><span style=\"font-size:10.5pt;font-family:arial, helvetica, sans-serif\">Sa\u00edda<\/span><\/p>\n<\/td>\n<td style=\"width:54.95pt\" valign=\"middle\">\n<p><span style=\"font-size:10.5pt;font-family:arial, helvetica, sans-serif\">Comprimento do cabo<\/span><\/p>\n<\/td>\n<td style=\"width:68.8pt\" valign=\"middle\">\n<p><span style=\"font-size:10.5pt;font-family:arial, helvetica, sans-serif\"> Dimens\u00f5es<\/span><\/p>\n<\/td>\n<\/tr>\n<tr style=\"height:27.6pt\" align=\"left\">\n<td valign=\"middle\">\n<p><span style=\"font-size:10.5pt;font-family:arial, helvetica, sans-serif\">CQB-7500<\/span><\/p>\n<\/td>\n<td valign=\"middle\">\n<p><span style=\"font-size:10.5pt;font-family:arial, helvetica, sans-serif\">110V\/220V\/240V<\/span><\/p>\n<\/td>\n<td valign=\"middle\">\n<p><span style=\"font-size:10.5pt;font-family:arial, helvetica, sans-serif\">50Hz\/60Hz<\/span><\/p>\n<\/td>\n<td valign=\"middle\">\n<p><span style=\"font-size:10.5pt;font-family:arial, helvetica, sans-serif\">70W<\/span><\/p>\n<\/td>\n<td valign=\"middle\">\n<p><span style=\"font-size:10.5pt;font-family:arial, helvetica, sans-serif\">3,3m<\/span><\/p>\n<\/td>\n<td valign=\"middle\">\n<p><span style=\"font-size:10.5pt;font-family:arial, helvetica, sans-serif\">7500L\/h<\/span><\/p>\n<\/td>\n<td valign=\"middle\">\n<p><span style=\"font-size:10.5pt;font-family:arial, helvetica, sans-serif\"> 5m<\/span><\/p>\n<\/td>\n<td valign=\"middle\">\n<p><span style=\"font-size:10.5pt;font-family:arial, helvetica, sans-serif\">220*115*140mm<\/span><\/p>\n<\/td>\n<\/tr>\n<tr style=\"height:27.6pt\" align=\"left\">\n<td valign=\"middle\">\n<p><span style=\"font-size:10.5pt;font-family:arial, helvetica, sans-serif;color:#000000\">CQB-9500<\/span><\/p>\n<\/td>\n<td valign=\"middle\">\n<p><span style=\"font-size:10.5pt;font-family:arial, helvetica, sans-serif;color:#000000\">110V\/220V\/240V<\/span><\/p>\n<\/td>\n<td valign=\"middle\">\n<p><span style=\"font-size:10.5pt;font-family:arial, helvetica, sans-serif;color:#000000\">50Hz\/60Hz<\/span><\/p>\n<\/td>\n<td valign=\"middle\">\n<p><span style=\"font-size:10.5pt;font-family:arial, helvetica, sans-serif;color:#000000\">155W<\/span><\/p>\n<\/td>\n<td valign=\"middle\">\n<p><span style=\"font-size:10.5pt;font-family:arial, helvetica, sans-serif;color:#000000\">5,0m<\/span><\/p>\n<\/td>\n<td valign=\"middle\">\n<p><span style=\"font-size:10.5pt;font-family:arial, helvetica, sans-serif;color:#000000\">9500L\/h<\/span><\/p>\n<\/td>\n<td valign=\"middle\">\n<p><span style=\"font-size:10.5pt;font-family:arial, helvetica, sans-serif;color:#000000\"> 5m<\/span><\/p>\n<\/td>\n<td valign=\"middle\">\n<p><span style=\"font-size:10.5pt;font-family:arial, helvetica, sans-serif;color:#000000\">220*115*140mm<\/span><\/p>\n<\/td>\n<\/tr>\n<tr style=\"height:27.6pt\" align=\"left\">\n<td valign=\"middle\">\n<p><span style=\"font-size:10.5pt;font-family:arial, helvetica, sans-serif;color:#000000\">CQB-10000<\/span><\/p>\n<\/td>\n<td valign=\"middle\">\n<p><span style=\"font-size:10.5pt;font-family:arial, helvetica, sans-serif;color:#000000\">110V\/220V\/240V<\/span><\/p>\n<\/td>\n<td valign=\"middle\">\n<p><span style=\"font-size:10.5pt;font-family:arial, helvetica, sans-serif;color:#000000\">50Hz\/60Hz<\/span><\/p>\n<\/td>\n<td valign=\"middle\">\n<p><span style=\"font-size:10.5pt;font-family:arial, helvetica, sans-serif;color:#000000\">210W<\/span><\/p>\n<\/td>\n<td valign=\"middle\">\n<p><span style=\"font-size:10.5pt;font-family:arial, helvetica, sans-serif;color:#000000\">6,0m<\/span><\/p>\n<\/td>\n<td valign=\"middle\">\n<p><span style=\"font-size:10.5pt;font-family:arial, helvetica, sans-serif;color:#000000\">13000L\/h<\/span><\/p>\n<\/td>\n<td valign=\"middle\">\n<p><span style=\"font-size:10.5pt;font-family:arial, helvetica, sans-serif;color:#000000\"> 5m<\/span><\/p>\n<\/td>\n<td valign=\"middle\">\n<p><span style=\"font-size:10.5pt;font-family:arial, helvetica, sans-serif;color:#000000\">270*140*170mm<\/span><\/p>\n<\/td>\n<\/tr>\n<tr style=\"height:27.6pt\" align=\"left\">\n<td valign=\"middle\">\n<p><span style=\"font-size:10.5pt;font-family:arial, helvetica, sans-serif;color:#0000ff\">CQB-12000<\/span><\/p>\n<\/td>\n<td valign=\"middle\">\n<p><span style=\"font-size:10.5pt;font-family:arial, helvetica, sans-serif;color:#0000ff\">110V\/220V\/240V<\/span><\/p>\n<\/td>\n<td valign=\"middle\">\n<p><span style=\"font-size:10.5pt;font-family:arial, helvetica, sans-serif;color:#0000ff\">50Hz\/60Hz<\/span><\/p>\n<\/td>\n<td valign=\"middle\">\n<p><span style=\"font-size:10.5pt;font-family:arial, helvetica, sans-serif;color:#0000ff\">260W<\/span><\/p>\n<\/td>\n<td valign=\"middle\">\n<p><span style=\"font-size:10.5pt;font-family:arial, helvetica, sans-serif;color:#0000ff\">7,0m<\/span><\/p>\n<\/td>\n<td valign=\"middle\">\n<p><span style=\"font-size:10.5pt;font-family:arial, helvetica, sans-serif;color:#0000ff\">12000L\/h<\/span><\/p>\n<\/td>\n<td valign=\"middle\">\n<p><span style=\"font-size:10.5pt;font-family:arial, helvetica, sans-serif;color:#0000ff\"> 5m<\/span><\/p>\n<\/td>\n<td valign=\"middle\">\n<p><span style=\"font-size:10.5pt;font-family:arial, helvetica, sans-serif;color:#0000ff\">270*140*170mm<\/span><\/p>\n<\/td>\n<\/tr>\n<tr style=\"height:27.8pt\" align=\"left\">\n<td valign=\"middle\">\n<p><span style=\"font-size:10.5pt;font-family:comic sans ms,sans-serif\">CQB-15000<\/span><\/p>\n<\/td>\n<td valign=\"middle\">\n<p><span style=\"font-size:10.5pt;font-family:comic sans ms,sans-serif\">110V\/220V\/240V<\/span><\/p>\n<\/td>\n<td valign=\"middle\">\n<p><span style=\"font-size:10.5pt;font-family:comic sans ms,sans-serif\">50Hz\/60Hz<\/span><\/p>\n<\/td>\n<td valign=\"middle\">\n<p><span style=\"font-size:10.5pt;font-family:comic sans ms,sans-serif\">310W<\/span><\/p>\n<\/td>\n<td valign=\"middle\">\n<p><span style=\"font-size:10.5pt;font-family:comic sans ms,sans-serif\">8,0m<\/span><\/p>\n<\/td>\n<td valign=\"middle\">\n<p><span style=\"font-size:10.5pt;font-family:comic sans ms,sans-serif\">15000L\/h<\/span><\/p>\n<\/td>\n<td valign=\"middle\">\n<p><span style=\"font-size:10.5pt;font-family:comic sans ms,sans-serif\"> 5m<\/span><\/p>\n<\/td>\n<td valign=\"middle\">\n<p><span style=\"font-size:10.5pt;font-family:comic sans ms,sans-serif\">270*140*170mm<\/span><\/p>\n<\/td>\n<\/tr>\n<\/tbody>\n<\/table>\n<p style=\"background:#ffffff\"><span style=\"font-family:arial, helvetica, sans-serif;background-color:#ffff00\"><strong><span style=\"font-size:24px\">4.Os detalhes:<\/span><\/strong><\/span><\/p>\n<p style=\"background:#ffffff\"><span style=\"background-color:#cc99ff\"><strong><span style=\"font-size:24px;font-family:comic sans ms,sans-serif\"><img loading=\"lazy\" decoding=\"async\" alt=\"SUNSUN 12000L\/H 260W Bomba de \u00e1gua para lago de bombeamento e filtragem (CE,GS)\" src=\"http:\/\/localhost\/media\/import\/detail\/707404781_786.jpg\" width=\"600\" height=\"600\"><\/span><\/strong><\/span><\/p>\n<p style=\"background:#ffffff\">\n<p style=\"background:#ffffff\"><img loading=\"lazy\" decoding=\"async\" alt=\"SUNSUN 12000L\/H 260W Bomba de \u00e1gua para lago de bombeamento e filtragem (CE,GS )\" src=\"http:\/\/localhost\/media\/import\/detail\/707405390_166.jpg\" width=\"600\" height=\"600\"><\/p>\n<p style=\"background:#ffffff\">\n<p style=\"background:#ffffff\"><span style=\"font-family:arial, helvetica, sans-serif;color:#0000ff;background-color:#ffffff\"><span style=\"font-size:24px\"><strong>Tamb\u00e9m temos outras bombas para lago:<\/strong><\/span><\/span><\/p>\n<p style=\"background:#ffffff\"> <img decoding=\"async\" alt=\"SUNSUN 12000L\/H 260W Bomba de \u00e1gua para lago de bombeamento e filtragem (CE,GS )\" src=\"http:\/\/localhost\/media\/import\/detail\/707532374_859.jpg\"><\/p>\n<p style=\"background:#ffffff\"> <img decoding=\"async\" alt=\"SUNSUN 12000L\/H 260W Bomba de \u00e1gua para lago de bombeamento e filtragem (CE,GS)\" src=\"http:\/\/localhost\/media\/import\/detail\/707534443_577.jpg\"><\/p>\n<p style=\"background:#ffffff\">\n<p style=\"background:#ffffff\">\n<div style=\"clear:both\"><\/div>\n","protected":false},"excerpt":{"rendered":"<p>Bomba de \u00e1gua para lago de bombeamento e filtragem SUNSUN 12000L\/H 260W (CE,GS) CQB-12000<\/p>\n","protected":false},"featured_media":5753,"comment_status":"open","ping_status":"closed","template":"","meta":[],"product_brand":[],"product_cat":[1374],"product_tag":[],"class_list":{"0":"post-36873","1":"product","2":"type-product","3":"status-publish","4":"has-post-thumbnail","6":"product_cat-bombas-de-agua-e-cabecas-poderosas","8":"first","9":"instock","10":"shipping-taxable","11":"purchasable","12":"product-type-simple","13":"add-to-wishlist-after_add_to_cart"},"jetpack_sharing_enabled":true,"_links":{"self":[{"href":"https:\/\/www.reefshops.com\/pt-br\/wp-json\/wp\/v2\/product\/36873","targetHints":{"allow":["GET"]}}],"collection":[{"href":"https:\/\/www.reefshops.com\/pt-br\/wp-json\/wp\/v2\/product"}],"about":[{"href":"https:\/\/www.reefshops.com\/pt-br\/wp-json\/wp\/v2\/types\/product"}],"replies":[{"embeddable":true,"href":"https:\/\/www.reefshops.com\/pt-br\/wp-json\/wp\/v2\/comments?post=36873"}],"wp:featuredmedia":[{"embeddable":true,"href":"https:\/\/www.reefshops.com\/pt-br\/wp-json\/wp\/v2\/media\/5753"}],"wp:attachment":[{"href":"https:\/\/www.reefshops.com\/pt-br\/wp-json\/wp\/v2\/media?parent=36873"}],"wp:term":[{"taxonomy":"product_brand","embeddable":true,"href":"https:\/\/www.reefshops.com\/pt-br\/wp-json\/wp\/v2\/product_brand?post=36873"},{"taxonomy":"product_cat","embeddable":true,"href":"https:\/\/www.reefshops.com\/pt-br\/wp-json\/wp\/v2\/product_cat?post=36873"},{"taxonomy":"product_tag","embeddable":true,"href":"https:\/\/www.reefshops.com\/pt-br\/wp-json\/wp\/v2\/product_tag?post=36873"}],"curies":[{"name":"wp","href":"https:\/\/api.w.org\/{rel}","templated":true}]}}