{"id":36874,"date":"2016-09-25T23:28:35","date_gmt":"2016-09-25T23:28:35","guid":{"rendered":"https:\/\/www.reefshops.com\/product\/bomba-submersivel-para-lago-de-jardim-sunsun-gs-ce-145w-6500l-h-clb-6500\/"},"modified":"2025-03-16T08:44:50","modified_gmt":"2025-03-16T08:44:50","slug":"bomba-submersivel-para-lago-de-jardim-sunsun-gs-ce-145w-6500l-h-clb-6500","status":"publish","type":"product","link":"https:\/\/www.reefshops.com\/pt-br\/produto\/bomba-submersivel-para-lago-de-jardim-sunsun-gs-ce-145w-6500l-h-clb-6500\/","title":{"rendered":"Bomba submers\u00edvel para lago de jardim SUNSUN GS\/CE 145W 6500L\/h CLB-6500"},"content":{"rendered":"<div style=\"clear:both\"><\/div>\n<div style=\"padding-bottom:10px;padding-top:10px;padding-left:0px;padding-right:0px\">\n<p><span><\/span><\/p>\n<\/div>\n<p><span style=\"color:#000000\"><strong><span style=\"font-size:24px\">SUNSUN Bomba submers\u00edvel para lago de jardim GS\/CE 145W 6500L\/h<\/span><\/strong><\/span><\/p>\n<div id=\"ali-anchor-AliPostDhMb-7sxfz\" style=\"padding-top:8px\" data-section=\"AliPostDhMb-7sxfz\" data-section-title=\"Descri\u00e7\u00e3o do produto\">\n<div id=\"ali-title-AliPostDhMb-7sxfz\" style=\"border-bottom:#ddd 1px solid;padding-bottom:8px;padding-top:8px;padding-left:0px;padding-right:0px\"><span style=\"font-weight:bold;color:#333;padding-bottom:8px;padding-top:8px;padding-left:10px;line-height:12px;padding-right:10px;background-color:#ddd\">Descri\u00e7\u00e3o do produto<\/span><\/div>\n<div style=\"padding-bottom:10px;padding-top:10px;padding-left:0px;padding-right:0px\">\n<\/div>\n<\/div>\n<table class=\"aliDataTable\" style=\"height:300px;width:598px\" cellpadding=\"0\" border=\"1\">\n<tbody>\n<tr style=\"height:15.6pt\">\n<td valign=\"top\">\n<p><span style=\"font-size:12pt\">1.Item<\/span><\/p>\n<\/td>\n<td style=\"width:197.05pt\" valign=\"top\">\n<p><span style=\"font-size:12pt\">Bomba para lago SUNSUN<\/span><\/p>\n<\/td>\n<\/tr>\n<tr style=\"height:15.6pt\">\n<td valign=\"top\">\n<p><span style=\"font-size:12pt\">2.Modelo<\/span><\/p>\n<\/td>\n<td style=\"width:197.05pt\" valign=\"top\">\n<p><span style=\"font-size:12pt\">CLB-6500<\/span><\/p>\n<\/td>\n<\/tr>\n<tr style=\"height:15.6pt\" align=\"left\">\n<td valign=\"top\">\n<p><span style=\"font-size:12pt\">3.Tens\u00e3o<\/span><\/p>\n<\/td>\n<td valign=\"top\">\n<p><span style=\"font-size:12pt\">110V\/220V\/240V<\/span><\/p>\n<\/td>\n<\/tr>\n<tr style=\"height:16.35pt\" align=\"left\">\n<td valign=\"top\">\n<p><span style=\"font-size:12pt\">4.Frequ\u00eancia<\/span><\/p>\n<\/td>\n<td valign=\"top\">\n<p><span style=\"font-size:12pt\">50Hz\/60Hz<\/span><\/p>\n<\/td>\n<\/tr>\n<tr style=\"height:15.6pt\" align=\"left\">\n<td valign=\"top\">\n<p><span style=\"font-size:12pt\">5.Pot\u00eancia<\/span><\/p>\n<\/td>\n<td valign=\"top\">\n<p><span style=\"font-size:12pt\">145W<\/span><\/p>\n<\/td>\n<\/tr>\n<tr style=\"height:16.35pt\" align=\"left\">\n<td valign=\"top\">\n<p><span style=\"font-size:12pt\">6.H-max<\/span><\/p>\n<\/td>\n<td valign=\"top\">\n<p><span style=\"font-size:12pt\">5,0m<\/span><\/p>\n<\/td>\n<\/tr>\n<tr style=\"height:16.35pt\" align=\"left\">\n<td valign=\"top\">\n<p><span style=\"font-size:12pt\">7.Sa\u00edda<\/span><\/p>\n<\/td>\n<td valign=\"top\">\n<p><span style=\"font-size:12pt\">6500L\/h<\/span><\/p>\n<\/td>\n<\/tr>\n<tr style=\"height:16.35pt\" align=\"left\">\n<td valign=\"top\">\n<p><span style=\"font-size:12pt\">8.Comprimento do cabo<\/span><\/p>\n<\/td>\n<td valign=\"top\">\n<p><span style=\"font-size:12pt\">5m<\/span><\/p>\n<\/td>\n<\/tr>\n<tr style=\"height:16.35pt\" align=\"left\">\n<td valign=\"top\">\n<p><span style=\"font-size:12pt\">9.Dimens\u00e3o em mm<\/span><\/p>\n<\/td>\n<td valign=\"top\">\n<p><span style=\"font-size:12pt\">H:232;W:185<\/span><\/p>\n<\/td>\n<\/tr>\n<tr style=\"height:17.25pt\" align=\"left\">\n<td valign=\"top\">\n<p><span style=\"font-size:12pt\">10.Marca<\/span><\/p>\n<\/td>\n<td valign=\"top\">\n<p><span style=\"font-size:12pt\">SUNSUN<\/span><\/p>\n<\/td>\n<\/tr>\n<tr style=\"height:15pt\" align=\"left\">\n<td valign=\"top\">\n<p><span style=\"font-size:16px\">11.Qualidade<\/span><\/p>\n<\/td>\n<td valign=\"top\">\n<p><span style=\"font-size:16px\">Melhor qualidade;<br \/><\/span><\/p>\n<p align=\"left\"><span style=\"font-size:16px\">a maior empresa de produtos aqu\u00e1ticos em China.<\/span><\/p>\n<\/td>\n<\/tr>\n<tr style=\"height:4.6pt\" align=\"left\">\n<td valign=\"top\">\n<p><span style=\"font-size:16px\">12.Ponto de venda<\/span><\/p>\n<\/td>\n<td valign=\"top\">\n<p><span style=\"font-size:16px\">marca registrada bem conhecida da China; seguro e confi\u00e1vel; Aprovado pela CE,GS<\/span><\/p>\n<\/td>\n<\/tr>\n<\/tbody>\n<\/table>\n<p><img decoding=\"async\" alt=\"SUNSUN GS\/CE 145W 6500L\/h Bomba submers\u00edvel para lago de jardim\" src=\"http:\/\/localhost\/media\/import\/detail\/564018593_248.jpg\"> <\/p>\n<\/p>\n<p><span style=\"color:#000000;background-color:#ffff00\"><span style=\"font-size:24px\">1. Lagoa do jardim<\/span><span style=\"font-size:24px\">Detalhes da bomba:<\/span><\/span><\/p>\n<\/p>\n<p><img loading=\"lazy\" decoding=\"async\" alt=\"SUNSUN GS\/CE 145W 6500L\/h Bomba submers\u00edvel para lago de jardim\" src=\"http:\/\/localhost\/media\/import\/detail\/564018742_141.jpg\" width=\"615\" height=\"528\"><\/p>\n<p><img loading=\"lazy\" decoding=\"async\" alt=\"SUNSUN GS\/CE Bomba submers\u00edvel para lagoa de jardim de 145W 6500L\/h\" src=\"http:\/\/localhost\/media\/import\/detail\/564019126_044.jpg\" width=\"615\" height=\"409\"><\/p>\n<\/p>\n<p><span style=\"color:#000000;background-color:#ffff00\"><span style=\"font-size:24px\">2. Par\u00e2metros t\u00e9cnicos da bomba para lago de jardim Detalhes:<\/span> <\/span><\/p>\n<p><img loading=\"lazy\" decoding=\"async\" alt=\"SUNSUN GS\/CE 145W 6500L\/h Bomba submers\u00edvel para lago de jardim\" src=\"http:\/\/localhost\/media\/import\/detail\/564019209_663.jpg\" width=\"614\" height=\"218\"><\/p>\n<p><img decoding=\"async\" alt=\"SUNSUN GS\/CE 145W 6500L\/h Bomba submers\u00edvel para lago de jardim\" src=\"http:\/\/localhost\/media\/import\/detail\/564019487_825.jpg\"><\/p>\n<\/p>\n<p><span style=\"color:#000000;background-color:#ffff00\"><span style=\"font-size:24px\"><span style=\"font-family:'Times New Roman'\"><strong>3.Jardim<\/strong><\/span><\/span><span style=\"font-size:24px\"><span style=\"font-family:'Times New Roman'\"><strong>recursos da bomba de lago:<\/strong><\/span> <\/span> <\/span><\/p>\n<\/p>\n<p><span style=\"font-size:18px\"><span style=\"font-size:14px\">1<\/span><\/span><span style=\"font-size:18px\"><span style=\"font-size:14px\">)<\/span><\/span><span style=\"font-size:18px\"><span style=\"font-size:14px\"><span style=\"color:#000000\">O rotor \u00e9 feito de material especial, de f\u00e1cil inicializa\u00e7\u00e3o e baixo consumo de energia;<\/span><\/span><\/span><\/p>\n<p><span style=\"font-size:18px;color:#000000\"><span style=\"font-size:14px\">2) Eixo cer\u00e2mico de alta qualidade e localizador de eixo, dur\u00e1vel e baixo ru\u00eddo;<\/span><\/span><\/p>\n<p><span style=\"font-size:18px;color:#000000\"><span style=\"font-size:14px\">3)Motor completamente selado e \u00e0 prova d&#8217;\u00e1gua, seguro e confi\u00e1vel;<\/span><\/span><\/p>\n<p><span style=\"font-size:18px;color:#000000\"><span style=\"font-size:14px\">4)Motor ass\u00edncrono padr\u00e3o de alto desempenho com novo design e economia de energia at\u00e9 50% do que antes.<\/span><\/span><\/p>\n<p><span style=\"font-size:18px;color:#000000\"><span style=\"font-size:14px\">5)Regar jardim, circular \u00e1gua em jardins ornamentais, fornecer e descarregar \u00e1gua em piscina;<\/span><\/span><\/p>\n<p><span style=\"font-size:18px;color:#000000\"><span style=\"font-size:14px\">6)Depois de desenhar \u00e1gua, basta deixar 5mm de profundidade, o que faz a drenagem completa. style=&#8221;font-size:24px;color:#000000;background-color:#ffff00;&#8221;&gt;4.Outra bomba para lago de jardim<\/span><\/p>\n<p><img loading=\"lazy\" decoding=\"async\" alt=\"SUNSUN GS\/CE 145W 6500L\/h Bomba submers\u00edvel para lago de jardim\" src=\"http:\/\/localhost\/media\/import\/detail\/537674924_045.jpg\" width=\"609\" height=\"322\"><\/p>\n<p> <img decoding=\"async\" alt=\"SUNSUN GS\/CE 145W 6500L\/h Bomba submers\u00edvel para lago de jardim\" src=\"http:\/\/localhost\/media\/import\/detail\/537633735_544.jpg\"><\/p>\n<p><img loading=\"lazy\" decoding=\"async\" alt=\"SUNSUN GS\/CE 145W 6500L\/h Bomba submers\u00edvel para lago de jardim\" src=\"http:\/\/localhost\/media\/import\/detail\/537636499_010.jpg\" width=\"610\" height=\"478\"><\/p>\n<\/p>\n<div id=\"ali-anchor-AliPostDhMb-hlll2\" style=\"padding-top:8px\" data-section=\"AliPostDhMb-hlll2\" data-section-title=\"Informa\u00e7\u00f5es da empresa\">\n<div id=\"ali-title-AliPostDhMb-hlll2\" style=\"border-bottom:#ddd 1px solid;padding-bottom:8px;padding-top:8px;padding-left:0px;padding-right:0px\"> <\/div>\n<\/div>\n<div style=\"clear:both\"><\/div>\n","protected":false},"excerpt":{"rendered":"<p>Bomba submers\u00edvel para lago de jardim SUNSUN GS\/CE 145W 6500L\/h CLB-6500<\/p>\n","protected":false},"featured_media":5755,"comment_status":"open","ping_status":"closed","template":"","meta":[],"product_brand":[],"product_cat":[1374],"product_tag":[],"class_list":{"0":"post-36874","1":"product","2":"type-product","3":"status-publish","4":"has-post-thumbnail","6":"product_cat-bombas-de-agua-e-cabecas-poderosas","8":"first","9":"instock","10":"shipping-taxable","11":"purchasable","12":"product-type-simple","13":"add-to-wishlist-after_add_to_cart"},"jetpack_sharing_enabled":true,"_links":{"self":[{"href":"https:\/\/www.reefshops.com\/pt-br\/wp-json\/wp\/v2\/product\/36874","targetHints":{"allow":["GET"]}}],"collection":[{"href":"https:\/\/www.reefshops.com\/pt-br\/wp-json\/wp\/v2\/product"}],"about":[{"href":"https:\/\/www.reefshops.com\/pt-br\/wp-json\/wp\/v2\/types\/product"}],"replies":[{"embeddable":true,"href":"https:\/\/www.reefshops.com\/pt-br\/wp-json\/wp\/v2\/comments?post=36874"}],"wp:featuredmedia":[{"embeddable":true,"href":"https:\/\/www.reefshops.com\/pt-br\/wp-json\/wp\/v2\/media\/5755"}],"wp:attachment":[{"href":"https:\/\/www.reefshops.com\/pt-br\/wp-json\/wp\/v2\/media?parent=36874"}],"wp:term":[{"taxonomy":"product_brand","embeddable":true,"href":"https:\/\/www.reefshops.com\/pt-br\/wp-json\/wp\/v2\/product_brand?post=36874"},{"taxonomy":"product_cat","embeddable":true,"href":"https:\/\/www.reefshops.com\/pt-br\/wp-json\/wp\/v2\/product_cat?post=36874"},{"taxonomy":"product_tag","embeddable":true,"href":"https:\/\/www.reefshops.com\/pt-br\/wp-json\/wp\/v2\/product_tag?post=36874"}],"curies":[{"name":"wp","href":"https:\/\/api.w.org\/{rel}","templated":true}]}}