{"id":36875,"date":"2016-09-25T23:28:35","date_gmt":"2016-09-25T23:28:35","guid":{"rendered":"https:\/\/www.reefshops.com\/product\/bomba-de-agua-multiuso-para-lago-de-jardim-6000l-h-50w-jp-6000\/"},"modified":"2025-03-16T08:44:50","modified_gmt":"2025-03-16T08:44:50","slug":"bomba-de-agua-multiuso-para-lago-de-jardim-6000l-h-50w-jp-6000","status":"publish","type":"product","link":"https:\/\/www.reefshops.com\/pt-br\/produto\/bomba-de-agua-multiuso-para-lago-de-jardim-6000l-h-50w-jp-6000\/","title":{"rendered":"Bomba de \u00e1gua multiuso para lago de jardim 6000L \/ h 50W JP-6000"},"content":{"rendered":"<div style=\"clear:both\"><\/div>\n<p style=\"font-size:14px\"><span style=\"font-size:24px;color:#ff00ff\"><strong>6000L\/h 50W Bomba de \u00e1gua multiuso para lago de jardim JP-6000<\/strong><\/span><\/p>\n<p style=\"font-size:14px\">\n<div id=\"ali-anchor-AliPostDhMb-ryzji\" style=\"padding-top:8px\" data-section=\"AliPostDhMb-ryzji\" data-section-title=\"Descri\u00e7\u00e3o do produto\">\n<div id=\"ali-title-AliPostDhMb-ryzji\" style=\"border-bottom:#ddd 1px solid;padding-bottom:8px;padding-top:8px;padding-left:0px;padding-right:0px\"><span style=\"font-weight:bold;color:#333;padding-bottom:8px;padding-top:8px;padding-left:10px;line-height:12px;padding-right:10px;background-color:#ddd\">Descri\u00e7\u00e3o do produto<\/span><\/div>\n<div style=\"padding-bottom:10px;padding-top:10px;padding-left:0px;padding-right:0px\">\n<\/div>\n<\/div>\n<p style=\"font-size:14px\">especifica\u00e7\u00f5es:<\/p>\n<p style=\"font-size:14px\">1. ele usa n\u00facleo de eixo resistente ao desgaste de alta resist\u00eancia,<strong><em>tem economia de energia altamente eficiente,<\/em><\/strong><\/p>\n<p style=\"font-size:14px\"><strong><em>e<\/em><\/strong><strong><em>longa vida \u00fatil.<\/em><\/strong><\/p>\n<p style=\"font-size:14px\">2. tem boa resist\u00eancia diel\u00e9trica \u00e0 prova d&#8217;\u00e1gua e alta;<em><strong>\u00e9 seguro e confi\u00e1vel.<\/strong><\/em><\/p>\n<p style=\"font-size:14px\">3. voc\u00ea pode us\u00e1-lo como<em><strong>bombeamento e fonte<\/strong><\/em>.<\/p>\n<p style=\"font-size:14px\">4.<strong><em>aplicar em aqu\u00e1rios, lagoas,<\/em><\/strong> com equipamento de reciclagem de \u00e1gua correspondente.<\/p>\n<p style=\"font-size:14px\">\n<p style=\"font-size:14px\"><span style=\"background-color:#ffff00\"><strong> Par\u00e2metros de bombas de \u00e1gua submers\u00edveis para jardins de aqu\u00e1rios<\/strong><\/span><\/p>\n<table class=\"aliDataTable\">\n<tbody>\n<tr align=\"left\">\n<td style=\"background:#ffffff;width:59.15pt\" valign=\"middle\">\n<p style=\"background:#ffffff\"><span style=\"font-size:14px;font-family:'Verdana';background:#ffffff;color:#000000\">Modelo <\/span><\/p>\n<\/td>\n<td style=\"background:#ffffff;width:78.8pt\" valign=\"middle\">\n<p style=\"background:#ffffff\"><span style=\"font-size:14px;font-family:'Verdana';background:#ffffff;color:#000000\">Tens\u00e3o<\/span><\/p>\n<\/td>\n<td style=\"background:#ffffff;width:54.2pt\" valign=\"middle\">\n<p style=\"background:#ffffff\"><span style=\"font-size:14px;font-family:'Verdana';background:#ffffff;color:#000000\">Frequ\u00eancia<\/span><\/p>\n<\/td>\n<td style=\"background:#ffffff;width:34.6pt\" valign=\"middle\">\n<p style=\"background:#ffffff\"><span style=\"font-size:14px;font-family:'Verdana';background:#ffffff;color:#000000\">Poder<\/span><\/p>\n<\/td>\n<td style=\"background:#ffffff;width:37.15pt\" valign=\"middle\">\n<p style=\"background:#ffffff\"><span style=\"font-size:14px;font-family:'Verdana';background:#ffffff;color:#000000\">H-max<\/span><\/p>\n<\/td>\n<td style=\"background:#ffffff;width:48.5pt\" valign=\"middle\">\n<p style=\"background:#ffffff\"><span style=\"font-size:14px;font-family:'Verdana';background:#ffffff;color:#000000\">Sa\u00edda<\/span><\/p>\n<\/td>\n<td style=\"background:#ffffff;width:41.65pt\" valign=\"middle\">\n<p style=\"background:#ffffff\"><span style=\"font-size:14px;background:#ffffff;color:#000000\">Peso<\/span><\/p>\n<\/td>\n<td style=\"background:#ffffff\" valign=\"middle\">\n<p style=\"background:#ffffff\"><span style=\"font-size:14px;background:#ffffff;color:#000000\">Dimens\u00f5es<\/span><\/p>\n<\/td>\n<\/tr>\n<tr align=\"left\">\n<td style=\"background:#ffffff\" valign=\"middle\">\n<p style=\"background:#ffffff\"><span style=\"font-size:14px;background:#ffffff;color:#000000\">JP-4000<\/span><\/p>\n<\/td>\n<td style=\"background:#ffffff\" valign=\"middle\">\n<p style=\"background:#ffffff\"><span style=\"font-size:14px;font-family:'Verdana';background:#ffffff;color:#000000\">110V\/220V\/240V<\/span><\/p>\n<\/td>\n<td style=\"background:#ffffff\" valign=\"middle\">\n<p style=\"background:#ffffff\"><span style=\"font-size:14px;font-family:'Verdana';background:#ffffff;color:#000000\">50Hz\/60Hz<\/span><\/p>\n<\/td>\n<td style=\"background:#ffffff\" valign=\"middle\">\n<p style=\"background:#ffffff\"><span style=\"font-size:14px;background:#ffffff;color:#000000\">40W<\/span><\/p>\n<\/td>\n<td style=\"background:#ffffff\" valign=\"middle\">\n<p style=\"background:#ffffff\"><span style=\"font-size:14px;background:#ffffff;color:#000000\">3,0m<\/span><\/p>\n<\/td>\n<td style=\"background:#ffffff\" valign=\"middle\">\n<p style=\"background:#ffffff\"><span style=\"font-size:14px;background:#ffffff;color:#000000\"> 4000L\/h <\/span><\/p>\n<\/td>\n<td style=\"background:#ffffff\" valign=\"middle\">\n<p style=\"background:#ffffff\"><span style=\"font-size:14px;background:#ffffff;color:#000000\">2,0kg<\/span><\/p>\n<\/td>\n<td style=\"background:#ffffff\" valign=\"middle\">\n<p style=\"background:#ffffff\"><span style=\"font-size:14px;background:#ffffff;color:#000000\">160*145*135mm<\/span><\/p>\n<\/td>\n<\/tr>\n<tr align=\"left\">\n<td style=\"background:#ffffff\" valign=\"middle\">\n<p style=\"background:#ffffff\"><span style=\"font-size:14px;background:#ffffff;color:#000000\">JP-6000<\/span><\/p>\n<\/td>\n<td style=\"background:#ffffff\" valign=\"middle\">\n<p style=\"background:#ffffff\"><span style=\"font-size:14px;font-family:'Verdana';background:#ffffff;color:#000000\">110V\/220V\/240V<\/span><\/p>\n<\/td>\n<td style=\"background:#ffffff\" valign=\"middle\">\n<p style=\"background:#ffffff\"><span style=\"font-size:14px;font-family:'Verdana';background:#ffffff;color:#000000\">50Hz\/60Hz<\/span><\/p>\n<\/td>\n<td style=\"background:#ffffff\" valign=\"middle\">\n<p style=\"background:#ffffff\"><span style=\"font-size:14px;background:#ffffff;color:#000000\">50W<\/span><\/p>\n<\/td>\n<td style=\"background:#ffffff\" valign=\"middle\">\n<p style=\"background:#ffffff\"><span style=\"font-size:14px;background:#ffffff;color:#000000\">3,5m<\/span><\/p>\n<\/td>\n<td style=\"background:#ffffff\" valign=\"middle\">\n<p style=\"background:#ffffff\"><span style=\"font-size:14px\"><span style=\"background:#ffffff;color:#000000\"> 6000<\/span><span style=\"font-family:'Verdana';background:#ffffff;color:#000000\">L\/h<\/span><\/span><\/p>\n<\/td>\n<td style=\"background:#ffffff\" valign=\"middle\">\n<p style=\"background:#ffffff\"><span style=\"font-size:14px;background:#ffffff;color:#000000\">2,0kg<\/span><\/p>\n<\/td>\n<td style=\"background:#ffffff\" valign=\"middle\">\n<p style=\"background:#ffffff\"><span style=\"font-size:14px;background:#ffffff;color:#000000\">160*145*135mm<\/span><\/p>\n<\/td>\n<\/tr>\n<tr align=\"left\">\n<td style=\"background:#ffffff\" valign=\"middle\">\n<p style=\"background:#ffffff\"><span style=\"font-size:14px;background:#ffffff;color:#000000\">JP-8000<\/span><\/p>\n<\/td>\n<td style=\"background:#ffffff\" valign=\"middle\">\n<p style=\"background:#ffffff\"><span style=\"font-size:14px;font-family:'Verdana';background:#ffffff;color:#000000\">110V\/220V\/240V<\/span><\/p>\n<\/td>\n<td style=\"background:#ffffff\" valign=\"middle\">\n<p style=\"background:#ffffff\"><span style=\"font-size:14px;font-family:'Verdana';background:#ffffff;color:#000000\">50Hz\/60Hz<\/span><\/p>\n<\/td>\n<td style=\"background:#ffffff\" valign=\"middle\">\n<p style=\"background:#ffffff\"><span style=\"font-size:14px;background:#ffffff;color:#000000\">120W<\/span><\/p>\n<\/td>\n<td style=\"background:#ffffff\" valign=\"middle\">\n<p style=\"background:#ffffff\"><span style=\"font-size:14px;background:#ffffff;color:#000000\">4,0m<\/span><\/p>\n<\/td>\n<td style=\"background:#ffffff\" valign=\"middle\">\n<p style=\"background:#ffffff\"><span style=\"font-size:14px\"><span style=\"background:#ffffff;color:#000000\"> 8000<\/span><span style=\"font-family:'Verdana';background:#ffffff;color:#000000\">L\/h<\/span><\/span><\/p>\n<\/td>\n<td style=\"background:#ffffff\" valign=\"middle\">\n<p style=\"background:#ffffff\"><span style=\"font-size:14px;background:#ffffff;color:#000000\">3,5kg<\/span><\/p>\n<\/td>\n<td style=\"background:#ffffff\" valign=\"middle\">\n<p style=\"background:#ffffff\"><span style=\"font-size:14px;background:#ffffff;color:#000000\">205*190*165mm<\/span><\/p>\n<\/td>\n<\/tr>\n<tr align=\"left\">\n<td style=\"background:#ffffff\" valign=\"middle\">\n<p style=\"background:#ffffff\"><span style=\"font-size:14px;background:#ffffff;color:#000000\">JP-10000<\/span><\/p>\n<\/td>\n<td style=\"background:#ffffff\" valign=\"middle\">\n<p style=\"background:#ffffff\"><span style=\"font-size:14px;font-family:'Verdana';background:#ffffff;color:#000000\">110V\/220V\/240V<\/span><\/p>\n<\/td>\n<td style=\"background:#ffffff\" valign=\"middle\">\n<p style=\"background:#ffffff\"><span style=\"font-size:14px;font-family:'Verdana';background:#ffffff;color:#000000\">50Hz\/60Hz<\/span><\/p>\n<\/td>\n<td style=\"background:#ffffff\" valign=\"middle\">\n<p style=\"background:#ffffff\"><span style=\"font-size:14px;background:#ffffff;color:#000000\">190W<\/span><\/p>\n<\/td>\n<td style=\"background:#ffffff\" valign=\"middle\">\n<p style=\"background:#ffffff\"><span style=\"font-size:14px;background:#ffffff;color:#000000\">5,3m<\/span><\/p>\n<\/td>\n<td style=\"background:#ffffff\" valign=\"middle\">\n<p style=\"background:#ffffff\"><span style=\"font-size:14px\"><span style=\"background:#ffffff;color:#000000\"> 10000<\/span><span style=\"font-family:'Verdana';background:#ffffff;color:#000000\">L\/h<\/span><\/span><\/p>\n<\/td>\n<td style=\"background:#ffffff\" valign=\"middle\">\n<p style=\"background:#ffffff\"><span style=\"font-size:14px;background:#ffffff;color:#000000\">4,0kg<\/span><\/p>\n<\/td>\n<td style=\"background:#ffffff\" valign=\"middle\">\n<p style=\"background:#ffffff\"><span style=\"font-size:14px;background:#ffffff;color:#000000\">205*190*165mm<\/span><\/p>\n<\/td>\n<\/tr>\n<\/tbody>\n<\/table>\n<p style=\"font-size:14px\">\n<table class=\"aliDataTable\" border=\"5\">\n<tbody>\n<tr>\n<td><span style=\"font-size:14px\"> Modelo <\/span><\/td>\n<td><span style=\"font-size:14px\"> Tens\u00e3o<\/span><\/td>\n<td><span style=\"font-size:14px\">Frequ\u00eancia<\/span><\/td>\n<td><span style=\"font-size:14px\">Pot\u00eancia<\/span><\/td>\n<td><span style=\"font-size:14px\">H-max <\/span><\/td>\n<td><span style=\"font-size:14px\">Sa\u00edda<\/span><\/td>\n<td><span style=\"font-size:14px\">Peso<\/span><\/td>\n<td><span style=\"font-size:14px\"> Dimens\u00f5es<\/span><\/td>\n<\/tr>\n<tr>\n<td style=\"text-align:center\"><span style=\"font-size:14px\">HQB-2000<\/span><\/td>\n<td><span style=\"font-size:14px\">110V\/220V\/240V<\/span><\/td>\n<td><span style=\"font-size:14px\">50Hz\/60Hz<\/span><\/td>\n<td><span style=\"font-size:14px\">24W<\/span><\/td>\n<td><span style=\"font-size:14px\">1,8m<\/span><\/td>\n<td><span style=\"font-size:14px\">1400L\/h<\/span><\/td>\n<td><span style=\"font-size:14px\">0,8kg<\/span><\/td>\n<td><span style=\"font-size:14px\">138*65*145mm<\/span><\/td>\n<\/tr>\n<tr>\n<td style=\"text-align:center\"><span style=\"font-size:14px\">HQB-2200<\/span><\/td>\n<td><span style=\"font-size:14px\">110V\/220V\/240V<\/span><\/td>\n<td><span style=\"font-size:14px\">50Hz\/60Hz<\/span><\/td>\n<td><span style=\"font-size:14px\">40W<\/span><\/td>\n<td><span style=\"font-size:14px\">2,3m<\/span><\/td>\n<td><span style=\"font-size:14px\">1900L\/h<\/span><\/td>\n<td><span style=\"font-size:14px\">1,2kg<\/span><\/td>\n<td><span style=\"font-size:14px\">135*105*115mm<\/span><\/td>\n<\/tr>\n<tr>\n<td style=\"text-align:center\"><span style=\"font-size:14px\">HQB-2500<\/span><\/td>\n<td><span style=\"font-size:14px\">110V\/220V\/240V<\/span><\/td>\n<td><span style=\"font-size:14px\">50Hz\/60Hz<\/span><\/td>\n<td><span style=\"font-size:14px\">55W<\/span><\/td>\n<td><span style=\"font-size:14px\">2,5m<\/span><\/td>\n<td><span style=\"font-size:14px\">2000L\/h<\/span><\/td>\n<td><span style=\"font-size:14px\">1,2kg<\/span><\/td>\n<td><span style=\"font-size:14px\">153*105*135mm<\/span><\/td>\n<\/tr>\n<tr>\n<td style=\"text-align:center\"><span style=\"font-size:14px\">HQB-3000<\/span><\/td>\n<td><span style=\"font-size:14px\">110V\/220V\/240V<\/span><\/td>\n<td><span style=\"font-size:14px\">50Hz\/60Hz<\/span><\/td>\n<td><span style=\"font-size:14px\">60W<\/span><\/td>\n<td><span style=\"font-size:14px\">3,0m<\/span><\/td>\n<td><span style=\"font-size:14px\">2500L\/h<\/span><\/td>\n<td><span style=\"font-size:14px\">1,6kg<\/span><\/td>\n<td><span style=\"font-size:14px\">153*105*135mm<\/span><\/td>\n<\/tr>\n<tr>\n<td style=\"text-align:center\"><span style=\"font-size:14px\">HQB-3500<\/span><\/td>\n<td><span style=\"font-size:14px\">110V\/220V\/240V<\/span><\/td>\n<td><span style=\"font-size:14px\">50Hz\/60Hz<\/span><\/td>\n<td><span style=\"font-size:14px\">85W<\/span><\/td>\n<td><span style=\"font-size:14px\">3,5m<\/span><\/td>\n<td><span style=\"font-size:14px\">3000L\/h<\/span><\/td>\n<td><span style=\"font-size:14px\">1,25kg<\/span><\/td>\n<td><span style=\"font-size:14px\">153*105*135mm<\/span><\/td>\n<\/tr>\n<tr>\n<td style=\"text-align:center\"><span style=\"font-size:14px\">HQB-4500<\/span><\/td>\n<td><span style=\"font-size:14px\">110V\/220V\/240V<\/span><\/td>\n<td><span style=\"font-size:14px\">50Hz\/60Hz<\/span><\/td>\n<td><span style=\"font-size:14px\">100W<\/span><\/td>\n<td><span style=\"font-size:14px\">4,5m<\/span><\/td>\n<td><span style=\"font-size:14px\">4500L\/h<\/span><\/td>\n<td><span style=\"font-size:14px\">2,7kg<\/span><\/td>\n<td><span style=\"font-size:14px\">175*112*133mm<\/span><\/td>\n<\/tr>\n<tr>\n<td style=\"text-align:center\"><span style=\"font-size:14px\">HQB-5000<\/span><\/td>\n<td><span style=\"font-size:14px\">110V\/220V\/240V<\/span><\/td>\n<td><span style=\"font-size:14px\">50Hz\/60Hz<\/span><\/td>\n<td><span style=\"font-size:14px\">150W<\/span><\/td>\n<td><span style=\"font-size:14px\">5,0m<\/span><\/td>\n<td><span style=\"font-size:14px\">5500L\/h<\/span><\/td>\n<td><span style=\"font-size:14px\">2,8kg<\/span><\/td>\n<td><span style=\"font-size:14px\">175*112*133mm<\/span><\/td>\n<\/tr>\n<tr>\n<td style=\"text-align:center\"><span style=\"font-size:14px\">HQB-5500<\/span><\/td>\n<td><span style=\"font-size:14px\">110V\/220V\/240V<\/span><\/td>\n<td><span style=\"font-size:14px\">50Hz\/60Hz<\/span><\/td>\n<td><span style=\"font-size:14px\">200W<\/span><\/td>\n<td><span style=\"font-size:14px\">5,5m<\/span><\/td>\n<td><span style=\"font-size:14px\">6800L\/h<\/span><\/td>\n<td><span style=\"font-size:14px\">4,0kg<\/span><\/td>\n<td><span style=\"font-size:14px\">200*140*160mm<\/span><\/td>\n<\/tr>\n<\/tbody>\n<\/table>\n<p><span style=\"font-size:14px;background-color:#ffff00\"><strong>Exibi\u00e7\u00e3o de bombas de \u00e1gua submers\u00edveis para jardim de aqu\u00e1rio <\/strong><\/span><\/p>\n<p><span style=\"font-size:14px;background-color:#ffff00\"><strong><img decoding=\"async\" alt=\"6000L\/h Bomba de \u00e1gua multiuso para lago de jardim 50W JP-6000\" src=\"http:\/\/localhost\/media\/import\/detail\/551845152_275.jpg\"><img decoding=\"async\" alt=\"6000L\/h 50W Bomba de \u00e1gua multiuso para lago de jardim JP-6000\" src=\"http:\/\/localhost\/media\/import\/detail\/551845155_917.jpg\"><\/strong><\/span> <\/p>\n<p><span style=\"font-size:14px\"><strong>Aqu\u00e1rio semelhante bombas de \u00e1gua submers\u00edveis s\u00e9rie HQB show<\/strong><\/span> <\/p>\n<p><img decoding=\"async\" alt=\"6000L\/h Bomba de \u00e1gua multiuso para lago de jardim 50W JP-6000\" src=\"http:\/\/localhost\/media\/import\/detail\/548795991_821.jpg\"><\/p>\n<div id=\"ali-anchor-AliPostDhMb-84ocd\" style=\"padding-top:8px\" data-section=\"AliPostDhMb-84ocd\" data-section-title=\"Informa\u00e7\u00f5es da empresa\"> <\/div>\n","protected":false},"excerpt":{"rendered":"<p>Bomba de \u00e1gua multiuso para lago de jardim 6000L \/ h 50W JP-6000<\/p>\n","protected":false},"featured_media":5757,"comment_status":"open","ping_status":"closed","template":"","meta":[],"product_brand":[],"product_cat":[1374],"product_tag":[],"class_list":{"0":"post-36875","1":"product","2":"type-product","3":"status-publish","4":"has-post-thumbnail","6":"product_cat-bombas-de-agua-e-cabecas-poderosas","8":"first","9":"instock","10":"shipping-taxable","11":"purchasable","12":"product-type-simple","13":"add-to-wishlist-after_add_to_cart"},"jetpack_sharing_enabled":true,"_links":{"self":[{"href":"https:\/\/www.reefshops.com\/pt-br\/wp-json\/wp\/v2\/product\/36875","targetHints":{"allow":["GET"]}}],"collection":[{"href":"https:\/\/www.reefshops.com\/pt-br\/wp-json\/wp\/v2\/product"}],"about":[{"href":"https:\/\/www.reefshops.com\/pt-br\/wp-json\/wp\/v2\/types\/product"}],"replies":[{"embeddable":true,"href":"https:\/\/www.reefshops.com\/pt-br\/wp-json\/wp\/v2\/comments?post=36875"}],"wp:featuredmedia":[{"embeddable":true,"href":"https:\/\/www.reefshops.com\/pt-br\/wp-json\/wp\/v2\/media\/5757"}],"wp:attachment":[{"href":"https:\/\/www.reefshops.com\/pt-br\/wp-json\/wp\/v2\/media?parent=36875"}],"wp:term":[{"taxonomy":"product_brand","embeddable":true,"href":"https:\/\/www.reefshops.com\/pt-br\/wp-json\/wp\/v2\/product_brand?post=36875"},{"taxonomy":"product_cat","embeddable":true,"href":"https:\/\/www.reefshops.com\/pt-br\/wp-json\/wp\/v2\/product_cat?post=36875"},{"taxonomy":"product_tag","embeddable":true,"href":"https:\/\/www.reefshops.com\/pt-br\/wp-json\/wp\/v2\/product_tag?post=36875"}],"curies":[{"name":"wp","href":"https:\/\/api.w.org\/{rel}","templated":true}]}}