{"id":36879,"date":"2016-09-25T23:28:35","date_gmt":"2016-09-25T23:28:35","guid":{"rendered":"https:\/\/www.reefshops.com\/product\/bomba-cascata-fonte-para-aquario-60w-koi-pond-hqc-3500\/"},"modified":"2025-03-16T08:44:51","modified_gmt":"2025-03-16T08:44:51","slug":"bomba-cascata-fonte-para-aquario-60w-koi-pond-hqc-3500","status":"publish","type":"product","link":"https:\/\/www.reefshops.com\/pt-br\/produto\/bomba-cascata-fonte-para-aquario-60w-koi-pond-hqc-3500\/","title":{"rendered":"Bomba cascata fonte para aqu\u00e1rio 60W Koi Pond HQC-3500"},"content":{"rendered":"<div style=\"clear:both\"><\/div>\n<p style=\"text-align:center\"><strong><em><span style=\"font-size:18px\"><span style=\"color:#ff0000\"> <span style=\"font-size:24px\">Bomba cascata para fonte de lago Koi de aqu\u00e1rio de 60W <\/span> <\/span><\/span><\/em><\/strong><strong><em><span style=\"font-size:18px\"><span style=\"color:#ff0000\"> <\/span><span style=\"color:#ff0000\"> <\/span><\/span><\/em><\/strong><\/p>\n<p><em><\/em> <\/p>\n<div id=\"ali-anchor-AliPostDhMb-nql1j\" style=\"padding-top:8px\" data-section=\"AliPostDhMb-nql1j\" data-section-title=\"Descri\u00e7\u00e3o do produto\">\n<div id=\"ali-title-AliPostDhMb-nql1j\" style=\"border-bottom:#ddd 1px solid;padding-bottom:8px;padding-top:8px;padding-left:0px;padding-right:0px\"><span style=\"font-weight:bold;color:#333;padding-bottom:8px;padding-top:8px;padding-left:10px;line-height:12px;padding-right:10px;background-color:#ddd\">Descri\u00e7\u00e3o do produto<\/span><\/div>\n<div style=\"padding-bottom:10px;padding-top:10px;padding-left:0px;padding-right:0px\">\n<\/div>\n<\/div>\n<p style=\"text-align:center\"><span style=\"color:#ff0000\"><em><strong><\/strong><\/em><span>1. ele usa n\u00facleo de eixo resistente ao desgaste de alta resist\u00eancia, <em><strong>tem economia de energia altamente eficiente e longa vida \u00fatil<\/strong><\/em>.<\/span><\/span><\/p>\n<p style=\"text-align:center\"><span style=\"font-size:12px;font-family:georgia,palatina;color:#ff0000\"><span style=\"color:#000000\">2. tem <strong><em>boa resist\u00eancia diel\u00e9trica \u00e0 prova d&#8217;\u00e1gua, alta, \u00e9 seguro e confi\u00e1vel<\/em><\/strong>.<\/span><\/span><\/p>\n<p style=\"text-align:center\"><span style=\"font-size:12px;font-family:georgia,palatino;color:#ff0000\"><span style=\"color:#000000\">3. voc\u00ea pode us\u00e1-lo <em><strong>como bombeamento e fonte<\/strong><\/em>.<\/span><\/span><\/p>\n<p style=\"text-align:center\"><span style=\"font-size:12px;font-family:georgia,palatino;color:#ff0000\"><span style=\"color:#000000\">4. aplicam-se a <em><strong>aqu\u00e1rios, lagoas,<\/strong><\/em> com equipamentos de reciclagem de \u00e1gua correspondentes.<\/span><\/span><\/p>\n<p><span style=\"font-family:georgia,palatino\"> <\/span><\/p>\n<p style=\"text-align:center\"><strong><span style=\"font-size:14px\"><span style=\"color:#ff0000\"><span style=\"color:#000000\">Par\u00e2metros da s\u00e9rie HQC<\/span><\/span><\/span><\/strong> <\/p>\n<table class=\"aliDataTable\">\n<tbody>\n<tr align=\"left\">\n<td style=\"background:#ffffff;width:67.85pt\" valign=\"middle\">\n<p style=\"background:#ffffff\"><span style=\"font-size:9pt;font-family:'Verdana';background:#ffffff;color:#000000\">Modelo<\/span><\/p>\n<\/td>\n<td style=\"background:#ffffff;width:63pt\" valign=\"middle\">\n<p style=\"background:#ffffff\"><span style=\"font-size:9pt;font-family:'Verdana';background:#ffffff;color:#000000\"> Tens\u00e3o<\/span><span style=\"font-size:9pt;background:#ffffff;color:#000000\"> <\/span><\/p>\n<\/td>\n<td valign=\"middle\">\n<p style=\"background:#ffffff\"><span style=\"font-size:9pt;font-family:'Verdana';background:#ffffff;color:#000000\">Frequ\u00eancia<\/span><\/p>\n<\/td>\n<td style=\"background:#ffffff;width:39.75pt\" valign=\"middle\">\n<p style=\"background:#ffffff\"><span style=\"font-size:9pt;font-family:'Verdana';background:#ffffff;color:#000000\">Poder<\/span><\/p>\n<\/td>\n<td style=\"background:#ffffff;width:42.65pt\" valign=\"middle\">\n<p style=\"background:#ffffff\"><span style=\"font-size:9pt;font-family:'Verdana';background:#ffffff;color:#000000\">H-max<\/span><\/p>\n<\/td>\n<td style=\"background:#ffffff;width:55.7pt\" valign=\"middle\">\n<p style=\"background:#ffffff\"><span style=\"font-size:9pt;font-family:'Verdana';background:#ffffff;color:#000000\">Sa\u00edda<\/span><\/p>\n<\/td>\n<td style=\"background:#ffffff;width:99.05pt\" valign=\"middle\">\n<p style=\"background:#ffffff\"><span style=\"font-size:9pt;font-family:'Verdana';background:#ffffff;color:#000000\">Dimens\u00f5es<\/span><\/p>\n<\/td>\n<\/tr>\n<tr align=\"left\">\n<td style=\"background:#ffffff\" valign=\"middle\">\n<p style=\"background:#ffffff\"><span style=\"font-size:9pt;background:#ffffff;color:#000000\">HQC-2200<\/span><\/p>\n<\/td>\n<td style=\"background:#ffffff\" valign=\"middle\">\n<p style=\"background:#ffffff\"><span style=\"font-size:9pt;font-family:'Verdana';background:#ffffff;color:#000000\">110V\/<\/span><span style=\"font-size:9pt;background:#ffffff;color:#000000\">220V\/<\/span><span style=\"font-size:9pt;font-family:'Verdana';background:#ffffff;color:#000000\">240V<\/span><\/p>\n<\/td>\n<td style=\"background:#ffffff\" valign=\"middle\">\n<p style=\"background:#ffffff\"><span style=\"font-size:9pt;font-family:'Verdana';background:#ffffff;color:#000000\">50Hz\/60Hz<\/span><\/p>\n<\/td>\n<td style=\"background:#ffffff\" valign=\"middle\">\n<p style=\"background:#ffffff\"><span style=\"font-size:9pt;background:#ffffff;color:#000000\">35<\/span><span style=\"font-size:9pt;font-family:'Verdana';background:#ffffff;color:#000000\">W<\/span><\/p>\n<\/td>\n<td valign=\"middle\">\n<p style=\"background:#ffffff\"><span style=\"font-size:9pt;background:#ffffff;color:#000000\">2.0<\/span><span style=\"font-size:9pt;font-family:'Verdana';background:#ffffff;color:#000000\">m<\/span><\/p>\n<\/td>\n<td valign=\"middle\">\n<p style=\"background:#ffffff\"><span style=\"font-size:9pt;background:#ffffff;color:#000000\">2<\/span><span style=\"font-size:9pt;font-family:'Verdana';background:#ffffff;color:#000000\">000L\/h<\/span><\/p>\n<\/td>\n<td style=\"background:#ffffff\" valign=\"middle\">\n<p style=\"background:#ffffff\"><span style=\"font-size:9pt;font-family:'Verdana';background:#ffffff;color:#000000\">20<\/span><span style=\"font-size:9pt;background:#ffffff;color:#000000\">8<\/span><span style=\"font-size:9pt;font-family:'Verdana';background:#ffffff;color:#000000\">*110*13<\/span><span style=\"font-size:9pt;background:#ffffff;color:#000000\">5<\/span><span style=\"font-size:9pt;font-family:'Verdana';background:#ffffff;color:#000000\">mm<\/span><\/p>\n<\/td>\n<\/tr>\n<tr align=\"left\">\n<td style=\"background:#ffffff\" valign=\"middle\">\n<p style=\"background:#ffffff\"><span style=\"font-size:9pt;background:#ffffff;color:#000000\">HQC-2500<\/span><\/p>\n<\/td>\n<td style=\"background:#ffffff\" valign=\"middle\">\n<p style=\"background:#ffffff\"><span style=\"font-size:9pt;font-family:'Verdana';background:#ffffff;color:#000000\">110V\/<\/span><span style=\"font-size:9pt;background:#ffffff;color:#000000\">220V\/<\/span><span style=\"font-size:9pt;font-family:'Verdana';background:#ffffff;color:#000000\">240V<\/span><\/p>\n<\/td>\n<td style=\"background:#ffffff\" valign=\"middle\">\n<p style=\"background:#ffffff\"><span style=\"font-size:9pt;font-family:'Verdana';background:#ffffff;color:#000000\">50Hz\/60Hz<\/span><\/p>\n<\/td>\n<td style=\"background:#ffffff\" valign=\"middle\">\n<p style=\"background:#ffffff\"><span style=\"font-size:9pt;background:#ffffff;color:#000000\">40<\/span><span style=\"font-size:9pt;font-family:'Verdana';background:#ffffff;color:#000000\">W<\/span><\/p>\n<\/td>\n<td valign=\"middle\">\n<p style=\"background:#ffffff\"><span style=\"font-size:9pt;background:#ffffff;color:#000000\">2.3<\/span><span style=\"font-size:9pt;font-family:'Verdana';background:#ffffff;color:#000000\">m<\/span><\/p>\n<\/td>\n<td valign=\"middle\">\n<p style=\"background:#ffffff\"><span style=\"font-size:9pt;background:#ffffff;color:#000000\">23<\/span><span style=\"font-size:9pt;font-family:'Verdana';background:#ffffff;color:#000000\">00L\/h<\/span><\/p>\n<\/td>\n<td style=\"background:#ffffff\" valign=\"middle\">\n<p style=\"background:#ffffff\"><span style=\"font-size:9pt;font-family:'Verdana';background:#ffffff;color:#000000\">20<\/span><span style=\"font-size:9pt;background:#ffffff;color:#000000\">8<\/span><span style=\"font-size:9pt;font-family:'Verdana';background:#ffffff;color:#000000\">*110*13<\/span><span style=\"font-size:9pt;background:#ffffff;color:#000000\">5<\/span><span style=\"font-size:9pt;font-family:'Verdana';background:#ffffff;color:#000000\">mm<\/span><\/p>\n<\/td>\n<\/tr>\n<tr align=\"left\">\n<td style=\"background:#ffffff\" valign=\"middle\">\n<p style=\"background:#ffffff\"><span style=\"font-size:9pt;background:#ffffff;color:#000000\">HQC-3000<\/span><\/p>\n<\/td>\n<td style=\"background:#ffffff\" valign=\"middle\">\n<p style=\"background:#ffffff\"><span style=\"font-size:9pt;font-family:'Verdana';background:#ffffff;color:#000000\">110V\/<\/span><span style=\"font-size:9pt;background:#ffffff;color:#000000\">220V\/<\/span><span style=\"font-size:9pt;font-family:'Verdana';background:#ffffff;color:#000000\">240V<\/span><\/p>\n<\/td>\n<td style=\"background:#ffffff\" valign=\"middle\">\n<p style=\"background:#ffffff\"><span style=\"font-size:9pt;font-family:'Verdana';background:#ffffff;color:#000000\">50Hz\/60Hz<\/span><\/p>\n<\/td>\n<td style=\"background:#ffffff\" valign=\"middle\">\n<p style=\"background:#ffffff\"><span style=\"font-size:9pt;background:#ffffff;color:#000000\">4<\/span><span style=\"font-size:9pt;font-family:'Verdana';background:#ffffff;color:#000000\">5W<\/span><\/p>\n<\/td>\n<td valign=\"middle\">\n<p style=\"background:#ffffff\"><span style=\"font-size:9pt;background:#ffffff;color:#000000\">2.6<\/span><span style=\"font-size:9pt;font-family:'Verdana';background:#ffffff;color:#000000\">m<\/span><\/p>\n<\/td>\n<td valign=\"middle\">\n<p style=\"background:#ffffff\"><span style=\"font-size:9pt;background:#ffffff;color:#000000\">26<\/span><span style=\"font-size:9pt;font-family:'Verdana';background:#ffffff;color:#000000\">00L\/h<\/span><\/p>\n<\/td>\n<td style=\"background:#ffffff\" valign=\"middle\">\n<p style=\"background:#ffffff\"><span style=\"font-size:9pt;font-family:'Verdana';background:#ffffff;color:#000000\">2<\/span><span style=\"font-size:9pt;background:#ffffff;color:#000000\">08<\/span><span style=\"font-size:9pt;font-family:'Verdana';background:#ffffff;color:#000000\">*1<\/span><span style=\"font-size:9pt;background:#ffffff;color:#000000\">10<\/span><span style=\"font-size:9pt;font-family:'Verdana';background:#ffffff;color:#000000\">*1<\/span><span style=\"font-size:9pt;background:#ffffff;color:#000000\">35<\/span><span style=\"font-size:9pt;font-family:'Verdana';background:#ffffff;color:#000000\">mm<\/span><\/p>\n<\/td>\n<\/tr>\n<tr align=\"left\">\n<td style=\"background:#ffffff\" valign=\"middle\">\n<p style=\"background:#ffffff\"><span style=\"font-size:9pt;background:#ffffff;color:#000000\">HQC-3500<\/span><\/p>\n<\/td>\n<td style=\"background:#ffffff\" valign=\"middle\">\n<p style=\"background:#ffffff\"><span style=\"font-size:9pt;font-family:'Verdana';background:#ffffff;color:#000000\">110V\/<\/span><span style=\"font-size:9pt;background:#ffffff;color:#000000\">220V\/<\/span><span style=\"font-size:9pt;font-family:'Verdana';background:#ffffff;color:#000000\">240V<\/span><\/p>\n<\/td>\n<td style=\"background:#ffffff\" valign=\"middle\">\n<p style=\"background:#ffffff\"><span style=\"font-size:9pt;font-family:'Verdana';background:#ffffff;color:#000000\">50Hz\/60Hz<\/span><\/p>\n<\/td>\n<td style=\"background:#ffffff\" valign=\"middle\">\n<p style=\"background:#ffffff\"><span style=\"font-size:9pt;background:#ffffff;color:#000000\">60<\/span><span style=\"font-size:9pt;font-family:'Verdana';background:#ffffff;color:#000000\">W<\/span><\/p>\n<\/td>\n<td valign=\"middle\">\n<p style=\"background:#ffffff\"><span style=\"font-size:9pt;background:#ffffff;color:#000000\">3,5<\/span><span style=\"font-size:9pt;font-family:'Verdana';background:#ffffff;color:#000000\">m<\/span><\/p>\n<\/td>\n<td valign=\"middle\">\n<p style=\"background:#ffffff\"><span style=\"font-size:9pt;background:#ffffff;color:#000000\">30<\/span><span style=\"font-size:9pt;font-family:'Verdana';background:#ffffff;color:#000000\">00L\/h<\/span><\/p>\n<\/td>\n<td style=\"background:#ffffff\" valign=\"middle\">\n<p style=\"background:#ffffff\"><span style=\"font-size:9pt;font-family:'Verdana';background:#ffffff;color:#000000\">2<\/span><span style=\"font-size:9pt;background:#ffffff;color:#000000\">08<\/span><span style=\"font-size:9pt;font-family:'Verdana';background:#ffffff;color:#000000\">*1<\/span><span style=\"font-size:9pt;background:#ffffff;color:#000000\">10<\/span><span style=\"font-size:9pt;font-family:'Verdana';background:#ffffff;color:#000000\">*1<\/span><span style=\"font-size:9pt;background:#ffffff;color:#000000\">35<\/span><span style=\"font-size:9pt;font-family:'Verdana';background:#ffffff;color:#000000\">mm<\/span><\/p>\n<\/td>\n<\/tr>\n<tr align=\"left\">\n<td style=\"background:#ffffff\" valign=\"middle\">\n<p style=\"background:#ffffff\"><span style=\"font-size:9pt;background:#ffffff;color:#000000\">HQC-4500<\/span><\/p>\n<\/td>\n<td style=\"background:#ffffff\" valign=\"middle\">\n<p style=\"background:#ffffff\"><span style=\"font-size:9pt;font-family:'Verdana';background:#ffffff;color:#000000\">110V\/<\/span><span style=\"font-size:9pt;background:#ffffff;color:#000000\">220V\/<\/span><span style=\"font-size:9pt;font-family:'Verdana';background:#ffffff;color:#000000\">240V<\/span><span style=\"font-size:9pt;background:#ffffff;color:#000000\"> <\/span><\/p>\n<\/td>\n<td style=\"background:#ffffff\" valign=\"middle\">\n<p style=\"background:#ffffff\"><span style=\"font-size:9pt;font-family:'Verdana';background:#ffffff;color:#000000\">50Hz\/60Hz<\/span><\/p>\n<\/td>\n<td style=\"background:#ffffff\" valign=\"middle\">\n<p style=\"background:#ffffff\"><span style=\"font-size:9pt;background:#ffffff;color:#000000\">100<\/span><span style=\"font-size:9pt;font-family:'Verdana';background:#ffffff;color:#000000\">W<\/span><\/p>\n<\/td>\n<td valign=\"middle\">\n<p style=\"background:#ffffff\"><span style=\"font-size:9pt;background:#ffffff;color:#000000\">4.0<\/span><span style=\"font-size:9pt;font-family:'Verdana';background:#ffffff;color:#000000\">m<\/span><\/p>\n<\/td>\n<td valign=\"middle\">\n<p style=\"background:#ffffff\"><span style=\"font-size:9pt;background:#ffffff;color:#000000\">45<\/span><span style=\"font-size:9pt;font-family:'Verdana';background:#ffffff;color:#000000\">00L\/h<\/span><\/p>\n<\/td>\n<td style=\"background:#ffffff\" valign=\"middle\">\n<p style=\"background:#ffffff\"><span style=\"font-size:9pt;background:#ffffff;color:#000000\">227<\/span><span style=\"font-size:9pt;font-family:'Verdana';background:#ffffff;color:#000000\">*1<\/span><span style=\"font-size:9pt;background:#ffffff;color:#000000\">4<\/span><span style=\"font-size:9pt;font-family:'Verdana';background:#ffffff;color:#000000\">0*1<\/span><span style=\"font-size:9pt;background:#ffffff;color:#000000\">65<\/span><span style=\"font-size:9pt;font-family:'Verdana';background:#ffffff;color:#000000\">mm <\/span><\/p>\n<\/td>\n<\/tr>\n<tr align=\"left\">\n<td style=\"background:#ffffff\" valign=\"middle\">\n<p style=\"background:#ffffff\"><span style=\"font-size:9pt;background:#ffffff;color:#000000\">HQC-5000<\/span><\/p>\n<\/td>\n<td style=\"background:#ffffff\" valign=\"middle\">\n<p style=\"background:#ffffff\"><span style=\"font-size:9pt;font-family:'Verdana';background:#ffffff;color:#000000\">110V\/<\/span><span style=\"font-size:9pt;background:#ffffff;color:#000000\">220V\/<\/span><span style=\"font-size:9pt;font-family:'Verdana';background:#ffffff;color:#000000\">240V<\/span><\/p>\n<\/td>\n<td style=\"background:#ffffff\" valign=\"middle\">\n<p style=\"background:#ffffff\"><span style=\"font-size:9pt;font-family:'Verdana';background:#ffffff;color:#000000\">50Hz\/60Hz<\/span><\/p>\n<\/td>\n<td style=\"background:#ffffff\" valign=\"middle\">\n<p style=\"background:#ffffff\"><span style=\"font-size:9pt;background:#ffffff;color:#000000\">150W<\/span><\/p>\n<\/td>\n<td style=\"background:#ffffff\" valign=\"middle\">\n<p style=\"background:#ffffff\"><span style=\"font-size:9pt;background:#ffffff;color:#000000\">5,0m<\/span><\/p>\n<\/td>\n<td style=\"background:#ffffff\" valign=\"middle\">\n<p style=\"background:#ffffff\"><span style=\"font-size:9pt;background:#ffffff;color:#000000\">5000L\/h<\/span><\/p>\n<\/td>\n<td style=\"background:#ffffff\" valign=\"middle\">\n<p style=\"background:#ffffff\"><span style=\"font-size:9pt;background:#ffffff;color:#000000\">227<\/span><span style=\"font-size:9pt;font-family:'Verdana';background:#ffffff;color:#000000\">*1<\/span><span style=\"font-size:9pt;background:#ffffff;color:#000000\">4<\/span><span style=\"font-size:9pt;font-family:'Verdana';background:#ffffff;color:#000000\">0*1<\/span><span style=\"font-size:9pt;background:#ffffff;color:#000000\">65<\/span><span style=\"font-size:9pt;font-family:'Verdana';background:#ffffff;color:#000000\">mm <\/span><\/p>\n<\/td>\n<\/tr>\n<\/tbody>\n<\/table>\n<p><span style=\"font-size:14px;color:#ff0000\"><em><strong>s\u00e9rie HQC<\/strong><\/em><\/span><\/p>\n<p><span style=\"font-size:14px;color:#ff0000\"><em><strong><span style=\"font-size:14px;color:#ff0000\"><em><strong><img decoding=\"async\" alt=\"60W Aquarium Koi Pond Fountain Waterfall Pump\" src=\"http:\/\/localhost\/media\/import\/detail\/531775842_469.jpg\"><\/strong><\/em><\/span> <\/strong><\/em><\/span><\/p>\n<p><span style=\"font-size:14px;color:#ff0000\"><em><strong><span style=\"font-size:14px;color:#ff0000\"><em><strong><img decoding=\"async\" alt=\"60W Aquarium Koi Pond Fountain Waterfall Pump\" src=\"http:\/\/localhost\/media\/import\/detail\/531775845_029.jpg\"><\/strong><\/em><\/span> <\/strong><\/em><\/span><\/p>\n<p><span style=\"font-size:14px;color:#ff0000\"><em><strong><img decoding=\"async\" alt=\"60W Aquarium Koi Pond Fountain Waterfall Pump\" src=\"http:\/\/localhost\/media\/import\/detail\/531775844_692.jpg\"><\/strong><\/em><\/span><\/p>\n<p><span style=\"font-size:14px;color:#ff0000\"><em><strong><span style=\"font-size:14px;color:#ff0000\"><em><strong><img decoding=\"async\" alt=\"60W Aquarium Koi Pond Fountain Waterfall Pump\" src=\"http:\/\/localhost\/media\/import\/detail\/531776083_718.jpg\"><\/strong><\/em><\/span><\/strong><\/em><\/span><\/p>\n<\/p>\n<p><span style=\"font-size:14px;color:#ff0000\"><em><strong>Outro tipos de bombas submers\u00edveis<\/strong><\/em><\/span><\/p>\n<p><img decoding=\"async\" alt=\"60W Aquarium Koi Pond Fountain Waterfall Pump\" src=\"http:\/\/localhost\/media\/import\/detail\/531263635_138.jpg\"><\/p>\n<p><strong><span style=\"font-size:14px;font-family:'Arial';color:#ff0000;font-style:italic\">Existem tantas bombas de \u00e1gua submers\u00edveis e todos os tipos de outros equipamentos de aqu\u00e1rio aqui, garantindo que voc\u00ea possa escolher um produto adequado aqui!<\/span><\/strong><\/p>\n<\/p>\n<p><span style=\"font-size:16px\"><em><strong><span style=\"color:#ff0000\">Introdu\u00e7\u00e3o de novos produtos<\/span><\/strong><\/em><\/span><\/p>\n<p><span style=\"font-size:16px\"><em><strong><span style=\"color:#ff0000\"><span style=\"font-size:14px;color:#ff0000\"><em><strong><img decoding=\"async\" alt=\"60W Aquarium Koi Pond Fountain Waterfall Pump\" src=\"http:\/\/localhost\/media\/import\/detail\/531264685_618.jpg\"><\/strong><\/em><\/span> <\/span><\/strong><\/em><\/span><\/p>\n<p><span style=\"font-size:16px\"><em><strong><span style=\"color:#ff0000\"><span style=\"font-size:14px;color:#ff0000\"><em><strong><img decoding=\"async\" alt=\"60W Aquarium Koi Pond Fountain Waterfall Pump\" src=\"http:\/\/localhost\/media\/import\/detail\/531338600_490.jpg\"><\/strong><\/em><\/span> <\/span><\/strong><\/em><\/span><\/p>\n<p><em><strong><span style=\"color:#ff0000\"><img decoding=\"async\" alt=\"60W Aquarium Koi Pond Fountain Waterfall Pump\" src=\"http:\/\/localhost\/media\/import\/detail\/531264681_359.jpg\"><img decoding=\"async\" alt=\"60W Aquarium Koi Pond Fountain Waterfall Pump\" src=\"http:\/\/localhost\/media\/import\/detail\/531264682_587.jpg\"><img decoding=\"async\" alt=\"60W Aquarium Koi Pond Fountain Waterfall Pump\" src=\"http:\/\/localhost\/media\/import\/detail\/531264684_471.jpg\"><\/span><\/strong><\/em><\/p>\n<p><em><strong><\/strong><\/em> <\/p>\n<div id=\"ali-anchor-AliPostDhMb-fgppj\" style=\"padding-top:8px\" data-section=\"AliPostDhMb-fgppj\" data-section-title=\"Informa\u00e7\u00f5es da empresa\"> <\/div>\n","protected":false},"excerpt":{"rendered":"<p>Bomba cascata fonte para aqu\u00e1rio 60W Koi Pond HQC-3500<\/p>\n","protected":false},"featured_media":5765,"comment_status":"open","ping_status":"closed","template":"","meta":[],"product_brand":[],"product_cat":[1374],"product_tag":[],"class_list":{"0":"post-36879","1":"product","2":"type-product","3":"status-publish","4":"has-post-thumbnail","6":"product_cat-bombas-de-agua-e-cabecas-poderosas","8":"first","9":"instock","10":"shipping-taxable","11":"purchasable","12":"product-type-simple","13":"add-to-wishlist-after_add_to_cart"},"jetpack_sharing_enabled":true,"_links":{"self":[{"href":"https:\/\/www.reefshops.com\/pt-br\/wp-json\/wp\/v2\/product\/36879","targetHints":{"allow":["GET"]}}],"collection":[{"href":"https:\/\/www.reefshops.com\/pt-br\/wp-json\/wp\/v2\/product"}],"about":[{"href":"https:\/\/www.reefshops.com\/pt-br\/wp-json\/wp\/v2\/types\/product"}],"replies":[{"embeddable":true,"href":"https:\/\/www.reefshops.com\/pt-br\/wp-json\/wp\/v2\/comments?post=36879"}],"wp:featuredmedia":[{"embeddable":true,"href":"https:\/\/www.reefshops.com\/pt-br\/wp-json\/wp\/v2\/media\/5765"}],"wp:attachment":[{"href":"https:\/\/www.reefshops.com\/pt-br\/wp-json\/wp\/v2\/media?parent=36879"}],"wp:term":[{"taxonomy":"product_brand","embeddable":true,"href":"https:\/\/www.reefshops.com\/pt-br\/wp-json\/wp\/v2\/product_brand?post=36879"},{"taxonomy":"product_cat","embeddable":true,"href":"https:\/\/www.reefshops.com\/pt-br\/wp-json\/wp\/v2\/product_cat?post=36879"},{"taxonomy":"product_tag","embeddable":true,"href":"https:\/\/www.reefshops.com\/pt-br\/wp-json\/wp\/v2\/product_tag?post=36879"}],"curies":[{"name":"wp","href":"https:\/\/api.w.org\/{rel}","templated":true}]}}