{"id":36886,"date":"2016-09-25T23:28:36","date_gmt":"2016-09-25T23:28:36","guid":{"rendered":"https:\/\/www.reefshops.com\/product\/bomba-decorativa-para-lago-sunsun-ce-gs-para-aquario-jardim-cfp-9000-95w-36m-9000l-h\/"},"modified":"2025-03-16T08:44:53","modified_gmt":"2025-03-16T08:44:53","slug":"bomba-decorativa-para-lago-sunsun-ce-gs-para-aquario-jardim-cfp-9000-95w-36m-9000l-h","status":"publish","type":"product","link":"https:\/\/www.reefshops.com\/pt-br\/produto\/bomba-decorativa-para-lago-sunsun-ce-gs-para-aquario-jardim-cfp-9000-95w-36m-9000l-h\/","title":{"rendered":"Bomba decorativa para lago SUNSUN CE\/GS para aqu\u00e1rio\/jardim CFP-9000 (95W 3,6m 9000L\/h)"},"content":{"rendered":"<div style=\"clear:both\"><\/div>\n<div id=\"ali-anchor-AliPostDhMb-s2iaa\" style=\"padding-top:8px\" data-section=\"AliPostDhMb-s2iaa\" data-section-title=\"signboard\">\n<div id=\"ali-title-AliPostDhMb-s2iaa\" style=\"border-bottom:#ddd 1px solid;padding-bottom:8px;padding-top:8px;padding-left:0px;padding-right:0px\"> <\/div>\n<p><span><\/span><\/p>\n<\/div>\n<p style=\"text-align:center\"><span style=\"font-size:24px\"><strong>Bomba decorativa para lago SUNSUN CE\/GS para aqu\u00e1rio\/jardim CFP-9000 (95W 3,6m 9000L\/h)<\/strong><\/span><\/p>\n<div id=\"ali-anchor-AliPostDhMb-pxw28\" style=\"padding-top:8px\" data-section=\"AliPostDhMb-pxw28\" data-section-title=\"Descri\u00e7\u00e3o do produto\">\n<div id=\"ali-title-AliPostDhMb-pxw28\" style=\"border-bottom:#ddd 1px solid;padding-bottom:8px;padding-top:8px;padding-left:0px;padding-right:0px\"><span style=\"font-weight:bold;color:#333;padding-bottom:8px;padding-top:8px;padding-left:10px;line-height:12px;padding-right:10px;background-color:#ddd\">Descri\u00e7\u00e3o do produto<\/span><\/div>\n<div style=\"padding-bottom:10px;padding-top:10px;padding-left:0px;padding-right:0px\">\n<p><strong><span style=\"font-size:11pt\">Bombas de lago de alto desempenho para todas as solu\u00e7\u00f5es de lago.<\/span><\/strong><\/p>\n<\/div>\n<\/div>\n<p><span style=\"font-size:11pt;font-family:times new roman,times\"> <\/span><\/p>\n<p><span style=\"font-size:11pt;font-family:times new roman,times\">Se voc\u00ea est\u00e1 procurando bombas para lago de baixa manuten\u00e7\u00e3o, n\u00f3s podemos ajudar. Esteja voc\u00ea come\u00e7ando do zero ou substituindo bombas antigas para lagos, temos certeza de que temos os produtos certos para voc\u00ea. Comece hoje mesmo sua busca por uma bomba decorativa para lago em sua faixa de pre\u00e7o.<\/span><\/p>\n<\/p>\n<p><span style=\"font-family:'times new roman', times;background-color:#ffff00\"><strong><span style=\"font-size:14pt;color:black\">[Par\u00e2metro da bomba decorativa para lago CFP-9000]<\/span><\/strong><\/span><\/p>\n<p><span style=\"font-family:times new roman,times\"><strong><span style=\"font-size:13.5pt;color:black\">Tens\u00e3o: 110V\/220V\/240V<\/span><\/strong><\/span><\/p>\n<p><span style=\"font-family:times new roman,times\"><strong><span style=\"font-size:13.5pt;color:black\">Frequ\u00eancia: 50Hz\/60Hz<\/span><\/strong><strong><span style=\"font-size:13.5pt;color:black\"> <\/span><\/strong><\/span><\/p>\n<p><span style=\"font-family:times new roman,times\"><strong><span style=\"font-size:13.5pt;color:black\">Pot\u00eancia: 95W<\/span><\/strong><\/span><\/p>\n<p><span style=\"font-family:times new roman,times\"><strong><span style=\"font-size:13.5pt;color:black\">Sa\u00edda: 9000L\/h<\/span><\/strong><\/span><\/p>\n<p><span style=\"font-family:times new roman,times\"><strong><span style=\"font-size:13.5pt;color:black\">H-max: 3,6m<\/span><\/strong><\/span><\/p>\n<p><span style=\"font-family:times new roman,times\"><strong><span style=\"font-size:13.5pt;color:black\">Comprimento do cabo: 10m<\/span><\/strong><\/span><\/p>\n<p><span style=\"font-family:times new roman,times\"><strong><span style=\"font-size:13.5pt;color:black\">Dimens\u00f5es: 310x300x150mm<\/span><\/strong><\/span><\/p>\n<p><span style=\"font-family:times new roman,times\"><strong><span style=\"font-size:14pt;color:red\">GR\u00c1TIS<\/span><\/strong><strong><span style=\"font-size:14pt;color:red\"> Garantia de 12 meses!!!<\/span><\/strong><\/span><\/p>\n<p><span style=\"font-family:times new roman,times;background-color:#ffff00\"><span style=\"font-size:18px\"><strong><span style=\"color:black\">[Decorativo<\/span><\/strong><\/span><strong><span style=\"font-size:13.5pt;color:black\">Bomba de lagoa<\/span><\/strong><strong><span style=\"font-size:14pt;color:black\">Recursos<\/span><span style=\"font-size:medium;color:black\">]<\/span><\/strong><strong><\/strong><\/span><\/p>\n<p><span style=\"font-size:medium;font-family:times new roman,times;color:black\">1. Esta bomba decorativa para lago adota eixo de cer\u00e2mica inoxid\u00e1vel e resiste a desgaste e ferrugem. O motor ass\u00edncrono padr\u00e3o de alto desempenho com novo design faz com que a<strong><span style=\"color:#ff0000\">economize energia desta bomba em at\u00e9 50% do que antes<\/span><\/strong>.<\/span><\/p>\n<p><span style=\"font-size:medium;font-family:times new roman,times;color:black\">2. Revestido com resina importada de alta qualidade, o desempenho \u00e0 prova d&#8217;\u00e1gua e de isolamento \u00e9 excelente. A h\u00e9lice espiral desta bomba decorativa para lago permite que o tamanho da part\u00edcula de sujeira seja t\u00e3o grande quanto 6 mm.<\/span><\/p>\n<p><span style=\"font-size:medium;font-family:times new roman,times;color:black\">3. Design multifuncional&#8212;&#8211;bombeamento, filtragem e fonte 3 em 1.Pode ser usado em \u00e1gua doce e \u00e1gua do mar.<\/span><\/p>\n<p><span style=\"font-size:medium;font-family:times new roman,times;color:black\">4. A sa\u00edda desta bomba decorativa para lago pode ser girada em 360 graus e tem um belo aspecto; o tubo da fonte \u00e9 f\u00e1cil de montar e pode ser usado em bombas de qualquer tamanho.<\/span><\/p>\n<p><span style=\"font-size:medium;font-family:times new roman,times;color:black\">5. O design da tela do filtro com \u00e1rea superdimensionada, prolonga o per\u00edodo de manuten\u00e7\u00e3o<\/span><\/p>\n<p><span style=\"font-size:medium;font-family:times new roman,times;color:black\">6. V\u00e1rios formatos de tubos de fonte est\u00e3o dispon\u00edveis. O tamanho e a altura da bela fonte podem ser ajustados como voc\u00ea quiser.<\/span><\/p>\n<p><span style=\"font-size:medium;font-family:'times new roman', times;color:black;background-color:#ffff00\"><span style=\"font-family:times new roman,times\"><strong><span style=\"font-size:14pt;color:black\">[<\/span><\/strong><strong><span style=\"font-size:13.5pt;color:black\">Outra bomba decorativa para lago<\/span><\/strong><strong><span style=\"font-size:14pt;color:black\"> Par\u00e2metro]<\/span><\/strong><\/span><\/span><\/p>\n<\/p>\n<p><img decoding=\"async\" alt=\"SUNSUN Bomba decorativa para lago CE\/GS para aqu\u00e1rio\/jardim CFP-9000 (95W 3,6m 9000L\/h)\" src=\"http:\/\/localhost\/media\/import\/detail\/701948065_446.jpg\"><\/p>\n<p><span style=\"font-size:medium;font-family:times new roman,times\"><span style=\"font-size:medium;font-family:times new roman,times;color:black\"><span style=\"font-family:times new roman,times\"><strong><span style=\"font-size:14pt;color:black\">[<strong><span style=\"font-size:large;font-family:Times New Roman\">Decorativo<\/span><\/strong><\/span><\/strong><strong><span style=\"font-size:13.5pt;color:black\">Bomba de Lago<\/span><\/strong><strong><span style=\"font-size:14pt;color:black\"> Curvas de Fun\u00e7\u00e3o]<\/span><\/strong><\/span><\/span><\/span><\/p>\n<\/p>\n<p><img decoding=\"async\" alt=\"SUNSUN Bomba decorativa para lago CE\/GS para aqu\u00e1rio\/jardim CFP-9000 (95W 3,6m 9000L\/h)\" src=\"http:\/\/localhost\/media\/import\/detail\/703620855_104.jpg\"><\/p>\n<p><span style=\"font-family:'times new roman', times;background-color:#ffff00\"><strong><span style=\"font-size:medium;color:black\">[<strong><span style=\"font-size:large;font-family:Times New Roman\">Decorativo<\/span><\/strong><\/span><\/strong><strong><span style=\"font-size:13.5pt;color:black\">Bomba de lago<\/span><\/strong><strong><span style=\"font-size:14pt;color:black\">Escopos aplic\u00e1veis<\/span><span style=\"font-size:medium;color:black\">]<\/span><\/strong><\/span><\/p>\n<p><span style=\"font-size:medium;font-family:times new roman,times\"><span style=\"color:black\">Esta bomba decorativa para lago<\/span>\u00e9 adequada para bombear e circular a \u00e1gua em aqu\u00e1rios, piscinas de frutos do mar e lago de jardim; filtrar e limpar a \u00e1gua de reprodu\u00e7\u00e3o e pulverizar as fontes internas e externas. style=&#8221;font-size:medium;color:black;&#8221;&gt;<span style=\"font-size:large\">[<\/span><\/span><\/strong><\/span>Decorativo <\/span><\/strong><strong><span style=\"font-size:13.5pt;color:black\">Bomba de lagoa<\/span><\/strong><strong><span style=\"font-size:14pt;color:black\"> Display]<\/span><\/strong><\/span><\/p>\n<\/p>\n<\/p>\n<p><img decoding=\"async\" alt=\"Bomba decorativa para lago SUNSUN CE\/GS para aqu\u00e1rio\/jardim CFP-9000 (95W 3,6m 9000L\/h)\" src=\"http:\/\/localhost\/media\/import\/detail\/703623091_071.jpg\"><img decoding=\"async\" alt=\"SUNSUN CE\/GS bomba decorativa para aqu\u00e1rio\/jardim CFP-9000 (95W 3,6m 9000L\/h)\" src=\"http:\/\/localhost\/media\/import\/detail\/703623094_968.jpg\"><\/p>\n<p><img decoding=\"async\" alt=\"SUNSUN CE\/GS bomba decorativa para aqu\u00e1rio\/jardim CFP-9000 (95W 3,6m 9000L\/h)\" src=\"http:\/\/localhost\/media\/import\/detail\/703624614_085.jpg\"><\/p>\n<div id=\"ali-anchor-AliPostDhMb-f36um\" style=\"padding-top:8px\" data-section=\"AliPostDhMb-f36um\" data-section-title=\"Informa\u00e7\u00f5es da empresa\"> <\/div>\n","protected":false},"excerpt":{"rendered":"<p>Bomba decorativa para lago SUNSUN CE\/GS para aqu\u00e1rio\/jardim CFP-9000 (95W 3,6m 9000L\/h)<\/p>\n","protected":false},"featured_media":5779,"comment_status":"open","ping_status":"closed","template":"","meta":[],"product_brand":[],"product_cat":[1374],"product_tag":[],"class_list":{"0":"post-36886","1":"product","2":"type-product","3":"status-publish","4":"has-post-thumbnail","6":"product_cat-bombas-de-agua-e-cabecas-poderosas","8":"first","9":"instock","10":"shipping-taxable","11":"purchasable","12":"product-type-simple","13":"add-to-wishlist-after_add_to_cart"},"jetpack_sharing_enabled":true,"_links":{"self":[{"href":"https:\/\/www.reefshops.com\/pt-br\/wp-json\/wp\/v2\/product\/36886","targetHints":{"allow":["GET"]}}],"collection":[{"href":"https:\/\/www.reefshops.com\/pt-br\/wp-json\/wp\/v2\/product"}],"about":[{"href":"https:\/\/www.reefshops.com\/pt-br\/wp-json\/wp\/v2\/types\/product"}],"replies":[{"embeddable":true,"href":"https:\/\/www.reefshops.com\/pt-br\/wp-json\/wp\/v2\/comments?post=36886"}],"wp:featuredmedia":[{"embeddable":true,"href":"https:\/\/www.reefshops.com\/pt-br\/wp-json\/wp\/v2\/media\/5779"}],"wp:attachment":[{"href":"https:\/\/www.reefshops.com\/pt-br\/wp-json\/wp\/v2\/media?parent=36886"}],"wp:term":[{"taxonomy":"product_brand","embeddable":true,"href":"https:\/\/www.reefshops.com\/pt-br\/wp-json\/wp\/v2\/product_brand?post=36886"},{"taxonomy":"product_cat","embeddable":true,"href":"https:\/\/www.reefshops.com\/pt-br\/wp-json\/wp\/v2\/product_cat?post=36886"},{"taxonomy":"product_tag","embeddable":true,"href":"https:\/\/www.reefshops.com\/pt-br\/wp-json\/wp\/v2\/product_tag?post=36886"}],"curies":[{"name":"wp","href":"https:\/\/api.w.org\/{rel}","templated":true}]}}