{"id":36889,"date":"2016-09-25T23:28:36","date_gmt":"2016-09-25T23:28:36","guid":{"rendered":"https:\/\/www.reefshops.com\/product\/bomba-externa-para-lago-com-economia-de-energia-sunsun-20000l-h-jep-20000\/"},"modified":"2025-03-16T08:44:54","modified_gmt":"2025-03-16T08:44:54","slug":"bomba-externa-para-lago-com-economia-de-energia-sunsun-20000l-h-jep-20000","status":"publish","type":"product","link":"https:\/\/www.reefshops.com\/pt-br\/produto\/bomba-externa-para-lago-com-economia-de-energia-sunsun-20000l-h-jep-20000\/","title":{"rendered":"Bomba externa para lago com economia de energia SUNSUN 20000L\/h JEP-20000"},"content":{"rendered":"<div style=\"clear:both\"><\/div>\n<p style=\"text-align:left\"><span style=\"color:#2891d6\"><em><span style=\"font-size:24px\"><strong><span style=\"background-color:#ffff00\"><\/p>\n<p> Bomba externa para lago com economia de energia SUNSUN 20000L\/h <\/span><\/strong><\/span><\/em><\/span> <\/p>\n<p style=\"text-align:left\"><strong><\/strong> <\/p>\n<p style=\"text-align:left\"><strong><span style=\"font-size:18px;color:#ff9900\">1. <\/span><\/strong><strong><span style=\"font-size:18px;color:#ff9900\">Descri\u00e7\u00e3o do produto<\/span><\/strong><\/p>\n<p style=\"text-align:left\"><span style=\"font-size:18px\"> <\/span><\/p>\n<p style=\"text-align:left\"><span style=\"font-size:14px;font-family:comic sans ms,sans-serif\">1.Tamanho de sa\u00edda m\u00faltiplo para v\u00e1rios tubos.<\/span><\/p>\n<p><span style=\"font-size:14px;font-family:comic sans ms,sans-serif\">2.A fun\u00e7\u00e3o de anf\u00edbio pode ser adequada em uma ampla gama <br \/><\/span><\/p>\n<p><span style=\"font-size:14px;font-family:comic sans ms,sans-serif\">3.Design de apar\u00eancia simplificado, estrutura razo\u00e1vel e alta efici\u00eancia.<\/span><\/p>\n<p><span style=\"font-size:14px\"><span style=\"font-family:comic sans ms,sans-serif\">4.Motor ass\u00edncrono padr\u00e3o de alto desempenho com novo design, baixo ru\u00eddo, <\/span><span style=\"font-family:comic sans ms,sans-serif\">economia de energia e \u00e0 prova d&#8217;\u00e1gua.<\/span><\/span><\/p>\n<p><span style=\"font-size:14px\"><span style=\"font-family:comic sans ms,sans-serif\">5.Design especial do motor, eixo de cer\u00e2mica \u00e0 prova de desgaste, longa vida \u00fatil e adequado <\/span><span style=\"font-family:comic sans ms,sans-serif\">para terra anf\u00edbia.<\/span><\/span><\/p>\n<p><span style=\"font-size:14px\"><span style=\"font-family:comic sans ms,sans-serif\">6.Ele usa n\u00facleo de eixo resistente ao desgaste de alta resist\u00eancia, tem energia altamente eficiente <\/span><span style=\"font-family:comic sans ms,sans-serif\">economia e longo servi\u00e7o vida.<\/span><\/span><\/p>\n<p style=\"text-align:left\"><span style=\"font-size:14px;font-family:comic sans ms,sans-serif;background:#ffffff;color:#000000\"> <\/span><strong><\/strong> <\/p>\n<p><span style=\"font-family:arial,helvetica,sans-serif\"><strong><span style=\"font-size:18px;color:#ff9900;background-color:#ffffff\">2. Detalhes da bomba externa para lago JEP-20000 <\/span><\/strong> <\/span><\/p>\n<p>&lt; <\/p>\n<p> <img loading=\"lazy\" decoding=\"async\" alt=\"SUNSUN Energy Saving 20000L\/h Bomba externa para lago\" src=\"http:\/\/localhost\/media\/import\/detail\/716740527_054.jpg\" width=\"599\" height=\"200\"><img loading=\"lazy\" decoding=\"async\" alt=\"SUNSUN Energy Saving 20000L\/h Bomba externa para lago\" src=\"http:\/\/localhost\/media\/import\/detail\/695435523_042.jpg\" width=\"600\" height=\"600\"><\/p>\n<\/p>\n<p><span style=\"color:#ff9900;background-color:#ffffff\"><strong><span style=\"font-size:18px;font-family:comic sans ms, sans-serif\">3.Plugs<\/span><\/strong><\/span><\/p>\n<\/p>\n<p> <img loading=\"lazy\" decoding=\"async\" alt=\"SUNSUN Energy Saving 20000L\/h External Pond Pump\" src=\"http:\/\/localhost\/media\/import\/detail\/701358586_388.jpg\" width=\"594\" height=\"363\"><\/p>\n<\/p>\n<p><p style=\"text-align:left\"><span style=\"font-size:24pt;color:#ff9900;font-style:italic\"><\/span><\/p><\/p>\n","protected":false},"excerpt":{"rendered":"<p>Bomba externa para lago com economia de energia SUNSUN 20000L\/h JEP-20000<\/p>\n","protected":false},"featured_media":5785,"comment_status":"open","ping_status":"closed","template":"","meta":[],"product_brand":[],"product_cat":[1374],"product_tag":[],"class_list":{"0":"post-36889","1":"product","2":"type-product","3":"status-publish","4":"has-post-thumbnail","6":"product_cat-bombas-de-agua-e-cabecas-poderosas","8":"first","9":"instock","10":"shipping-taxable","11":"purchasable","12":"product-type-simple","13":"add-to-wishlist-after_add_to_cart"},"jetpack_sharing_enabled":true,"_links":{"self":[{"href":"https:\/\/www.reefshops.com\/pt-br\/wp-json\/wp\/v2\/product\/36889","targetHints":{"allow":["GET"]}}],"collection":[{"href":"https:\/\/www.reefshops.com\/pt-br\/wp-json\/wp\/v2\/product"}],"about":[{"href":"https:\/\/www.reefshops.com\/pt-br\/wp-json\/wp\/v2\/types\/product"}],"replies":[{"embeddable":true,"href":"https:\/\/www.reefshops.com\/pt-br\/wp-json\/wp\/v2\/comments?post=36889"}],"wp:featuredmedia":[{"embeddable":true,"href":"https:\/\/www.reefshops.com\/pt-br\/wp-json\/wp\/v2\/media\/5785"}],"wp:attachment":[{"href":"https:\/\/www.reefshops.com\/pt-br\/wp-json\/wp\/v2\/media?parent=36889"}],"wp:term":[{"taxonomy":"product_brand","embeddable":true,"href":"https:\/\/www.reefshops.com\/pt-br\/wp-json\/wp\/v2\/product_brand?post=36889"},{"taxonomy":"product_cat","embeddable":true,"href":"https:\/\/www.reefshops.com\/pt-br\/wp-json\/wp\/v2\/product_cat?post=36889"},{"taxonomy":"product_tag","embeddable":true,"href":"https:\/\/www.reefshops.com\/pt-br\/wp-json\/wp\/v2\/product_tag?post=36889"}],"curies":[{"name":"wp","href":"https:\/\/api.w.org\/{rel}","templated":true}]}}