{"id":36901,"date":"2016-09-25T23:28:36","date_gmt":"2016-09-25T23:28:36","guid":{"rendered":"https:\/\/www.reefshops.com\/product\/1000l-h-16w-filtro-de-energia-para-lagoa-de-aquario-e-bomba-de-fonte-cqp-1000p\/"},"modified":"2025-03-16T08:44:57","modified_gmt":"2025-03-16T08:44:57","slug":"1000l-h-16w-filtro-de-energia-para-lagoa-de-aquario-e-bomba-de-fonte-cqp-1000p","status":"publish","type":"product","link":"https:\/\/www.reefshops.com\/pt-br\/produto\/1000l-h-16w-filtro-de-energia-para-lagoa-de-aquario-e-bomba-de-fonte-cqp-1000p\/","title":{"rendered":"1000L\/h 16W Filtro de energia para lagoa de aqu\u00e1rio e bomba de fonte CQP-1000P"},"content":{"rendered":"<div style=\"clear:both\"><\/div>\n<p><span style=\"font-size:24px;color:#ff9900\"><strong>1000L\/h 16W Filtro de energia para lagoa de aqu\u00e1rio e bomba de fonte CQP-1000P <\/strong><\/span><\/p>\n<\/p>\n<p><span style=\"font-size:14px\">especifica\u00e7\u00f5es :<\/span><\/p>\n<p><span style=\"font-size:14px\">1. ele usa n\u00facleo de eixo resistente ao desgaste de alta resist\u00eancia, tem economia de energia altamente eficiente e <\/span><\/p>\n<p><span style=\"font-size:14px\"><span style=\"background-color:#ffffff\"><strong><em> longa vida \u00fatil<\/em><\/strong><\/span>.<\/span><\/p>\n<p><span style=\"font-size:14px\">2. tem boa resist\u00eancia diel\u00e9trica \u00e0 prova d&#8217;\u00e1gua e alta; \u00e9 <span style=\"background-color:#ffffff\"><em><strong>seguro e confi\u00e1vel<\/strong><\/em>.<\/span><\/span><\/p>\n<p><span style=\"font-size:14px\">3. voc\u00ea pode us\u00e1-lo como <span style=\"background-color:#ffffff\"><strong><em>fonte de bombeamento e filtragem<\/em><\/strong>.<\/span><\/span><\/p>\n<\/p>\n<p><span style=\"font-size:16px;color:#0000ff;background-color:#ffff00\"><strong>Filtro de energia para lago e bombas de fonte par\u00e2metros<\/strong><\/span><\/p>\n<\/p>\n<table class=\"aliDataTable\" style=\"width:80%\" border=\"5\">\n<tbody>\n<tr>\n<td style=\"text-align:center\">Modelo <\/td>\n<td>Tens\u00e3o<\/td>\n<td>Frequ\u00eancia<\/td>\n<td>Pot\u00eancia<\/td>\n<td>H-max <\/td>\n<td>Sa\u00edda<\/td>\n<td>Comprimento do cabo<\/td>\n<td>Dimens\u00f5es<\/td>\n<\/tr>\n<tr>\n<td><span style=\"color:#ff9900\"><strong>CQP-1000P<\/strong><\/span><\/td>\n<td>110V\/220V\/240V<\/td>\n<td>50Hz\/60Hz<\/td>\n<td>16W<\/td>\n<td>1,5m<\/td>\n<td>1000L\/h<\/td>\n<td>5m<\/td>\n<td>110*110*75mm<\/td>\n<\/tr>\n<tr>\n<td>CQP-1000F<\/td>\n<td>110V\/220V\/240V<\/td>\n<td>50Hz\/60Hz<\/td>\n<td>16W<\/td>\n<td>1,5m<\/td>\n<td>1000L\/h<\/td>\n<td>5m<\/td>\n<td>110*110* 75mm<\/td>\n<\/tr>\n<tr>\n<td>CQP-8000<\/td>\n<td>110V\/220V\/240V<\/td>\n<td>50Hz\/60Hz<\/td>\n<td>70W<\/td>\n<td>3,2m<\/td>\n<p>8000L\/h<\/td>\n<td>10m<\/td>\n<td>275*152*165mm<\/td>\n<\/tr>\n<tr>\n<td>CQP-9000<\/td>\n<td>110V\/220V\/240V<\/td>\n<td>5 0Hz\/60Hz<\/td>\n<td>95W<\/td>\n<td>3,6m<\/td>\n<td>9000L\/h<\/td>\n<td>10m<\/td>\n<td>275*152*165mm<\/td>\n<\/tr>\n<tr>\n<td>CQ P-10000<\/td>\n<td>110V\/220V\/240V<\/td>\n<td>50Hz\/60Hz<\/td>\n<td>155W<\/td>\n<td>5,0m<\/td>\n<td>10000L\/h<\/td>\n<td>10 m<\/td>\n<td>275*152*165mm<\/td>\n<\/tr>\n<tr>\n<td>CQP-13000<\/td>\n<td>110V\/220V\/240V<\/td>\n<td>50Hz\/60Hz<\/td>\n<td>180 W<\/td>\n<td>5,2m<\/td>\n<td>13000L\/h<\/td>\n<td>10m<\/td>\n<td>305*170*180mm<\/td>\n<\/tr>\n<tr>\n<td>CQP-15000<\/td>\n<td>1 10V\/220V\/240V<\/td>\n<td>50Hz\/60Hz<\/td>\n<td>215W<\/td>\n<td>5,8m<\/td>\n<td>15000L\/h<\/td>\n<td>10m<\/td>\n<td>305*170* 180 mm<\/td>\n<\/tr>\n<tr>\n<td>CQP-18000<\/td>\n<td>110V\/220V\/240V<\/td>\n<td>50Hz\/60Hz<\/td>\n<td>315W<\/td>\n<td>6,2m<\/p>\n<td>18000L\/h<\/td>\n<td>10m<\/td>\n<td>305*170*180mm<\/td>\n<\/tr>\n<tr>\n<td>CQP-3500P\/F<\/td>\n<td>110V\/220V\/240V<\/p>\n<td>50Hz\/60Hz<\/td>\n<td>42w<\/td>\n<td>2,5m<\/td>\n<td>3500L\/h<\/td>\n<td>10m<\/td>\n<td>267*223*132mm<\/td>\n<\/tr>\n<td>CQP-4500P\/F<\/td>\n<td>110V\/220V\/240V<\/td>\n<td>50Hz\/60Hz<\/td>\n<td>75W<\/td>\n<td>3,5m<\/td>\n<td>4500L\/h<\/td>\n<td>10m<\/td>\n<td>267*223*132mm<\/td>\n<\/tr>\n<tr>\n<td>CQP-5000P\/F<\/td>\n<td>110V\/220V\/240V<\/td>\n<td>50Hz\/60Hz<\/ td><\/p>\n<td>100W<\/td>\n<td>3,8m<\/td>\n<td>5000L\/h<\/td>\n<td>10m<\/td>\n<td>267*223*132mm<\/td>\n<\/tr>\n<\/tbody>\n<\/table>\n<p><span style=\"font-size:16px;color:#0000ff;background-color:#ffff00\"><strong>Mostram filtro de energia e bombas de fonte<\/strong><\/span><\/p>\n<p><span style=\"font-size:14px\"><strong><span style=\"color:#ff6600\"> <\/span><\/strong><\/span><\/p>\n<p><span style=\"font-size:14px\"><strong><span style=\"color:#ff6600\"><img decoding=\"async\" alt=\"1000L\/h Filtro de energia para lagoa de aqu\u00e1rio de 16W e bomba de fonte CQP-1000P\" src=\"http:\/\/localhost\/media\/import\/detail\/563810527_748.jpg\"><img decoding=\"async\" alt=\"1000L\/h 16W Filtro de energia para lagoa de aqu\u00e1rio e bomba de fonte CQP-1000P\" src=\"http:\/\/localhost\/media\/import\/detail\/563810529_388.jpg\"><img decoding=\"async\" alt=\"1000L\/h 16W Filtro de energia para lagoa de aqu\u00e1rio e bomba de fonte CQP-1000P\" src=\"http:\/\/localhost\/media\/import\/detail\/563810531_614.jpg\"><img decoding=\"async\" alt=\"1000L\/h Filtro de energia para lagoa de aqu\u00e1rio de 16W e bomba de fonte CQP-1000P\" src=\"http:\/\/localhost\/media\/import\/detail\/563810534_641.jpg\"><img decoding=\"async\" alt=\"1000L\/h Filtro de energia para lagoa de aqu\u00e1rio de 16W e bomba de fonte CQP-1000P\" src=\"http:\/\/localhost\/media\/import\/detail\/563810539_716.jpg\"><\/span><\/strong><\/span><\/p>\n<\/p>\n<p><span style=\"font-size:16px;color:#0000ff;background-color:#ffff00\"><strong>Fonte diferente cabe\u00e7as diferentes recursos de fonte<\/strong><\/span><\/p>\n<\/p>\n<p><span style=\"font-size:14px\"><strong><span style=\"color:#ff6600\"><img decoding=\"async\" alt=\"1000L\/h 16W Filtro de pot\u00eancia para lagoa de aqu\u00e1rio e bomba de fonte CQP-1000P\" src=\"http:\/\/localhost\/media\/import\/detail\/563811615_392.jpg\"><img decoding=\"async\" alt=\"1000L\/h 16W Filtro de pot\u00eancia para lagoa de aqu\u00e1rio e bomba de fonte CQP-1000P\" src=\"http:\/\/localhost\/media\/import\/detail\/563811616_195.jpg\"><img decoding=\"async\" alt=\"1000L\/h 16W Filtro de pot\u00eancia para lagoa de aqu\u00e1rio e bomba de fonte CQP-1000P\" src=\"http:\/\/localhost\/media\/import\/detail\/563811618_669.jpg\"><\/span><\/strong><\/span><\/p><\/p>\n","protected":false},"excerpt":{"rendered":"<p>1000L\/h 16W Filtro de energia para lagoa de aqu\u00e1rio e bomba de fonte CQP-1000P<\/p>\n","protected":false},"featured_media":5809,"comment_status":"open","ping_status":"closed","template":"","meta":[],"product_brand":[],"product_cat":[1374],"product_tag":[],"class_list":{"0":"post-36901","1":"product","2":"type-product","3":"status-publish","4":"has-post-thumbnail","6":"product_cat-bombas-de-agua-e-cabecas-poderosas","8":"first","9":"instock","10":"shipping-taxable","11":"purchasable","12":"product-type-simple","13":"add-to-wishlist-after_add_to_cart"},"jetpack_sharing_enabled":true,"_links":{"self":[{"href":"https:\/\/www.reefshops.com\/pt-br\/wp-json\/wp\/v2\/product\/36901","targetHints":{"allow":["GET"]}}],"collection":[{"href":"https:\/\/www.reefshops.com\/pt-br\/wp-json\/wp\/v2\/product"}],"about":[{"href":"https:\/\/www.reefshops.com\/pt-br\/wp-json\/wp\/v2\/types\/product"}],"replies":[{"embeddable":true,"href":"https:\/\/www.reefshops.com\/pt-br\/wp-json\/wp\/v2\/comments?post=36901"}],"wp:featuredmedia":[{"embeddable":true,"href":"https:\/\/www.reefshops.com\/pt-br\/wp-json\/wp\/v2\/media\/5809"}],"wp:attachment":[{"href":"https:\/\/www.reefshops.com\/pt-br\/wp-json\/wp\/v2\/media?parent=36901"}],"wp:term":[{"taxonomy":"product_brand","embeddable":true,"href":"https:\/\/www.reefshops.com\/pt-br\/wp-json\/wp\/v2\/product_brand?post=36901"},{"taxonomy":"product_cat","embeddable":true,"href":"https:\/\/www.reefshops.com\/pt-br\/wp-json\/wp\/v2\/product_cat?post=36901"},{"taxonomy":"product_tag","embeddable":true,"href":"https:\/\/www.reefshops.com\/pt-br\/wp-json\/wp\/v2\/product_tag?post=36901"}],"curies":[{"name":"wp","href":"https:\/\/api.w.org\/{rel}","templated":true}]}}