{"id":36909,"date":"2016-09-25T23:28:36","date_gmt":"2016-09-25T23:28:36","guid":{"rendered":"https:\/\/www.reefshops.com\/product\/bomba-de-agua-de-fonte-submersivel-9000l-h-jep-9000f\/"},"modified":"2025-03-16T08:44:59","modified_gmt":"2025-03-16T08:44:59","slug":"bomba-de-agua-de-fonte-submersivel-9000l-h-jep-9000f","status":"publish","type":"product","link":"https:\/\/www.reefshops.com\/pt-br\/produto\/bomba-de-agua-de-fonte-submersivel-9000l-h-jep-9000f\/","title":{"rendered":"Bomba de \u00e1gua de fonte submers\u00edvel 9000L\/h JEP-9000F"},"content":{"rendered":"<div style=\"clear:both\"><\/div>\n<p style=\"text-align:center\">\n<div id=\"ali-anchor-AliPostDhMb-wzqv3\" style=\"padding-top:8px\" data-section=\"AliPostDhMb-wzqv3\" data-section-title=\"name\">\n<div id=\"ali-title-AliPostDhMb-wzqv3\" style=\"border-bottom:#ddd 1px solid;padding-bottom:8px;padding-top:8px;padding-left:0px;padding-right:0px\"><span style=\"font-weight:bold;color:#333;padding-bottom:8px;padding-top:8px;padding-left:10px;line-height:12px;padding-right:10px;background-color:#ddd\"><\/span><\/div>\n<div style=\"padding-bottom:10px;padding-top:10px;padding-left:0px;padding-right:0px\">\n<p style=\"text-align:center\"><span> <\/span><span style=\"font-size:24px;font-family:Verdana, Arial, Helvetica, sans-serif;text-align:center\"><strong>9000L\/h Fonte de \u00e1gua submers\u00edvel BombaJEP-9000F <\/strong><span style=\"font-family:georgia, palatino\"><strong> <\/strong><\/span><\/span><span style=\"color:#000080\"><strong><span style=\"font-size:16px\"><span style=\"font-size:18px;color:#003300\"><strong> <\/strong><\/span> <\/span><\/strong><\/span><\/p>\n<\/div>\n<\/div>\n<div id=\"ali-anchor-AliPostDhMb-dpqfm\" style=\"padding-top:8px\" data-section=\"AliPostDhMb-dpqfm\" data-section-title=\"Descri\u00e7\u00e3o do produto\">\n<div id=\"ali-title-AliPostDhMb-dpqfm\" style=\"border-bottom:#ddd 1px solid;padding-bottom:8px;padding-top:8px;padding-left:0px;padding-right:0px\"><span style=\"font-weight:bold;color:#333;padding-bottom:8px;padding-top:8px;padding-left:10px;line-height:12px;padding-right:10px;background-color:#ddd\">Descri\u00e7\u00e3o do produto<\/span><\/div>\n<div style=\"padding-bottom:10px;padding-top:10px;padding-left:0px;padding-right:0px\">\n<\/div>\n<\/div>\n<p style=\"text-align:center\">\n<p style=\"text-align:center\"><span style=\"font-size:14px;color:#008000\"><strong>Especifica\u00e7\u00f5es<\/strong><\/span><\/p>\n<p style=\"text-align:center\"><span style=\"font-size:14px;color:#008000\"><strong>1.usado para lagoa e tanque.<\/strong><\/span><\/p>\n<p style=\"text-align:center\"><span><strong>2. Motor ass\u00edncrono padr\u00e3o de alto desempenho com novo design, baixo ru\u00eddo,<\/strong><\/span><\/p>\n<p style=\"text-align:center\"><span style=\"font-size:14px;color:#008000\"><strong>economia de energia e \u00e0 prova d&#8217;\u00e1gua.<\/strong><\/span><\/p>\n<p style=\"text-align:center\">\n<p style=\"text-align:center\"><span><strong>3. Design especial para o rotor, eixo cer\u00e2mico \u00e0 prova d&#8217;\u00e1gua, longa vida \u00fatil e adequado para anf\u00edbios terrestres.<\/strong><\/span><\/p>\n<p style=\"text-align:center\"><span style=\"font-size:14px;color:#008000\"><strong>4. Conector de descarga m\u00faltipla para v\u00e1rios tubos.<\/strong><\/span><\/p>\n<p style=\"text-align:center\"><span style=\"font-size:14px;color:#008000\"><strong>5. Pode controlar o fluxo.<\/strong><\/span><\/p>\n<p style=\"text-align:center\">\n<p style=\"text-align:center\"><span style=\"font-size:14px;color:#008000\"><strong>6. Fontes personalizadas com v\u00e1rios designs. Forne\u00e7a oxig\u00eanio \u00e0s lagoas<\/strong><\/span><\/p>\n<p style=\"text-align:center\"><span style=\"font-size:14px;color:#008000\"><strong>na<\/strong><\/span><span style=\"font-size:14px;color:#008000\"><strong>na moda<\/strong><\/span><span style=\"font-size:14px;color:#008000\"><strong>way.<\/strong><\/span><\/p>\n<p style=\"text-align:center\"><span style=\"font-size:14px;color:#008000\"><strong>7. Foram equipados com o regulador que pode ser puxado para frente e para tr\u00e1s.<\/strong><\/span><\/p>\n<p style=\"text-align:center\"><span style=\"font-size:14px;color:#008000\"><strong>F\u00e1cil para voc\u00ea ajustar a altura.<\/strong><\/span><\/p>\n<p style=\"text-align:center\"> <strong>Par\u00e2metros das bombas de \u00e1gua de fonte da s\u00e9rie JEP<\/strong><\/p>\n<table class=\"aliDataTable\" style=\"height:159px;width:700px\">\n<tbody>\n<tr align=\"left\">\n<td style=\"width:53.25pt\" valign=\"top\">\n<p><span style=\"font-size:12px\">Modelo<\/span><\/p>\n<\/td>\n<td style=\"width:53.25pt\" valign=\"top\">\n<p><span style=\"font-size:12px\">Tens\u00e3o<\/span><\/p>\n<\/td>\n<td style=\"width:53.25pt\" valign=\"top\">\n<p><span style=\"font-size:12px\">Frequ\u00eancia<\/span><\/p>\n<\/td>\n<td style=\"width:53.25pt\" valign=\"top\">\n<p><span style=\"font-size:12px\">Poder<\/span><\/p>\n<\/td>\n<td style=\"width:53.25pt\" valign=\"top\">\n<p><span style=\"font-size:12px\">H-m\u00e1x<\/span><\/p>\n<\/td>\n<td style=\"width:53.25pt\" valign=\"top\">\n<p><span style=\"font-size:12px\">Sa\u00edda<\/span><\/p>\n<\/td>\n<td style=\"width:53.25pt\" valign=\"top\">\n<p><span style=\"font-size:12px\"> Peso<\/span><\/p>\n<\/td>\n<td style=\"width:53.3pt\" valign=\"top\">\n<p><span style=\"font-size:12px\">Dimens\u00f5es<\/span><\/p>\n<\/td>\n<\/tr>\n<tr align=\"left\">\n<td valign=\"top\">\n<p><span style=\"font-size:12px\">JEP-5000F<\/span><\/p>\n<\/td>\n<td valign=\"top\">\n<p><span style=\"font-size:12px\">110V\/220V\/240V<\/span><\/p>\n<\/td>\n<td valign=\"top\">\n<p><span style=\"font-size:12px;font-family:'Verdana';background:#ffffff;color:#000000\">50Hz\/60Hz<\/span><\/p>\n<\/td>\n<td valign=\"top\">\n<p><span style=\"font-size:12px\">60W<\/span><\/p>\n<\/td>\n<td valign=\"top\">\n<p><span style=\"font-size:12px\">3,0m<\/span><\/p>\n<\/td>\n<td valign=\"top\">\n<p><span style=\"font-size:12px\">5000L\/h<\/span><\/p>\n<\/td>\n<td valign=\"top\">\n<p><span style=\"font-size:12px\"> 3,0kg<\/span><\/p>\n<\/td>\n<td valign=\"top\">\n<p><span style=\"font-size:12px\">265*115*130mm<\/span><\/p>\n<\/td>\n<\/tr>\n<tr align=\"left\">\n<td valign=\"top\">\n<p><span style=\"font-size:12px\">JEP-8000F<\/span><\/p>\n<\/td>\n<td valign=\"top\">\n<p><span style=\"font-size:12px\">110V\/220V\/240V<\/span><\/p>\n<\/td>\n<td valign=\"top\">\n<p><span style=\"font-size:12px;font-family:'Verdana';background:#ffffff;color:#000000\">50Hz\/60Hz<\/span><\/p>\n<\/td>\n<td valign=\"top\">\n<p><span style=\"font-size:12px\">90W<\/span><\/p>\n<\/td>\n<td valign=\"top\">\n<p><span style=\"font-size:12px\">3,6m<\/span><\/p>\n<\/td>\n<td valign=\"top\">\n<p><span style=\"font-size:12px\">8000L\/h<\/span><\/p>\n<\/td>\n<td valign=\"top\">\n<p><span style=\"font-size:12px\"> 3,0kg<\/span><\/p>\n<\/td>\n<td valign=\"top\">\n<p><span style=\"font-size:12px\">265*115*130mm<\/span><\/p>\n<\/td>\n<\/tr>\n<tr align=\"left\">\n<td valign=\"top\">\n<p><span style=\"font-size:12px\">JEP-9000F<\/span><\/p>\n<\/td>\n<td valign=\"top\">\n<p><span style=\"font-size:12px\">110V\/220V\/240V<\/span><\/p>\n<\/td>\n<td valign=\"top\">\n<p><span style=\"font-size:12px;font-family:'Verdana';background:#ffffff;color:#000000\">50Hz\/60Hz<\/span><\/p>\n<\/td>\n<td valign=\"top\">\n<p><span style=\"font-size:12px\">125W<\/span><\/p>\n<\/td>\n<td valign=\"top\">\n<p><span style=\"font-size:12px\">4,5m<\/span><\/p>\n<\/td>\n<td valign=\"top\">\n<p><span style=\"font-size:12px\">9000L\/h<\/span><\/p>\n<\/td>\n<td valign=\"top\">\n<p><span style=\"font-size:12px\"> 3,5kg<\/span><\/p>\n<\/td>\n<td valign=\"top\">\n<p><span style=\"font-size:12px\">270*123*140mm<\/span><\/p>\n<\/td>\n<\/tr>\n<tr align=\"left\">\n<td valign=\"top\">\n<p><span style=\"font-size:12px\">JEP-10000F<\/span><\/p>\n<\/td>\n<td valign=\"top\">\n<p><span style=\"font-size:12px\">110V\/220V\/240V<\/span><\/p>\n<\/td>\n<td valign=\"top\">\n<p><span style=\"font-size:12px;font-family:'Verdana';background:#ffffff;color:#000000\">50Hz\/60Hz<\/span><\/p>\n<\/td>\n<td valign=\"top\">\n<p><span style=\"font-size:12px\">155W<\/span><\/p>\n<\/td>\n<td valign=\"top\">\n<p><span style=\"font-size:12px\">4,75m<\/span><\/p>\n<\/td>\n<td valign=\"top\">\n<p><span style=\"font-size:12px\">10000L\/h<\/span><\/p>\n<\/td>\n<td valign=\"top\">\n<p><span style=\"font-size:12px\"> 3,5kg<\/span><\/p>\n<\/td>\n<td valign=\"top\">\n<p><span style=\"font-size:12px\">270*123*140mm<\/span><\/p>\n<\/td>\n<\/tr>\n<\/tbody>\n<\/table>\n<p style=\"text-align:center\"><span style=\"font-size:14px;color:#008000\"><strong>Mostram bombas de fonte da s\u00e9rie JEP<\/strong><\/span><\/p>\n<p style=\"text-align:center\"><span style=\"font-size:14px;color:#008000\"><strong><img loading=\"lazy\" decoding=\"async\" alt=\"9000L\/h Bomba de \u00e1gua de fonte submers\u00edvel JEP-9000F\" src=\"http:\/\/localhost\/media\/import\/detail\/532796008_498.jpg\" width=\"611\" height=\"441\"><img decoding=\"async\" alt=\"9000L\/h Bomba de \u00e1gua de fonte submers\u00edvel JEP-9000F\" src=\"http:\/\/localhost\/media\/import\/detail\/532796011_203.jpg\"><\/strong><\/span><\/p>\n<p style=\"text-align:center\"><span style=\"color:#008000\"><strong><span style=\"font-size:14px\">Outras bombas de fonte semelhantes<\/span><\/strong><\/span><\/p>\n<p style=\"text-align:center\"><img loading=\"lazy\" decoding=\"async\" alt=\"9000L\/h Bomba de \u00e1gua de fonte submers\u00edvel JEP-9000F\" src=\"http:\/\/localhost\/media\/import\/detail\/532653876_683.jpg\" width=\"625\" height=\"370\"><img loading=\"lazy\" decoding=\"async\" alt=\"9000L\/h Bomba de \u00e1gua submers\u00edvel para fonte JEP-9000F\" src=\"http:\/\/localhost\/media\/import\/detail\/532653877_134.jpg\" width=\"611\" height=\"397\"><img loading=\"lazy\" decoding=\"async\" alt=\"9000L\/h Bomba de \u00e1gua submers\u00edvel para fonte JEP-9000F\" src=\"http:\/\/localhost\/media\/import\/detail\/532653878_483.jpg\" width=\"609\" height=\"443\"><\/p>\n<p style=\"text-align:center\"><img loading=\"lazy\" decoding=\"async\" alt=\"9000L\/h Bomba de \u00e1gua submers\u00edvel para fonte JEP-9000F\" src=\"http:\/\/localhost\/media\/import\/detail\/532653505_848.jpg\" width=\"614\" height=\"379\"><\/p>\n<p style=\"text-align:center\">\n<p style=\"text-align:center\"><span style=\"font-size:14px;color:#0000ff\"><strong>Cabe\u00e7a de fonte diferente cria recursos de fonte diferentes:<\/strong><\/span><\/p>\n<p style=\"text-align:center\">\n<p style=\"text-align:center\"><img decoding=\"async\" alt=\"9000L\/h Bomba de \u00e1gua de fonte submers\u00edvel JEP-9000F\" src=\"http:\/\/localhost\/media\/import\/detail\/532655079_607.jpg\"><img decoding=\"async\" alt=\"9000L\/h Bomba de \u00e1gua submers\u00edvel para fonte JEP-9000F\" src=\"http:\/\/localhost\/media\/import\/detail\/532655082_060.jpg\"> <\/p>\n<p style=\"text-align:center\"> <span style=\"font-size:14px\"><strong><span style=\"color:#0000ff\">Estilo foguete estilo espuma<\/span><\/strong><\/span><\/p>\n<p style=\"text-align:center\"><img decoding=\"async\" alt=\"9000L\/h Fonte Submers\u00edvel Bomba de \u00e1gua JEP-9000F\" src=\"http:\/\/localhost\/media\/import\/detail\/532655084_174.jpg\"><img decoding=\"async\" alt=\"9000L\/h Bomba de \u00e1gua de fonte submers\u00edvel JEP-9000F\" src=\"http:\/\/localhost\/media\/import\/detail\/532655086_916.jpg\"><\/p>\n<p style=\"text-align:center\"> <span style=\"font-size:14px\"><strong><span style=\"color:#0000ff\">Estilo Champanhe<\/span><\/strong><\/span> <span style=\"font-size:14px\"><strong><span style=\"color:#0000ff\"> Estilo Tenda<\/span><\/strong><\/span><\/p>\n<p style=\"text-align:center\"><img decoding=\"async\" alt=\"9000L\/h Bomba de \u00e1gua de fonte submers\u00edvel JEP-9000F\" src=\"http:\/\/localhost\/media\/import\/detail\/532655087_860.jpg\"><img decoding=\"async\" alt=\"9000L\/h Bomba de \u00e1gua submers\u00edvel para fonte JEP-9000F\" src=\"http:\/\/localhost\/media\/import\/detail\/532656174_057.jpg\"><\/p>\n<p style=\"text-align:center\"> <span style=\"font-size:14px\"><strong><span style=\"color:#0000ff\"> Estilo Vulc\u00e3o<\/span><\/strong><\/span><\/p>\n<div id=\"ali-anchor-AliPostDhMb-0j5bx\" style=\"padding-top:8px\" data-section=\"AliPostDhMb-0j5bx\" data-section-title=\"Certificado\"> <\/div>\n<div style=\"clear:both\"><\/div>\n","protected":false},"excerpt":{"rendered":"<p>Bomba de \u00e1gua de fonte submers\u00edvel 9000L\/h JEP-9000F<\/p>\n","protected":false},"featured_media":5825,"comment_status":"open","ping_status":"closed","template":"","meta":[],"product_brand":[],"product_cat":[1374],"product_tag":[],"class_list":{"0":"post-36909","1":"product","2":"type-product","3":"status-publish","4":"has-post-thumbnail","6":"product_cat-bombas-de-agua-e-cabecas-poderosas","8":"first","9":"instock","10":"shipping-taxable","11":"purchasable","12":"product-type-simple","13":"add-to-wishlist-after_add_to_cart"},"jetpack_sharing_enabled":true,"_links":{"self":[{"href":"https:\/\/www.reefshops.com\/pt-br\/wp-json\/wp\/v2\/product\/36909","targetHints":{"allow":["GET"]}}],"collection":[{"href":"https:\/\/www.reefshops.com\/pt-br\/wp-json\/wp\/v2\/product"}],"about":[{"href":"https:\/\/www.reefshops.com\/pt-br\/wp-json\/wp\/v2\/types\/product"}],"replies":[{"embeddable":true,"href":"https:\/\/www.reefshops.com\/pt-br\/wp-json\/wp\/v2\/comments?post=36909"}],"wp:featuredmedia":[{"embeddable":true,"href":"https:\/\/www.reefshops.com\/pt-br\/wp-json\/wp\/v2\/media\/5825"}],"wp:attachment":[{"href":"https:\/\/www.reefshops.com\/pt-br\/wp-json\/wp\/v2\/media?parent=36909"}],"wp:term":[{"taxonomy":"product_brand","embeddable":true,"href":"https:\/\/www.reefshops.com\/pt-br\/wp-json\/wp\/v2\/product_brand?post=36909"},{"taxonomy":"product_cat","embeddable":true,"href":"https:\/\/www.reefshops.com\/pt-br\/wp-json\/wp\/v2\/product_cat?post=36909"},{"taxonomy":"product_tag","embeddable":true,"href":"https:\/\/www.reefshops.com\/pt-br\/wp-json\/wp\/v2\/product_tag?post=36909"}],"curies":[{"name":"wp","href":"https:\/\/api.w.org\/{rel}","templated":true}]}}