{"id":36913,"date":"2016-09-25T23:28:37","date_gmt":"2016-09-25T23:28:37","guid":{"rendered":"https:\/\/www.reefshops.com\/product\/bomba-para-lago-sunsun-ce-gs-9500l-h-eco-cqb-9500\/"},"modified":"2025-03-16T08:45:00","modified_gmt":"2025-03-16T08:45:00","slug":"bomba-para-lago-sunsun-ce-gs-9500l-h-eco-cqb-9500","status":"publish","type":"product","link":"https:\/\/www.reefshops.com\/pt-br\/produto\/bomba-para-lago-sunsun-ce-gs-9500l-h-eco-cqb-9500\/","title":{"rendered":"Bomba para lago SUNSUN CE, GS 9500L\/h ECO CQB-9500"},"content":{"rendered":"<div style=\"clear:both\"><\/div>\n<p style=\"text-align:center\"><span style=\"font-size:24px\"> <strong>SUNSUN CE, GS 9500L\/h ECO bomba para lago CQB-9500 <\/strong><\/span><\/p>\n<p style=\"text-align:center\">\n<p><span style=\"font-size:18px;font-family:book antiqua,palatino\"><strong><span style=\"color:#0000ff;text-decoration:underline\">Descri\u00e7\u00e3o do item:<\/span><\/strong><\/span><\/p>\n<p> <span style=\"font-family:tahoma,arial,helvetica,sans-serif\"> <span style=\"font-size:14px;font-family:trebuchet ms,geneva\">Esta bomba ECO Pond aplica-se a lagoas, rockey, bourn, tanques de aqu\u00e1rio e tanques de frutos do mar com equipamentos de reciclagem de \u00e1gua correspondentes. <\/span><\/span><\/p>\n<\/p>\n<p><span style=\"font-size:18px;font-family:book antiqua,palatino\"><strong><span style=\"color:#0000ff;text-decoration:underline\">Recursos da bomba de lago:<\/span><\/strong><\/span><\/p>\n<ul>\n<li><span style=\"font-size:18px;font-family:trebuchet ms,geneva\"><span style=\"color:#000000\"><span style=\"font-size:14px\"><span style=\"font-size:14px\"><span style=\"font-family:Arial\">Suc\u00e7\u00e3o de baixa alavanca e baixa ru\u00eddo<\/span><\/span><\/span><\/span><\/span><\/li>\n<li><span style=\"font-size:18px;font-family:trebuchet ms,geneva\"><span style=\"color:#000000\"><span style=\"font-size:14px\"><span style=\"font-size:14px\"><span style=\"font-family:Arial\">Alto desempenho motor ass\u00edncrono padr\u00e3o com novo design e economia de energia de at\u00e9 50% do que antes. style=&#8221;font-size:14px;&#8221;&gt;<span style=\"font-family:Arial\">o design da cesta de filtro grande torna a manuten\u00e7\u00e3o muito mais longa.<\/span><\/span><\/span><\/span><\/span><\/li>\n<li><span style=\"font-size:18px;font-family:trebuchet ms,geneva\"><span style=\"color:#000000\"><span style=\"font-size:14px\"><span style=\"font-size:14px\"><span style=\"font-family:Arial\">Selo duplo de resina e anel de borracha tornam-no mais seguro para uso.<\/span><\/span><\/span><\/span><\/span><\/li>\n<li><span style=\"font-size:18px;font-family:trebuchet ms,geneva\"><span style=\"color:#000000\"><span style=\"font-size:14px\"><span style=\"font-size:14px\"><span style=\"font-family:Arial\">Eixo cer\u00e2mico de alta resist\u00eancia e desgaste, longa vida \u00fatil.<\/span><\/span><\/span><\/span><\/span><\/li>\n<li><span style=\"font-size:18px;font-family:trebuchet ms,geneva\"><span style=\"font-size:18px;font-family:trebuchet ms,geneva\"><span style=\"color:#000000\"><span style=\"font-size:14px\"><span style=\"font-size:14px\"><span style=\"font-family:Arial\">A h\u00e9lice Sprial permite o tamanho das part\u00edculas de sujeira, desde que 6mm.<\/span><\/span><\/span><\/span><\/span><\/span><\/li>\n<\/ul>\n<p><span style=\"font-size:18px;font-family:book antiqua,palatino\"><strong><span style=\"color:#0000ff;text-decoration:underline\">CQB-9500 data da bomba de lago:<\/span><\/strong><\/span><\/p>\n<\/p>\n<table class=\"aliDataTable ke-zeroborder\" cellpadding=\"0\" border=\"0\">\n<tbody>\n<tr>\n<td>Nome do produto:<\/td>\n<td> SUNSUN CE, GS 9500L\/h ECO bomba para lago CQB-9500<\/td>\n<\/tr>\n<tr>\n<td> Inclui:<\/td>\n<td> bomba para lago<\/td>\n<\/tr>\n<tr>\n<td> <\/td>\n<td> Mangueira adaptador<\/td>\n<\/tr>\n<tr>\n<td> <\/td>\n<td> conex\u00e3o<\/td>\n<\/tr>\n<tr>\n<td> <\/td>\n<td> algumas outras pe\u00e7as<\/td>\n<\/tr>\n<tr>\n<td> Fun\u00e7\u00e3o:<\/td>\n<td> Operar dia e noite com v\u00e1lvula de \u00e1gua<\/td>\n<\/tr>\n<tr>\n<td> <\/td>\n<td> Temporizador 1H\/2H\/4H<\/td>\n<\/tr>\n<tr>\n<td> Caracter\u00edstica:<\/td>\n<td> Eleva\u00e7\u00e3o de \u00e1gua m\u00e1x.: 5,0m<\/td>\n<\/tr>\n<tr>\n<td> <\/td>\n<td> Fluxo de \u00e1gua m\u00e1ximo: 9500L\/H <span style=\"background-color:#ffff00\">(2500gal\/hour)<\/span><\/td>\n<\/tr>\n<tr>\n<td> Caixa de exporta\u00e7\u00e3o:<\/td>\n<td> 6PCS\/CTN<\/td>\n<\/tr>\n<tr>\n<td> N.W;G.W\/ Caixa:<\/td>\n<td> 16KG,17KG<\/td>\n<\/tr>\n<tr>\n<td>Dimens\u00f5es da bomba<\/td>\n<td> 220*115*140mm<\/td>\n<\/tr>\n<tr>\n<td> MOQ:<\/td>\n<td> 60PCS<\/td>\n<\/tr>\n<\/tbody>\n<\/table>\n<p><span style=\"font-size:18px;font-family:book antiqua,palatino\"><strong><span style=\"color:#0000ff;text-decoration:underline\">CQB-9500 Imagens:<\/span><\/strong><\/span><\/p>\n<p><span style=\"font-size:18px;font-family:book antiqua,palatino\"><strong><span style=\"color:#0000ff;text-decoration:underline\"><img decoding=\"async\" alt=\"SUNSUN CE, GS 9500L\/h ECO bomba para lago CQB-9500\" src=\"http:\/\/localhost\/media\/import\/detail\/829485363_693.jpg\"><\/span><\/strong><\/span><\/p>\n<\/p>\n<p><span style=\"font-size:18px;font-family:book antiqua,palatino\"><span style=\"color:#000000\"><span style=\"font-size:14px;font-family:trebuchet ms,geneva\"><span style=\"font-size:14px;font-family:trebuchet ms,geneva\"><span style=\"font-family:Arial\"><img loading=\"lazy\" decoding=\"async\" alt=\"SUNSUN CE, GS 9500L\/h ECO bomba para lago CQB-9500\" src=\"http:\/\/localhost\/media\/import\/detail\/529319103_523.jpg\" width=\"602\" height=\"207\"><img loading=\"lazy\" decoding=\"async\" alt=\"SUNSUN CE, GS 9500L\/h ECO bomba para lago CQB-9500\" src=\"http:\/\/localhost\/media\/import\/detail\/529319102_018.jpg\" width=\"602\" height=\"527\"><\/span><\/span><\/span><\/span><\/span><\/p>\n<\/p>\n<p><p><span style=\"font-family:tahoma,arial,helvetica,sans-serif\"><\/span><\/p>\n<p><span style=\"font-size:18px;font-family:book antiqua,palatino\"><strong><span style=\"color:#0000ff;text-decoration:underline\"><\/span><\/strong><\/span><\/p>\n","protected":false},"excerpt":{"rendered":"<p>Bomba para lago SUNSUN CE, GS 9500L\/h ECO CQB-9500<\/p>\n","protected":false},"featured_media":5833,"comment_status":"open","ping_status":"closed","template":"","meta":[],"product_brand":[],"product_cat":[1374],"product_tag":[],"class_list":{"0":"post-36913","1":"product","2":"type-product","3":"status-publish","4":"has-post-thumbnail","6":"product_cat-bombas-de-agua-e-cabecas-poderosas","8":"first","9":"instock","10":"shipping-taxable","11":"purchasable","12":"product-type-simple","13":"add-to-wishlist-after_add_to_cart"},"jetpack_sharing_enabled":true,"_links":{"self":[{"href":"https:\/\/www.reefshops.com\/pt-br\/wp-json\/wp\/v2\/product\/36913","targetHints":{"allow":["GET"]}}],"collection":[{"href":"https:\/\/www.reefshops.com\/pt-br\/wp-json\/wp\/v2\/product"}],"about":[{"href":"https:\/\/www.reefshops.com\/pt-br\/wp-json\/wp\/v2\/types\/product"}],"replies":[{"embeddable":true,"href":"https:\/\/www.reefshops.com\/pt-br\/wp-json\/wp\/v2\/comments?post=36913"}],"wp:featuredmedia":[{"embeddable":true,"href":"https:\/\/www.reefshops.com\/pt-br\/wp-json\/wp\/v2\/media\/5833"}],"wp:attachment":[{"href":"https:\/\/www.reefshops.com\/pt-br\/wp-json\/wp\/v2\/media?parent=36913"}],"wp:term":[{"taxonomy":"product_brand","embeddable":true,"href":"https:\/\/www.reefshops.com\/pt-br\/wp-json\/wp\/v2\/product_brand?post=36913"},{"taxonomy":"product_cat","embeddable":true,"href":"https:\/\/www.reefshops.com\/pt-br\/wp-json\/wp\/v2\/product_cat?post=36913"},{"taxonomy":"product_tag","embeddable":true,"href":"https:\/\/www.reefshops.com\/pt-br\/wp-json\/wp\/v2\/product_tag?post=36913"}],"curies":[{"name":"wp","href":"https:\/\/api.w.org\/{rel}","templated":true}]}}