{"id":36919,"date":"2016-09-25T23:28:37","date_gmt":"2016-09-25T23:28:37","guid":{"rendered":"https:\/\/www.reefshops.com\/product\/sunsun-3500l-h-economia-de-energia-para-manuseio-de-solidos-koi-pond-filter-pump-cqp-3500p\/"},"modified":"2025-03-16T08:45:02","modified_gmt":"2025-03-16T08:45:02","slug":"sunsun-3500l-h-economia-de-energia-para-manuseio-de-solidos-koi-pond-filter-pump-cqp-3500p","status":"publish","type":"product","link":"https:\/\/www.reefshops.com\/pt-br\/produto\/sunsun-3500l-h-economia-de-energia-para-manuseio-de-solidos-koi-pond-filter-pump-cqp-3500p\/","title":{"rendered":"SUNSUN 3500L\/h Economia de energia para manuseio de s\u00f3lidos Koi Pond Filter Pump CQP-3500P"},"content":{"rendered":"<div style=\"clear:both\"><\/div>\n<p style=\"background:#ffffff\"><span style=\"font-size:18px\"><strong><span style=\"font-family:'Arial';background:#ffffff;color:#666666\"> <\/span><span style=\"font-family:'Arial';background:#ffffff;color:#666666\">Recursos<\/span><\/strong><\/span><\/p>\n<p style=\"background:#ffffff\"><span style=\"font-size:9.5pt;font-family:'Arial';background:#ffffff;color:#666666\"> Design especial de impulsor centr\u00edfugo &#8211; alto Taxa de fluxo com baixo consumo de energia<\/span><span style=\"font-size:9.5pt;font-family:'Arial';background:#ffffff;color:#666666\"><br \/><\/span><span style=\"font-size:9.5pt;font-family:'Arial';background:#ffffff;color:#666666\"> Forte for\u00e7a de fluxo causa bloqueios Improv\u00e1vel<\/span><span style=\"font-size:9.5pt;font-family:'Arial';background:#ffffff;color:#666666\"><br \/><\/span><span style=\"font-size:9.5pt;font-family:'Arial';background:#ffffff;color:#666666\"> Rolamento de eixo fabricado com material cer\u00e2mico dur\u00e1vel<\/span><span style=\"font-size:9.5pt;font-family:'Arial';background:#ffffff;color:#666666\"><br \/><\/span><span style=\"font-size:9.5pt;font-family:'Arial';background:#ffffff;color:#666666\"> Design de gaiola de filtro duplo para frequ\u00eancia protegida (uso de fonte)<\/span><span style=\"font-size:9.5pt;font-family:'Arial';background:#ffffff;color:#666666\"><br \/><\/span><span style=\"font-size:9.5pt;font-family:'Arial';background:#ffffff;color:#666666\"> Grande sele\u00e7\u00e3o de adaptadores de fonte e tubo extens\u00edvel<\/span><span style=\"font-size:9.5pt;font-family:'Arial';background:#ffffff;color:#666666\"><br \/><\/span><span style=\"font-size:9.5pt;font-family:'Arial';background:#ffffff;color:#666666\"> Taxa de fluxo de \u00e1gua f\u00e1cil de controlar<\/span><span style=\"font-size:9.5pt;font-family:'Arial';background:#ffffff;color:#666666\"><br \/><\/span><span style=\"font-size:9.5pt;font-family:'Arial';background:#ffffff;color:#666666\"> Adequado para uso como fonte\/filtro\/cachoeira<\/span><\/p>\n<p style=\"background:#ffffff\">\n<p style=\"background:#ffffff\">\n<p style=\"background:#ffffff\"><span style=\"font-size:9.5pt;font-family:'Arial';background:#ffffff;color:#666666\"> <\/span><span style=\"font-size:18px\"><strong><span style=\"font-family:'Arial';background:#ffffff;color:#666666\">Especifica\u00e7\u00f5es<\/span><\/strong><\/span><\/p>\n<p><span style=\"font-size:10pt;font-family:'Arial';background:#ffffff;color:#666666\"> Altura m\u00e1xima: 250cm<\/span><span style=\"font-size:10pt;font-family:'Arial';background:#ffffff;color:#666666\"><br \/><\/span><span style=\"font-size:10pt;font-family:'Arial';background:#ffffff;color:#666666\"> Vaz\u00e3o: 3500L\/h<\/span><span style=\"font-size:10pt;font-family:'Arial';background:#ffffff;color:#666666\"><br \/><\/span><span style=\"font-size:10pt;font-family:'Arial';background:#ffffff;color:#666666\"> <\/span><span style=\"font-size:9.5pt;font-family:'Arial';background:#ffffff;color:#666666\">Dimens\u00f5es: 267 x 223 x 132mm<\/span><span style=\"font-size:10pt;font-family:'Arial';background:#ffffff;color:#666666\"><br \/><\/span><span style=\"font-size:10pt;font-family:'Arial';background:#ffffff;color:#666666\"> 10m de cabo<\/span><span style=\"font-size:10pt;font-family:'Arial';background:#ffffff;color:#666666\"><br \/><\/span><span style=\"font-size:10pt;font-family:'Arial';background:#ffffff;color:#666666\"> Watt: 42w<\/span><span style=\"font-size:10pt;font-family:'Arial';background:#ffffff;color:#666666\"><br \/><\/span><span style=\"font-size:10pt;font-family:'Arial';background:#ffffff;color:#666666\"> Tens\u00e3o: <\/span><span style=\"font-size:10pt;background:#ffffff;color:#666666\">11<\/span><span style=\"font-size:10pt;font-family:'Arial';background:#ffffff;color:#666666\">0-240V<\/span><span style=\"font-size:10pt;font-family:'Arial';background:#ffffff;color:#666666\"><br \/><\/span><span style=\"font-size:10pt;font-family:'Arial';background:#ffffff;color:#666666\"> Garantia gratuita de 12 meses<\/span><\/p>\n<\/p>\n<p style=\"background:#ffffff\"><span style=\"font-size:10pt;font-family:'Arial';background:#ffffff;color:#666666\">A bomba para lago fonte CQP3500 \u00e9 fornecida com uma vasta sele\u00e7\u00e3o de fontes alternativas e dar\u00e1 a qualquer lago aquele toque profissional.<\/span><\/p>\n<p style=\"background:#ffffff\">\n<\/p>\n<p style=\"background:#ffffff\"><span style=\"font-size:9.5pt;font-family:'Arial';background:#ffffff;color:#666666\">Esta bomba pode ser usada para bombear \u00e1gua diretamente para o seu sistema de filtragem ou, alternativamente, para um recurso de \u00e1gua, bem como para o sistema de fonte inclu\u00eddo.<\/span><\/p>\n<p style=\"background:#ffffff\">\n<p style=\"background:#ffffff\"><span style=\"font-size:9.5pt;font-family:'Arial';background:#ffffff;color:#666666\"><img loading=\"lazy\" decoding=\"async\" alt=\"SUNSUN 3500L\/h Economia de energia para manuseio de s\u00f3lidos Koi Pond Filter Pump\" src=\"http:\/\/localhost\/media\/import\/detail\/518327985_628.jpg\" width=\"700\" height=\"434\"><\/span><\/p>\n<\/p>\n<p><span style=\"font-size:10pt;font-family:'Arial';background:#ffffff;color:#666666\"><img decoding=\"async\" alt=\"SUNSUN 3500L\/h Economia de energia para manuseio de s\u00f3lidos Koi Pond Filter Pump\" src=\"http:\/\/localhost\/media\/import\/detail\/518333598_402.jpg\"><\/span><\/p>\n<p><span style=\"font-size:10pt;font-family:'Arial';background:#ffffff;color:#666666\"><img decoding=\"async\" alt=\"SUNSUN Bomba de filtro para lago de Koi para manuseio de s\u00f3lidos com economia de energia de 3500L \/ h\" src=\"http:\/\/localhost\/media\/import\/detail\/518333724_922.jpg\"><\/span><\/p>\n","protected":false},"excerpt":{"rendered":"<p>SUNSUN 3500L\/h Economia de energia para manuseio de s\u00f3lidos Koi Pond Filter Pump CQP-3500P<\/p>\n","protected":false},"featured_media":5845,"comment_status":"open","ping_status":"closed","template":"","meta":[],"product_brand":[],"product_cat":[1374],"product_tag":[],"class_list":{"0":"post-36919","1":"product","2":"type-product","3":"status-publish","4":"has-post-thumbnail","6":"product_cat-bombas-de-agua-e-cabecas-poderosas","8":"first","9":"instock","10":"shipping-taxable","11":"purchasable","12":"product-type-simple","13":"add-to-wishlist-after_add_to_cart"},"jetpack_sharing_enabled":true,"_links":{"self":[{"href":"https:\/\/www.reefshops.com\/pt-br\/wp-json\/wp\/v2\/product\/36919","targetHints":{"allow":["GET"]}}],"collection":[{"href":"https:\/\/www.reefshops.com\/pt-br\/wp-json\/wp\/v2\/product"}],"about":[{"href":"https:\/\/www.reefshops.com\/pt-br\/wp-json\/wp\/v2\/types\/product"}],"replies":[{"embeddable":true,"href":"https:\/\/www.reefshops.com\/pt-br\/wp-json\/wp\/v2\/comments?post=36919"}],"wp:featuredmedia":[{"embeddable":true,"href":"https:\/\/www.reefshops.com\/pt-br\/wp-json\/wp\/v2\/media\/5845"}],"wp:attachment":[{"href":"https:\/\/www.reefshops.com\/pt-br\/wp-json\/wp\/v2\/media?parent=36919"}],"wp:term":[{"taxonomy":"product_brand","embeddable":true,"href":"https:\/\/www.reefshops.com\/pt-br\/wp-json\/wp\/v2\/product_brand?post=36919"},{"taxonomy":"product_cat","embeddable":true,"href":"https:\/\/www.reefshops.com\/pt-br\/wp-json\/wp\/v2\/product_cat?post=36919"},{"taxonomy":"product_tag","embeddable":true,"href":"https:\/\/www.reefshops.com\/pt-br\/wp-json\/wp\/v2\/product_tag?post=36919"}],"curies":[{"name":"wp","href":"https:\/\/api.w.org\/{rel}","templated":true}]}}