{"id":36957,"date":"2016-09-25T23:28:39","date_gmt":"2016-09-25T23:28:39","guid":{"rendered":"https:\/\/www.reefshops.com\/product\/bomba-de-agua-ac-de-alta-pressao-hqb-2200-220v-para-aquario\/"},"modified":"2025-03-16T08:45:12","modified_gmt":"2025-03-16T08:45:12","slug":"bomba-de-agua-ac-de-alta-pressao-hqb-2200-220v-para-aquario","status":"publish","type":"product","link":"https:\/\/www.reefshops.com\/pt-br\/produto\/bomba-de-agua-ac-de-alta-pressao-hqb-2200-220v-para-aquario\/","title":{"rendered":"Bomba de \u00e1gua ac de alta press\u00e3o HQB-2200 220v para aqu\u00e1rio"},"content":{"rendered":"<div style=\"clear:both\"><\/div>\n<div style=\"font-size:13px;font-family:Arial, Helvetica, sans-serif;width:726px;color:#000000\">\n<div style=\"font-size:13px;font-family:Arial, Helvetica, sans-serif;width:726px;color:#000000\">\n<p style=\"text-align:left\"><strong><span style=\"font-size:32px\"><span style=\"background-color:#ffff00\">HQB-2200 220v bomba de alta press\u00e3o bomba de \u00e1gua ac para aqu\u00e1rio <\/span><\/span><\/strong><\/p>\n<\/div>\n<\/div>\n<div id=\"ali-anchor-AliPostDhMb-dov1u\" style=\"padding-top:8px\" data-section-title=\"Descri\u00e7\u00e3o do produto\" data-section=\"AliPostDhMb-dov1u\">\n<div id=\"ali-title-AliPostDhMb-dov1u\" style=\"border-bottom:#ddd 1px solid;padding-bottom:8px;padding-top:8px;padding-left:0px;padding-right:0px\"><span style=\"font-weight:bold;color:#333;padding-bottom:8px;padding-top:8px;padding-left:10px;line-height:12px;padding-right:10px;background-color:#ddd\">Descri\u00e7\u00e3o do produto<\/span><\/div>\n<div style=\"padding-bottom:10px;padding-top:10px;padding-left:0px;padding-right:0px\">\n<div style=\"height:42px;width:750px\">\n<div style=\"height:42px;width:25px;float:left;background-color:#00ccff\"> <\/div>\n<div style=\"float:direita;padding-bottom:5px;padding-top:5px;padding-left:0px;padding-right:0px;background-color:#0099ff\">\n<div style=\"font-size:24px;border-top:#ffffff 1px s\u00f3lido\">Exibi\u00e7\u00e3o do produto<\/div>\n<\/div>\n<\/div>\n<\/div>\n<\/div>\n<p style=\"text-align:center\"><span style=\"color:#ffffff\">bomba de alta press\u00e3o bomba de alta press\u00e3o bomba de alta press\u00e3o bomba de alta press\u00e3o bomba de alta press\u00e3o bomba de alta press\u00e3o <\/span><\/p>\n<p style=\"text-align:left\"><span style=\"font-size:16px\"><strong>bomba de alta press\u00e3o Caracter\u00edsticas: <\/strong><\/span><\/p>\n<p style=\"text-align:left\"><span style=\"font-size:14px\">1. eixo resistente ao desgaste de alta resist\u00eancia<\/span><br \/><span style=\"font-size:14px\">n\u00facleo, tem economia de energia altamente eficiente e<\/span><br \/><span style=\"font-size:14px\">longa vida \u00fatil;<\/span><br \/><span style=\"font-size:14px\">2.Tem boa imperme\u00e1vel, alto diel\u00e9trico<\/span><br \/><span style=\"font-size:14px\">for\u00e7a; \u00e9 seguro e confi\u00e1vel;<\/span><br \/><span style=\"font-size:14px\">3.Voc\u00ea pode us\u00e1-lo como bombeamento e fonte;<\/span><br \/><span style=\"font-size:14px\">4.Aplicar em aqu\u00e1rios, lagoas de reciclagem de \u00e1gua<\/span><br \/><span style=\"font-size:14px\">correspond\u00eancia de equipamentos.<\/span><\/p>\n<p style=\"text-align:left\"><span style=\"font-size:10px;color:#ffffff\"> bomba de \u00e1gua submers\u00edvel de jardim <\/span><\/p>\n<p style=\"text-align:left\"><strong><span style=\"font-size:16px\">bomba de alta press\u00e3o Par\u00e2metro:<\/span><\/strong><\/p>\n<table style=\"height:291px;width:767px\" border=\"1\">\n<tbody>\n<tr>\n<td style=\"text-align:center\"><strong>modelo<\/strong><\/td>\n<td style=\"text-align:center\"><strong>tens\u00e3o<\/strong><\/td>\n<td style=\"text-align:center\"><strong>frequ\u00eancia<\/strong><\/td>\n<td style=\"text-align:center\"><strong>pot\u00eancia<\/strong><\/td>\n<td style=\"text-align:center\"><strong>H-max<\/strong><\/td>\n<td style=\"text-align:center\"><strong>sa\u00edda (L\/h)<\/strong><\/td>\n<td style=\"text-align:center\"><strong>adaptador dom\u00e9stico (mm)<\/strong><\/td>\n<td style=\"text-align:center\"><strong>comprimento do cabo<\/strong><\/td>\n<td style=\"text-align:center\"><strong>peso<\/strong><\/td>\n<td style=\"text-align:center\"><strong>dimens\u00f5es L*W*H(mm)<\/strong><\/td>\n<\/tr>\n<tr>\n<td style=\"text-align:center\"><span style=\"background-color:#ffff00\">HQB-2000<\/span><\/td>\n<td style=\"text-align:center\"><span style=\"background-color:#ffff00\">110V\/220V\/240V<\/span><\/td>\n<td style=\"text-align:center\"><span style=\"background-color:#ffff00\">50Hz\/60Hz<\/span><\/td>\n<td style=\"text-align:center\"><span style=\"background-color:#ffff00\">24w<\/span><\/td>\n<td style=\"text-align:center\"><span style=\"background-color:#ffff00\">1,8m<\/span><\/td>\n<td style=\"text-align:center\"><span style=\"background-color:#ffff00\">1400<\/span><\/td>\n<td style=\"text-align:center\"><span style=\"background-color:#ffff00\">18<\/span><\/td>\n<td style=\"text-align:center\"><span style=\"background-color:#ffff00\">3m<\/span><\/td>\n<td style=\"text-align:center\"><span style=\"background-color:#ffff00\">0,8kg<\/span><\/td>\n<td style=\"text-align:center\"><span style=\"background-color:#ffff00\">120*95*90<\/span><\/td>\n<\/tr>\n<tr>\n<td style=\"text-align:center\"><span style=\"background-color:#ffff00\">HQB-2200<\/span><\/td>\n<td style=\"text-align:center\"><span style=\"background-color:#ffff00\">110V\/220V\/240V<\/span><\/td>\n<td style=\"text-align:center\"><span style=\"background-color:#ffff00\">50Hz\/60Hz<\/span><\/td>\n<td style=\"text-align:center\"><span style=\"background-color:#ffff00\">40w<\/span><\/td>\n<td style=\"text-align:center\"><span style=\"background-color:#ffff00\">2,3m<\/span><\/td>\n<td style=\"text-align:center\"><span style=\"background-color:#ffff00\">1900<\/span><\/td>\n<td style=\"text-align:center\"><span style=\"background-color:#ffff00\">18<\/span><\/td>\n<td style=\"text-align:center\"><span style=\"background-color:#ffff00\">3m<\/span><\/td>\n<td style=\"text-align:center\"><span style=\"background-color:#ffff00\">1,2kg<\/span><\/td>\n<td style=\"text-align:center\"><span style=\"background-color:#ffff00\">135*105*115<\/span><\/td>\n<\/tr>\n<tr>\n<td style=\"text-align:center\">HQB-2500<\/td>\n<td style=\"text-align:center\">110V\/220V\/240V<\/td>\n<td style=\"text-align:center\">50Hz\/60Hz<\/td>\n<td style=\"text-align:center\">55w<\/td>\n<td style=\"text-align:center\">2,5m<\/td>\n<td style=\"text-align:center\">2000<\/td>\n<td style=\"text-align:center\">22\/27<\/td>\n<td style=\"text-align:center\">3m<\/td>\n<td style=\"text-align:center\">1,2kg<\/td>\n<td style=\"text-align:center\">153*105*135<\/td>\n<\/tr>\n<tr>\n<td style=\"text-align:center\">HQB-3000<\/td>\n<td style=\"text-align:center\">110V\/220V\/240V<\/td>\n<td style=\"text-align:center\">50Hz\/60Hz<\/td>\n<td style=\"text-align:center\">60w<\/td>\n<td style=\"text-align:center\">3,0m<\/td>\n<td style=\"text-align:center\">2500<\/td>\n<td style=\"text-align:center\">22\/27<\/td>\n<td style=\"text-align:center\">3m<\/td>\n<td style=\"text-align:center\">1,6kg<\/td>\n<td style=\"text-align:center\">153*105*135<\/td>\n<\/tr>\n<tr>\n<td style=\"text-align:center\">HQB-3500<\/td>\n<td style=\"text-align:center\">110V\/220V\/240V<\/td>\n<td style=\"text-align:center\">50Hz\/60Hz<\/td>\n<td style=\"text-align:center\">85w<\/td>\n<td style=\"text-align:center\">3,5m<\/td>\n<td style=\"text-align:center\">3000<\/td>\n<td style=\"text-align:center\">22\/27<\/td>\n<td style=\"text-align:center\">3m<\/td>\n<td style=\"text-align:center\">1,25kg<\/td>\n<td style=\"text-align:center\">153*105*135<\/td>\n<\/tr>\n<tr>\n<td style=\"text-align:center\">HQB-4500<\/td>\n<td style=\"text-align:center\">110V\/220V\/240V<\/td>\n<td style=\"text-align:center\">50Hz\/60Hz<\/td>\n<td style=\"text-align:center\">100W<\/td>\n<td style=\"text-align:center\">4,0m<\/td>\n<td style=\"text-align:center\">4500<\/td>\n<td style=\"text-align:center\">22\/27<\/td>\n<td style=\"text-align:center\">3m<\/td>\n<td style=\"text-align:center\">2,7kg<\/td>\n<td style=\"text-align:center\">175*112*133<\/td>\n<\/tr>\n<tr>\n<td style=\"text-align:center\">HQB-5000<\/td>\n<td style=\"text-align:center\">110V\/220V\/240V<\/td>\n<td style=\"text-align:center\">50Hz\/60Hz<\/td>\n<td style=\"text-align:center\">150w<\/td>\n<td style=\"text-align:center\">5,0m<\/td>\n<td style=\"text-align:center\">5500<\/td>\n<td style=\"text-align:center\">25\/30<\/td>\n<td style=\"text-align:center\">3m<\/td>\n<td style=\"text-align:center\">2,8kg<\/td>\n<td style=\"text-align:center\">175*112*133<\/td>\n<\/tr>\n<tr>\n<td style=\"text-align:center\">HQB-5500<\/td>\n<td style=\"text-align:center\">110V\/220V\/240V<\/td>\n<td style=\"text-align:center\">50Hz\/60Hz<\/td>\n<td style=\"text-align:center\">200w<\/td>\n<td style=\"text-align:center\">5,5m<\/td>\n<td style=\"text-align:center\">6800<\/td>\n<td style=\"text-align:center\">25\/30<\/td>\n<td style=\"text-align:center\">3m<\/td>\n<td style=\"text-align:center\">4,0kg<\/td>\n<td style=\"text-align:center\">\n<p>200*140*160<\/p>\n<\/td>\n<\/tr>\n<\/tbody>\n<\/table>\n<p style=\"text-align:left\">\n<p style=\"text-align:left\"><span style=\"font-size:16px\"><strong>bomba de alta press\u00e3o Exibi\u00e7\u00e3o de produtos:<\/strong> (A S\u00c9RIE HQB)<img decoding=\"async\" alt=\"HQB-2200_02.jpg\" src=\"http:\/\/localhost\/media\/import\/detail\/HTB1T25hGVXXXXbXXpXXq6xXFXXXs.jpg\"><img decoding=\"async\" alt=\"HQB-2200_03.jpg\" src=\"http:\/\/localhost\/media\/import\/detail\/HTB1q0n.GFXXXXbRapXXq6xXFXXXZ.jpg\"><img decoding=\"async\" alt=\"HQB-2200_04.jpg\" src=\"http:\/\/localhost\/media\/import\/detail\/HTB1IYufGVXXXXccXpXXq6xXFXXXJ.jpg\"><img decoding=\"async\" alt=\"HQB-2200_05.jpg\" src=\"http:\/\/localhost\/media\/import\/detail\/HTB1nOB_GVXXXXaHXVXXq6xXFXXX2.jpg\"><img decoding=\"async\" alt=\"HQB-2200_06.jpg\" src=\"http:\/\/localhost\/media\/import\/detail\/HTB1mjp.GVXXXXaKXVXXq6xXFXXXc.jpg\"><img decoding=\"async\" alt=\"HQB-2200_07.jpg\" src=\"http:\/\/localhost\/media\/import\/detail\/HTB1L7aoGVXXXXXiXXXXq6xXFXXXe.jpg\"><img decoding=\"async\" alt=\"HQB-2200_08.jpg\" src=\"http:\/\/localhost\/media\/import\/detail\/HTB1O6SmGVXXXXboXXXXq6xXFXXXg.jpg\"><img decoding=\"async\" alt=\"HQB-2200_09.jpg\" src=\"http:\/\/localhost\/media\/import\/detail\/HTB1rbafGVXXXXaxXFXXq6xXFXXXa.jpg\"><strong><br \/><\/strong><\/span><\/p>\n<p data-section-blank=\"AliPostDhMb-molvx\">\n<div id=\"ali-title-AliPostDhMb-molvx\" style=\"border-bottom:#ddd 1px solid;padding-bottom:8px;padding-top:8px;padding-left:0px;padding-right:0px\"> <\/div>\n<div style=\"clear:both\"><\/div>\n","protected":false},"excerpt":{"rendered":"<p>Bomba de \u00e1gua ac de alta press\u00e3o HQB-2200 220v para aqu\u00e1rio<\/p>\n","protected":false},"featured_media":5920,"comment_status":"open","ping_status":"closed","template":"","meta":[],"product_brand":[],"product_cat":[1374],"product_tag":[],"class_list":{"0":"post-36957","1":"product","2":"type-product","3":"status-publish","4":"has-post-thumbnail","6":"product_cat-bombas-de-agua-e-cabecas-poderosas","8":"first","9":"instock","10":"shipping-taxable","11":"purchasable","12":"product-type-simple","13":"add-to-wishlist-after_add_to_cart"},"jetpack_sharing_enabled":true,"_links":{"self":[{"href":"https:\/\/www.reefshops.com\/pt-br\/wp-json\/wp\/v2\/product\/36957","targetHints":{"allow":["GET"]}}],"collection":[{"href":"https:\/\/www.reefshops.com\/pt-br\/wp-json\/wp\/v2\/product"}],"about":[{"href":"https:\/\/www.reefshops.com\/pt-br\/wp-json\/wp\/v2\/types\/product"}],"replies":[{"embeddable":true,"href":"https:\/\/www.reefshops.com\/pt-br\/wp-json\/wp\/v2\/comments?post=36957"}],"wp:featuredmedia":[{"embeddable":true,"href":"https:\/\/www.reefshops.com\/pt-br\/wp-json\/wp\/v2\/media\/5920"}],"wp:attachment":[{"href":"https:\/\/www.reefshops.com\/pt-br\/wp-json\/wp\/v2\/media?parent=36957"}],"wp:term":[{"taxonomy":"product_brand","embeddable":true,"href":"https:\/\/www.reefshops.com\/pt-br\/wp-json\/wp\/v2\/product_brand?post=36957"},{"taxonomy":"product_cat","embeddable":true,"href":"https:\/\/www.reefshops.com\/pt-br\/wp-json\/wp\/v2\/product_cat?post=36957"},{"taxonomy":"product_tag","embeddable":true,"href":"https:\/\/www.reefshops.com\/pt-br\/wp-json\/wp\/v2\/product_tag?post=36957"}],"curies":[{"name":"wp","href":"https:\/\/api.w.org\/{rel}","templated":true}]}}