{"id":36964,"date":"2016-09-25T23:28:39","date_gmt":"2016-09-25T23:28:39","guid":{"rendered":"https:\/\/www.reefshops.com\/product\/sunsun-gs-ce-5500l-h-bomba-de-fonte-de-cachoeira-de-agua-de-jardim-hqb-5003\/"},"modified":"2025-03-16T08:45:14","modified_gmt":"2025-03-16T08:45:14","slug":"sunsun-gs-ce-5500l-h-bomba-de-fonte-de-cachoeira-de-agua-de-jardim-hqb-5003","status":"publish","type":"product","link":"https:\/\/www.reefshops.com\/pt-br\/produto\/sunsun-gs-ce-5500l-h-bomba-de-fonte-de-cachoeira-de-agua-de-jardim-hqb-5003\/","title":{"rendered":"SUNSUN GS, CE 5500L\/h bomba de fonte de cachoeira de \u00e1gua de jardim HQB-5003"},"content":{"rendered":"<div style=\"clear:both\"><\/div>\n<div id=\"ali-anchor-AliPostDhMb-ll07z\" style=\"padding-top:8px\" data-section-title=\"name\" data-section=\"AliPostDhMb-ll07z\">\n<div id=\"ali-title-AliPostDhMb-ll07z\" style=\"border-bottom:#ddd 1px solid;padding-bottom:8px;padding-top:8px;padding-left:0px;padding-right:0px\"> <\/div>\n<\/div>\n<div id=\"ali-anchor-AliPostDhMb-4p53g\" style=\"padding-top:8px\" data-section-title=\"Descri\u00e7\u00e3o do produto\" data-section=\"AliPostDhMb-4p53g\">\n<div id=\"ali-title-AliPostDhMb-4p53g\" style=\"border-bottom:#ddd 1px solid;padding-bottom:8px;padding-top:8px;padding-left:0px;padding-right:0px\"><span style=\"font-weight:bold;color:#333;padding-bottom:8px;padding-top:8px;padding-left:10px;line-height:12px;padding-right:10px;background-color:#ddd\"><\/span> <\/div>\n<div style=\"padding-bottom:10px;padding-top:10px;padding-left:0px;padding-right:0px\">\n<\/div>\n<\/div>\n<p style=\"text-align:center\">\n<table class=\"aliDataTable\" style=\"height:300px;width:598px\" cellpadding=\"0\" border=\"1\">\n<tbody>\n<tr style=\"height:15.6pt\">\n<td valign=\"top\">\n<p><span style=\"font-size:12pt\">1.Item<\/span><\/p>\n<\/td>\n<td style=\"width:197.05pt\" valign=\"top\">\n<p><span style=\"font-size:12pt\">Bomba de fonte de \u00e1gua SUNSUN Garden Pond <\/span><\/p>\n<\/td>\n<\/tr>\n<tr style=\"height:15.6pt\">\n<td valign=\"top\">\n<p><span style=\"font-size:12pt\">2.Modelo<\/span><\/p>\n<\/td>\n<td style=\"width:197.05pt\" valign=\"top\">\n<p><span style=\"font-size:12pt\">HQB-5003<\/span><\/p>\n<\/td>\n<\/tr>\n<tr style=\"height:15.6pt\">\n<td valign=\"top\">\n<p><span style=\"font-size:12pt\">3.Tens\u00e3o<\/span><\/p>\n<\/td>\n<td style=\"width:197.05pt\" valign=\"top\">\n<p><span style=\"font-size:12pt\">110V\/220V\/240V<\/span><\/p>\n<\/td>\n<\/tr>\n<tr style=\"height:16.35pt\" align=\"left\">\n<td valign=\"top\">\n<p><span style=\"font-size:12pt\">4.Frequ\u00eancia<\/span><\/p>\n<\/td>\n<td valign=\"top\">\n<p><span style=\"font-size:12pt\">50Hz\/60Hz<\/span><\/p>\n<\/td>\n<\/tr>\n<tr style=\"height:15.6pt\" align=\"left\">\n<td valign=\"top\">\n<p><span style=\"font-size:12pt\">5.Pot\u00eancia<\/span><\/p>\n<\/td>\n<td valign=\"top\">\n<p><span style=\"font-size:12pt\">150W<\/span><\/p>\n<\/td>\n<\/tr>\n<tr style=\"height:15.6pt\" align=\"left\">\n<td valign=\"top\">\n<p><span style=\"font-size:12pt\">6.H-max<\/span><\/p>\n<\/td>\n<td valign=\"top\">\n<p><span style=\"font-size:12pt\">5,0m<\/span><\/p>\n<\/td>\n<\/tr>\n<tr style=\"height:16.35pt\" align=\"left\">\n<td valign=\"top\">\n<p><span style=\"font-size:12pt\">7.Sa\u00edda<\/span><\/p>\n<\/td>\n<td valign=\"top\">\n<p><span style=\"font-size:12pt\">5500L<\/span><span style=\"font-size:12pt\">\/h<\/span><\/p>\n<\/td>\n<\/tr>\n<tr align=\"left\">\n<td valign=\"top\">\n<p><span style=\"font-size:12pt\">8.Peso<\/span><\/p>\n<\/td>\n<td valign=\"top\">\n<p><span style=\"font-size:12pt\">3,3Kg<\/span><\/p>\n<\/td>\n<\/tr>\n<tr style=\"height:16.35pt\" align=\"left\">\n<td valign=\"top\">\n<p><span style=\"font-size:12pt\">9.Dimens\u00f5es<\/span><\/p>\n<\/td>\n<td valign=\"top\">\n<p><span style=\"font-size:12pt\">175*112*133mm<\/span><\/p>\n<\/td>\n<\/tr>\n<tr style=\"height:17.25pt\" align=\"left\">\n<td valign=\"top\">\n<p><span style=\"font-size:12pt\">10.Marca<\/span><\/p>\n<\/td>\n<td valign=\"top\">\n<p><span style=\"font-size:12pt\">SUNSUN<\/span><\/p>\n<\/td>\n<\/tr>\n<tr style=\"height:15pt\" align=\"left\">\n<td valign=\"top\">\n<p><span style=\"font-size:16px\">11.Qualidade<\/span><\/p>\n<\/td>\n<td valign=\"top\">\n<p><span style=\"font-size:16px\">Melhor qualidade; <br \/><\/span><\/p>\n<p align=\"left\"><span style=\"font-size:16px\"><span style=\"font-size:16px\">a maior empresa de produtos aqu\u00e1ticos da China.<\/span> <\/span><\/p>\n<\/td>\n<\/tr>\n<tr style=\"height:4.6pt\" align=\"left\">\n<td valign=\"top\">\n<p><span style=\"font-size:16px\">12.Ponto de venda <\/span><\/p>\n<\/td>\n<td valign=\"top\">\n<p><span style=\"font-size:16px\">Marca registrada bem conhecida da China; seguro e confi\u00e1vel.aprovado por GS,CE<\/span><\/p>\n<\/td>\n<\/tr>\n<\/tbody>\n<\/table>\n<p><img decoding=\"async\" alt=\"SUNSUN GS,CE 5500L\/h \u00e1gua de jardim Cachoeira Bomba de fonte\" src=\"http:\/\/localhost\/media\/import\/detail\/549710853_943.jpg\"><\/p>\n<\/p>\n<p><span style=\"font-size:24px;color:#ff0000;background-color:#c0c0c0\">1.Bomba de fonte de \u00e1gua para aqu\u00e1rio de lago de jardim Renderiza\u00e7\u00e3o conforme abaixo:<\/span><\/p>\n<\/p>\n<p><img decoding=\"async\" alt=\"SUNSUN GS,CE 5500L\/h fonte de cachoeira de \u00e1gua de jardim bomba\" src=\"http:\/\/localhost\/media\/import\/detail\/547877378_339.jpg\"> <\/p>\n<p><span style=\"font-size:24px;color:#ff0000;background-color:#c0c0c0\">2. <span style=\"font-size:x-large;color:#ff0000\">Bomba de fonte de \u00e1gua para aqu\u00e1rio de lago de jardim <\/span>Recurso:<\/span><\/p>\n<\/p>\n<p><span style=\"font-size:14px\">1.Usado para lago e tanque<\/span><\/p>\n<p style=\"text-align:left\"><span style=\"font-size:14px;font-family:comic sans ms, sans-serif\">2. Design multifuncional&#8212;&#8211;bombeamento, filtragem e fonte 3 em 1.<\/span><\/p>\n<p style=\"text-align:left\"><span style=\"font-size:14px;font-family:comic sans ms, sans-serif\">3. Motor ass\u00edncrono padr\u00e3o de alto desempenho com novo design, baixo ru\u00eddo, economia de energia e \u00e0 prova d&#8217;\u00e1gua<\/span><\/p>\n<p style=\"text-align:left\"><span style=\"font-size:14px;font-family:comic sans ms, sans-serif\">4. Design especial do rotor, eixo cer\u00e2mico \u00e0 prova de desgaste, longa vida \u00fatil e adequado para anf\u00edbios terrestres.<\/span><\/p>\n<p style=\"text-align:left\"><span style=\"font-size:14px;font-family:comic sans ms, sans-serif\">5. Conector de descarga m\u00faltipla para v\u00e1rios tubos.<\/span><\/p>\n<p style=\"text-align:left\"><span style=\"font-size:14px;font-family:comic sans ms, sans-serif\">6.Pode controlar o fluxo<\/span><\/p>\n<p style=\"text-align:left\"><span style=\"font-size:14px;font-family:comic sans ms, sem serifa\">7. Fontes personalizadas com v\u00e1rios designs fornecem oxig\u00eanio \u00e0s lagoas da maneira moderna.<\/span><\/p>\n<p style=\"text-align:left\"><span style=\"font-size:14px;font-family:comic sans ms, sans-serif\">8. Foram equipados com regulador que pode ser puxado para frente e para tr\u00e1s, f\u00e1cil de ajustar a altura. <\/span><\/p>\n<p style=\"text-align:left\"><span style=\"font-size:14px;font-family:comic sans ms, sans-serif\">9. V\u00e1rios formatos de tubos de fonte est\u00e3o dispon\u00edveis. o tamanho e a altura da bela fonte podem ser ajustados como voc\u00ea quiser.<\/span><\/p>\n<p style=\"text-align:left\"><span style=\"font-size:14px;font-family:comic sans ms, sans-serif\">10.Foram equipados com o regulador que pode ser puxado para frente e para tr\u00e1s.F\u00e1cil para voc\u00ea ajustar a altura.<\/span><\/p>\n<p style=\"text-align:left\"><span style=\"font-size:16px\"> <\/span><\/p>\n<\/p>\n<div style=\"clear:both\"><\/div>\n","protected":false},"excerpt":{"rendered":"<p>SUNSUN GS, CE 5500L\/h bomba de fonte de cachoeira de \u00e1gua de jardim HQB-5003<\/p>\n","protected":false},"featured_media":5934,"comment_status":"open","ping_status":"closed","template":"","meta":[],"product_brand":[],"product_cat":[1374],"product_tag":[],"class_list":{"0":"post-36964","1":"product","2":"type-product","3":"status-publish","4":"has-post-thumbnail","6":"product_cat-bombas-de-agua-e-cabecas-poderosas","8":"first","9":"instock","10":"shipping-taxable","11":"purchasable","12":"product-type-simple","13":"add-to-wishlist-after_add_to_cart"},"jetpack_sharing_enabled":true,"_links":{"self":[{"href":"https:\/\/www.reefshops.com\/pt-br\/wp-json\/wp\/v2\/product\/36964","targetHints":{"allow":["GET"]}}],"collection":[{"href":"https:\/\/www.reefshops.com\/pt-br\/wp-json\/wp\/v2\/product"}],"about":[{"href":"https:\/\/www.reefshops.com\/pt-br\/wp-json\/wp\/v2\/types\/product"}],"replies":[{"embeddable":true,"href":"https:\/\/www.reefshops.com\/pt-br\/wp-json\/wp\/v2\/comments?post=36964"}],"wp:featuredmedia":[{"embeddable":true,"href":"https:\/\/www.reefshops.com\/pt-br\/wp-json\/wp\/v2\/media\/5934"}],"wp:attachment":[{"href":"https:\/\/www.reefshops.com\/pt-br\/wp-json\/wp\/v2\/media?parent=36964"}],"wp:term":[{"taxonomy":"product_brand","embeddable":true,"href":"https:\/\/www.reefshops.com\/pt-br\/wp-json\/wp\/v2\/product_brand?post=36964"},{"taxonomy":"product_cat","embeddable":true,"href":"https:\/\/www.reefshops.com\/pt-br\/wp-json\/wp\/v2\/product_cat?post=36964"},{"taxonomy":"product_tag","embeddable":true,"href":"https:\/\/www.reefshops.com\/pt-br\/wp-json\/wp\/v2\/product_tag?post=36964"}],"curies":[{"name":"wp","href":"https:\/\/api.w.org\/{rel}","templated":true}]}}