{"id":36973,"date":"2016-12-27T16:03:44","date_gmt":"2016-12-27T16:03:44","guid":{"rendered":"https:\/\/www.reefshops.com\/product\/red-devil-skimmer-skimmer-dsl-diabo-simplificado-red-devil-dsl-900-serie-aplicavel-maximo-de-900-litros-de-corpos-dagua\/"},"modified":"2025-03-16T08:52:24","modified_gmt":"2025-03-16T08:52:24","slug":"red-devil-skimmer-skimmer-dsl-diabo-simplificado-red-devil-dsl-900-serie-aplicavel-maximo-de-900-litros-de-corpos-dagua","status":"publish","type":"product","link":"https:\/\/www.reefshops.com\/pt-br\/produto\/red-devil-skimmer-skimmer-dsl-diabo-simplificado-red-devil-dsl-900-serie-aplicavel-maximo-de-900-litros-de-corpos-dagua\/","title":{"rendered":"Red Devil skimmer skimmer DSL diabo simplificado Red Devil DSL-900 s\u00e9rie aplic\u00e1vel m\u00e1ximo de 900 litros de corpos d&#8217;\u00e1gua"},"content":{"rendered":"<h2>Descri\u00e7\u00e3o do produto <\/h2>\n<p><a><img class=\" wp-image-3548=\" alt=\" dsl=\"><\/a><\/p>\n<p>&amp;Nbsp; para <a><img class=\" size-large=\"><\/a><\/p>\n<p>&amp;Nbsp; para <\/p>\n<p><strong>Especifica\u00e7\u00f5es: <\/strong><\/p>\n<div>\n<div>Modelo: DSL-900 <br \/> Tipo de local: Embutido <br \/> Especifica\u00e7\u00f5es (di\u00e2metro MM): 150\/510 <br \/> Equipado com bomba de \u00e1gua: Red Devil SP3 (Red Devil SP3) <\/div>\n<div>Pot\u00eancia operacional: 15W <\/div>\n<div>Capacidade inspirat\u00f3ria m\u00e1xima: 700L \/ H <br \/> O tanque m\u00e1ximo recomendado (L): 900 <\/div>\n<div>Aqu\u00e1rio recomendado: 350-900L <\/div><\/div>\n<div>Especifica\u00e7\u00f5es da doca (MM): 240\/200 <\/div>\n<div><a><img class=\" size-large=\"><\/a> <a><img class=\" size-full=\"><\/a><\/p>\n<p><strong>E a fonte de MARINE SOURCES DEVIL STREAMLINE SKIMMER (DSL) Red Devil simplificado skimmer s\u00e9rie apresenta: <\/strong><\/div>\n<div>1 garrafa de vinho tinto do corpo aerodin\u00e2mico c\u00f4nico, ultra suave sem costura, n\u00e3o apenas a apar\u00eancia dos Estados Unidos, mas tem mais suave do que o desempenho tradicional da cole\u00e7\u00e3o de fuselagem de espuma. <\/div>\n<div>2 apar\u00eancia deslumbrante com: Red Devil s\u00e9rie DSL de bomba de tubo vermelho de alta qualidade red devil match produ\u00e7\u00e3o da moda muito moderna <\/div>\n<div>3 acionamento de bomba de con\u00edferas de alto desempenho, configurado especificamente para o design e desenvolvimento da bomba de con\u00edferas separadora de diabo (capacidade m\u00e1xima da bomba de suc\u00e7\u00e3o dupla de at\u00e9 700L \/ H, consumo de energia \u00e9 de apenas 15W). <\/div>\n<div>4 Para uma boa bomba vers\u00e3o otimizada con\u00edferas, boca de suc\u00e7\u00e3o venturi, f\u00e1cil remo\u00e7\u00e3o do copo coletor, esgoto e tamp\u00f5es de esgoto e tudo mais. <\/div>\n<div>5 Todas as pe\u00e7as fabricadas com tecnologia laser garantem efetivamente n\u00e3o apenas o grau de acabamento, mas tamb\u00e9m s\u00e3o capazes de manter a qualidade est\u00e1vel do produto. <\/div>\n<div><\/div>\n<div><strong>Outro modelo DSL <\/strong><\/div>\n<div><strong><a><img class=\" size-large=\"><\/a><\/p>\n<p><\/strong><\/div>\n<div>\ufffd\ufffd <\/p>\n<\/div>\n<div><strong>Imagem de composi\u00e7\u00e3o real de produtos <\/strong><\/p>\n<\/div>\n<div><a><img class=\" size-large=\"><\/a><\/div><\/div>\n","protected":false},"excerpt":{"rendered":"<p>Red Devil skimmer skimmer DSL diabo simplificado Red Devil DSL-900 s\u00e9rie aplic\u00e1vel m\u00e1ximo de 900 litros de corpos d&#8217;\u00e1gua<\/p>\n","protected":false},"featured_media":6350,"comment_status":"open","ping_status":"closed","template":"","meta":[],"product_brand":[],"product_cat":[1272],"product_tag":[],"class_list":{"0":"post-36973","1":"product","2":"type-product","3":"status-publish","4":"has-post-thumbnail","6":"product_cat-escumadores-de-proteina","8":"first","9":"instock","10":"shipping-taxable","11":"purchasable","12":"product-type-simple","13":"add-to-wishlist-after_add_to_cart"},"jetpack_sharing_enabled":true,"_links":{"self":[{"href":"https:\/\/www.reefshops.com\/pt-br\/wp-json\/wp\/v2\/product\/36973","targetHints":{"allow":["GET"]}}],"collection":[{"href":"https:\/\/www.reefshops.com\/pt-br\/wp-json\/wp\/v2\/product"}],"about":[{"href":"https:\/\/www.reefshops.com\/pt-br\/wp-json\/wp\/v2\/types\/product"}],"replies":[{"embeddable":true,"href":"https:\/\/www.reefshops.com\/pt-br\/wp-json\/wp\/v2\/comments?post=36973"}],"wp:featuredmedia":[{"embeddable":true,"href":"https:\/\/www.reefshops.com\/pt-br\/wp-json\/wp\/v2\/media\/6350"}],"wp:attachment":[{"href":"https:\/\/www.reefshops.com\/pt-br\/wp-json\/wp\/v2\/media?parent=36973"}],"wp:term":[{"taxonomy":"product_brand","embeddable":true,"href":"https:\/\/www.reefshops.com\/pt-br\/wp-json\/wp\/v2\/product_brand?post=36973"},{"taxonomy":"product_cat","embeddable":true,"href":"https:\/\/www.reefshops.com\/pt-br\/wp-json\/wp\/v2\/product_cat?post=36973"},{"taxonomy":"product_tag","embeddable":true,"href":"https:\/\/www.reefshops.com\/pt-br\/wp-json\/wp\/v2\/product_tag?post=36973"}],"curies":[{"name":"wp","href":"https:\/\/api.w.org\/{rel}","templated":true}]}}