{"id":36974,"date":"2016-12-27T16:03:45","date_gmt":"2016-12-27T16:03:45","guid":{"rendered":"https:\/\/www.reefshops.com\/product\/acessorios-de-instalacao-de-sistema-de-aquario-acrilico\/"},"modified":"2025-03-16T08:52:38","modified_gmt":"2025-03-16T08:52:38","slug":"acessorios-de-instalacao-de-sistema-de-aquario-acrilico","status":"publish","type":"product","link":"https:\/\/www.reefshops.com\/pt-br\/produto\/acessorios-de-instalacao-de-sistema-de-aquario-acrilico\/","title":{"rendered":"Acess\u00f3rios de instala\u00e7\u00e3o de sistema de aqu\u00e1rio acr\u00edlico"},"content":{"rendered":"<h2>Descri\u00e7\u00e3o do produto <\/h2>\n<div>\n<div><a><img class=\"alignnone=\"><\/a><\/p>\n<p>Manual do produto: <\/p><\/div>\n<p><p> Suporte de acr\u00edlico especial SPS de coral vivo, uma variedade de especifica\u00e7\u00f5es \/ furos para escolher, configurar ot\u00e1rio forte, o ot\u00e1rio pode torcer e apertar a porca para obter uma adsor\u00e7\u00e3o forte e n\u00e3o cair, material acr\u00edlico avan\u00e7ado. <\/p>\n<p><p>Modelo: CRB-32 <\/p>\n<p>Especifica\u00e7\u00f5es do produto: (comprimento\/largura\/altura): 335\/110\/60 MM &#8211; contendo ventosa <\/p>\n<p>(Comprimento\/largura\/altura): 335\/105\/55 MM &#8211; sem ventosa <\/p>\n<p>N\u00famero de furos de assentos: 32 <\/p>\n<p>Di\u00e2metro do furo: 13 MM <\/p>\n<p>N\u00famero de ventosas: 3 <\/p>\n<p><p>SPS sem assento de suporte, se necess\u00e1rio, adquira, instale o diagrama de efeito de base do SPS abaixo <\/p>\n<p><a><img class=\"alignnone=\"><\/a><\/p>\n<\/p><\/div><\/div>\n","protected":false},"excerpt":{"rendered":"<p>Acess\u00f3rios de instala\u00e7\u00e3o de sistema de aqu\u00e1rio acr\u00edlico<\/p>\n","protected":false},"featured_media":6257,"comment_status":"open","ping_status":"closed","template":"","meta":[],"product_brand":[],"product_cat":[1272],"product_tag":[],"class_list":{"0":"post-36974","1":"product","2":"type-product","3":"status-publish","4":"has-post-thumbnail","6":"product_cat-escumadores-de-proteina","8":"first","9":"instock","10":"shipping-taxable","11":"purchasable","12":"product-type-simple","13":"add-to-wishlist-after_add_to_cart"},"jetpack_sharing_enabled":true,"_links":{"self":[{"href":"https:\/\/www.reefshops.com\/pt-br\/wp-json\/wp\/v2\/product\/36974","targetHints":{"allow":["GET"]}}],"collection":[{"href":"https:\/\/www.reefshops.com\/pt-br\/wp-json\/wp\/v2\/product"}],"about":[{"href":"https:\/\/www.reefshops.com\/pt-br\/wp-json\/wp\/v2\/types\/product"}],"replies":[{"embeddable":true,"href":"https:\/\/www.reefshops.com\/pt-br\/wp-json\/wp\/v2\/comments?post=36974"}],"wp:featuredmedia":[{"embeddable":true,"href":"https:\/\/www.reefshops.com\/pt-br\/wp-json\/wp\/v2\/media\/6257"}],"wp:attachment":[{"href":"https:\/\/www.reefshops.com\/pt-br\/wp-json\/wp\/v2\/media?parent=36974"}],"wp:term":[{"taxonomy":"product_brand","embeddable":true,"href":"https:\/\/www.reefshops.com\/pt-br\/wp-json\/wp\/v2\/product_brand?post=36974"},{"taxonomy":"product_cat","embeddable":true,"href":"https:\/\/www.reefshops.com\/pt-br\/wp-json\/wp\/v2\/product_cat?post=36974"},{"taxonomy":"product_tag","embeddable":true,"href":"https:\/\/www.reefshops.com\/pt-br\/wp-json\/wp\/v2\/product_tag?post=36974"}],"curies":[{"name":"wp","href":"https:\/\/api.w.org\/{rel}","templated":true}]}}