{"id":36987,"date":"2016-12-27T16:03:35","date_gmt":"2016-12-27T16:03:35","guid":{"rendered":"https:\/\/www.reefshops.com\/product\/red-devil-red-devil-d4000-bombas-submersiveis-anfibias-anfibias-bombas-submersiveis\/"},"modified":"2025-03-16T08:45:23","modified_gmt":"2025-03-16T08:45:23","slug":"red-devil-red-devil-d4000-bombas-submersiveis-anfibias-anfibias-bombas-submersiveis","status":"publish","type":"product","link":"https:\/\/www.reefshops.com\/pt-br\/produto\/red-devil-red-devil-d4000-bombas-submersiveis-anfibias-anfibias-bombas-submersiveis\/","title":{"rendered":"Red Devil Red Devil D4000 bombas submers\u00edveis anf\u00edbias anf\u00edbias bombas submers\u00edveis"},"content":{"rendered":"<h2>Descri\u00e7\u00e3o do produto <\/h2>\n<p><p>Par\u00e2metros t\u00e9cnicos: <br \/> Modelo: Devil D4000 <br \/> Fluxo: 4000L\/H <br \/> Eleva\u00e7\u00e3o m\u00e1xima: 2,8 M <br \/> Pot\u00eancia: 55W <\/p>\n<p><p>PS: dados atualizados em janeiro de 2015 <\/p>\n<p><p> Tubo vertical da bomba e a base contendo a ventosa tamanho m\u00e1ximo \ud83d\ude41 comprimento \/ largura \/ altura): 115\/100\/130 MM <\/p>\n<p>Bombas especialmente projetadas podem ser colocadas em torno das dire\u00e7\u00f5es transversais. <\/p>\n<p><p>Montagem de fuselagem cinza Uni\u00e3o Profissional: conex\u00e3o direta de acess\u00f3rios para tubos de PVC 20MM <\/p>\n<p>Vem com adaptador. 14 ~ 18MM podem ser conectados a uma mangueira. <\/p>\n<p><p>&amp;Nbsp; para <a><img class=\" size-full=\"><\/a><\/p>\n<p><p><strong>Recursos da bomba submers\u00edvel anf\u00edbia Devil: <\/strong><\/p>\n<div>\n<div>1 Germany Standard &#8211; Produtos personalizados <\/div>\n<div>2 eixos e refinados usando um produ\u00e7\u00e3o de n\u00facleo altamente polido de padr\u00e3o superior <\/div>\n<div>3 ultra-eficiente e ultra-silencioso <\/div>\n<div>4 persistente forte e baixo consumo de energia <\/div>\n<div>5 desempenho do rotor magn\u00e9tico (desempenho n\u00e3o tradicional do que o rotor magn\u00e9tico comum, o rotor magn\u00e9tico custa cerca de 8 a 10 vezes o rotor magn\u00e9tico normal) <\/div>\n<div>6 chip de prote\u00e7\u00e3o t\u00e9rmica embutido, desligar automaticamente a bomba n\u00e3o est\u00e1 funcionando corretamente. <\/div>\n<div>7 corpo da bomba de \u00e1gua em um material ABS \u00e0 prova de fogo de alto padr\u00e3o <\/div>\n<div>Com linha espessa e ousada de alta pot\u00eancia <\/div>\n<div>8 pode ser colocado diretamente na \u00e1gua, mas tamb\u00e9m nas conex\u00f5es de tubula\u00e7\u00e3o de \u00e1gua usando in vitro (opera\u00e7\u00e3o de queima n\u00e3o indutiva sem contato com \u00e1gua) <\/div>\n<div>9 \u00e9 adequado para \u00e1gua doce e \u00e1gua do mar <\/div>\n<div>10 design exclusivo de barra de montagem de ventosa, a bomba pode ser colocada em ambas as dire\u00e7\u00f5es sobre horizontal, vertical coloca\u00e7\u00e3o. <\/div>\n<div>11 atrav\u00e9s da certifica\u00e7\u00e3o de seguran\u00e7a europeia CE, segura e confi\u00e1vel. <\/div>\n<div>&amp;Nbsp; para <a><img class=\" size-full=\"><\/a><\/div>\n<div>\n<\/div>\n<div>Pacote de produtos <\/div>\n<div><a><br \/> <\/a><a><img class=\" size-full=\"><\/a><\/p>\n<\/div><\/div>\n<div>&amp;Nbsp; para <\/p>\n<p><a><img class=\" wp-image-3109=\"><\/a><a><img class=\" size-full=\"><\/a><\/div>\n<p>&amp;Nbsp; para <\/p>\n<\/p><\/div>\n","protected":false},"excerpt":{"rendered":"<p>Red Devil Red Devil D4000 bombas submers\u00edveis anf\u00edbias anf\u00edbias bombas submers\u00edveis<\/p>\n","protected":false},"featured_media":5993,"comment_status":"open","ping_status":"closed","template":"","meta":[],"product_brand":[],"product_cat":[1272],"product_tag":[],"class_list":{"0":"post-36987","1":"product","2":"type-product","3":"status-publish","4":"has-post-thumbnail","6":"product_cat-escumadores-de-proteina","8":"first","9":"instock","10":"shipping-taxable","11":"purchasable","12":"product-type-simple","13":"add-to-wishlist-after_add_to_cart"},"jetpack_sharing_enabled":true,"_links":{"self":[{"href":"https:\/\/www.reefshops.com\/pt-br\/wp-json\/wp\/v2\/product\/36987","targetHints":{"allow":["GET"]}}],"collection":[{"href":"https:\/\/www.reefshops.com\/pt-br\/wp-json\/wp\/v2\/product"}],"about":[{"href":"https:\/\/www.reefshops.com\/pt-br\/wp-json\/wp\/v2\/types\/product"}],"replies":[{"embeddable":true,"href":"https:\/\/www.reefshops.com\/pt-br\/wp-json\/wp\/v2\/comments?post=36987"}],"wp:featuredmedia":[{"embeddable":true,"href":"https:\/\/www.reefshops.com\/pt-br\/wp-json\/wp\/v2\/media\/5993"}],"wp:attachment":[{"href":"https:\/\/www.reefshops.com\/pt-br\/wp-json\/wp\/v2\/media?parent=36987"}],"wp:term":[{"taxonomy":"product_brand","embeddable":true,"href":"https:\/\/www.reefshops.com\/pt-br\/wp-json\/wp\/v2\/product_brand?post=36987"},{"taxonomy":"product_cat","embeddable":true,"href":"https:\/\/www.reefshops.com\/pt-br\/wp-json\/wp\/v2\/product_cat?post=36987"},{"taxonomy":"product_tag","embeddable":true,"href":"https:\/\/www.reefshops.com\/pt-br\/wp-json\/wp\/v2\/product_tag?post=36987"}],"curies":[{"name":"wp","href":"https:\/\/api.w.org\/{rel}","templated":true}]}}