{"id":37029,"date":"2016-12-27T16:03:44","date_gmt":"2016-12-27T16:03:44","guid":{"rendered":"https:\/\/www.reefshops.com\/product\/calcio-suplementa-camara-de-reator-de-reator-de-calcio-aoc-120-camara-de-reacao-anti-calcio\/"},"modified":"2025-03-16T08:52:33","modified_gmt":"2025-03-16T08:52:33","slug":"calcio-suplementa-camara-de-reator-de-reator-de-calcio-aoc-120-camara-de-reacao-anti-calcio","status":"publish","type":"product","link":"https:\/\/www.reefshops.com\/pt-br\/produto\/calcio-suplementa-camara-de-reator-de-reator-de-calcio-aoc-120-camara-de-reacao-anti-calcio\/","title":{"rendered":"C\u00e1lcio suplementa c\u00e2mara de reator de reator de c\u00e1lcio AOC-120 c\u00e2mara de rea\u00e7\u00e3o anti-c\u00e1lcio"},"content":{"rendered":"<h2>Descri\u00e7\u00e3o do produto <\/h2>\n<div class=\" mod=\">\n<div>\n<div>\n<div class=\" detail-inside=\">\n<div>\n<div>\n<div class=\" regi\u00e3o-custom=\">\n<div class=\" widget-custom=\">\n<div>\n<div class=\" mod-detail-description=\" data-mod-config='{\"showOn\":[\"mod-detail-description\"],\"title\":\"\ufffd\ufffd\u03f8\ufffd\ufffd\u03e2\",\"tabConfig\":{\"trace\":\"tabdetail\",\"showKey\":\"mod-detail-description\"}}'>\n<div class=\" de-description-detail=\">\n<div data-url=\"\">\n<p align=\"\"><strong>Par\u00e2metros t\u00e9cnicos: <\/strong><br \/> Modelo: AOC-120 <br \/> Formas de lugar: modelo externo <br \/> Tamanho (unidade de di\u00e2metro \/ altura: mm): 120\/500 <br \/> Especifica\u00e7\u00f5es da doca (unidade: mm): 180\/150 <br \/> Nota: sem material interno <\/p>\n<p align=\"\">&amp;Nbsp; para <a href=\"\"><img decoding=\"async\" width=\"\" height=\"\" class=\"\" alt=\"\" src=\"\"><\/a><\/p>\n<p align=\"\"><br class=\"\"><br class=\"\"><\/p>\n<p align=\"\"><br class=\"\"><br class=\"\"><\/p>\n<p align=\"\">Fontes mar\u00edtimas marinhas fonte de prop\u00f3sitos da c\u00e2mara do reator de suplemento de c\u00e1lcio: a c\u00e2mara de rea\u00e7\u00e3o de suplementos deve ser equipada com a quantidade certa de comprimidos de c\u00e1lcio, reator de c\u00e1lcio atrav\u00e9s da conex\u00e3o de sa\u00edda que pode absorver o excesso de di\u00f3xido de carbono do efluente do reator de c\u00e1lcio para torn\u00e1-lo novamente rea\u00e7\u00e3o de comprimidos de c\u00e1lcio de c\u00e1lcio. Para prevenir eficazmente os perigos excessivos do tanque de di\u00f3xido de carbono. <br class=\"\"><br class=\"\"><\/p>\n<p align=\"\"><strong>S\u00e9rie AOC de outros modelos <\/strong><\/p>\n<p align=\"\"><a href=\"\"><img decoding=\"async\" width=\"\" height=\"\" class=\"\" alt=\"\" src=\"\"><\/a><br class=\"\"><br class=\"\"><\/p>\n<p>&amp;Nbsp; para <\/p>\n<\/p><\/div><\/div><\/div><\/div><\/div>\n<div class=\"\" data-widget-name=\"\"><\/div><\/div><\/div><\/div><\/div><\/div><\/div><\/div>\n<div class=\"\" data-view-config='{\"\"showResult\"\":false,\"\"feature\"\":\"\"WP_WIDGET_OFFER_DETAIL\"\",\"\"showTitle\"\":false}' data-app='{\"\"styles\"\":[],\"\"title\"\":\"\"offer\ufffd\ufffd\u03f8\ufffd\ufffd\ufffd\ufffd3\"\",\"\"name\"\":\"\"offerDetailContext3\"\",\"\"id\"\":\"\"6d7584a1f4714f37868f62b60e1b3f6a\"\"}'> \u200b\u200b<\/p>\n<div class=\"\">\n<div class=\"\">\n<div class=\"\" data-area-config=\"\">\n<div class=\"\">\n<div class=\"\">\n<div class=\"\" data-region-config='{\"\"name\"\":\"\"region-detail-credit\"\",\"\"direction\"\":\"\"vertical\"\"}'> \u200b\u200b<\/p>\n<div class=\"\" data-widget-name=\"\">\n<div class=\"\"> &lt;div class=&quot;&quot; mod-detail-dealrecord=&quot;&quot; mod-info&quot;&quot;=&quot;&quot; id=&quot;&quot; mod-detail-dealrecord&quot;&quot;=&quot;&quot; style=&quot;&quot; margin:=&quot;&quot; 0px=&quot;&quot; 0px=&quot;&quot; 32px;=&quot;&quot; posi\u00e7\u00e3o:=&quot;&quot; relativo;&quot;&quot;=&quot;&quot; data-mod-config=&#039;{&quot;&quot;showOn&quot;&quot;:[&quot;&quot;mod-detail-description&quot;&quot;,&quot;&quot;mod-detail-dealrecord&quot;&quot;],&quot;&quot;title&quot;&quot;:&quot;&quot;\ufffd\u027d\ufffd<em>0<\/em>&#8220;&#8221;,&#8221;&#8221;tabConfig&#8221;&#8221;:{&#8220;&#8221;trace&#8221;&#8221;:&#8221;&#8221;tabdealrecord&#8221;&#8221;,&#8221;&#8221;showKey&#8221;&#8221;:&#8221;&#8221;mod-detail-dealrecord&#8221; &#8220;},&#8221;&#8221;remarkListUrl&#8221;&#8221;:&#8221;&#8221;http:\/\/rate.1688.com\/remark\/offerDetail\/saleRecords.json?offerId=1277298 626&#8243;&#8221;,&#8221;&#8221;total&#8221;&#8221;:&#8221;&#8221;0&#8243;&#8221;,&#8221;&#8221;halfYearTotal&#8221;&#8221;:&#8221;&#8221;0&#8243;&#8221;,&#8221;&#8221;totalRate&#8221;&#8221;:&#8221;&#8221;0&#8243;&#8221;,&#8221;&#8221;isTgcSKUOffer&#8221;&#8221;:&#8221;&#8221;false&#8221;&#8221;}&#8217;&gt; <\/p>\n<div class=\"\">\n<h2 class=\"\">Registro de transa\u00e7\u00e3o <\/h2>\n<\/p><\/div><\/div><\/div><\/div><\/div><\/div><\/div><\/div><\/div><\/div><\/div><\/div>\n<p>&#8220;<\/p>\n","protected":false},"excerpt":{"rendered":"<p>C\u00e1lcio suplementa c\u00e2mara de reator de reator de c\u00e1lcio AOC-120 c\u00e2mara de rea\u00e7\u00e3o anti-c\u00e1lcio<\/p>\n","protected":false},"featured_media":6391,"comment_status":"open","ping_status":"closed","template":"","meta":[],"product_brand":[],"product_cat":[1272],"product_tag":[],"class_list":{"0":"post-37029","1":"product","2":"type-product","3":"status-publish","4":"has-post-thumbnail","6":"product_cat-escumadores-de-proteina","8":"first","9":"instock","10":"shipping-taxable","11":"purchasable","12":"product-type-simple","13":"add-to-wishlist-after_add_to_cart"},"jetpack_sharing_enabled":true,"_links":{"self":[{"href":"https:\/\/www.reefshops.com\/pt-br\/wp-json\/wp\/v2\/product\/37029","targetHints":{"allow":["GET"]}}],"collection":[{"href":"https:\/\/www.reefshops.com\/pt-br\/wp-json\/wp\/v2\/product"}],"about":[{"href":"https:\/\/www.reefshops.com\/pt-br\/wp-json\/wp\/v2\/types\/product"}],"replies":[{"embeddable":true,"href":"https:\/\/www.reefshops.com\/pt-br\/wp-json\/wp\/v2\/comments?post=37029"}],"wp:featuredmedia":[{"embeddable":true,"href":"https:\/\/www.reefshops.com\/pt-br\/wp-json\/wp\/v2\/media\/6391"}],"wp:attachment":[{"href":"https:\/\/www.reefshops.com\/pt-br\/wp-json\/wp\/v2\/media?parent=37029"}],"wp:term":[{"taxonomy":"product_brand","embeddable":true,"href":"https:\/\/www.reefshops.com\/pt-br\/wp-json\/wp\/v2\/product_brand?post=37029"},{"taxonomy":"product_cat","embeddable":true,"href":"https:\/\/www.reefshops.com\/pt-br\/wp-json\/wp\/v2\/product_cat?post=37029"},{"taxonomy":"product_tag","embeddable":true,"href":"https:\/\/www.reefshops.com\/pt-br\/wp-json\/wp\/v2\/product_tag?post=37029"}],"curies":[{"name":"wp","href":"https:\/\/api.w.org\/{rel}","templated":true}]}}