{"id":37052,"date":"2016-12-27T16:03:44","date_gmt":"2016-12-27T16:03:44","guid":{"rendered":"https:\/\/www.reefshops.com\/product\/removedor-de-nitrato-com-removedor-de-nitrato-haley-pump-nr-150-6520\/"},"modified":"2025-03-16T08:52:35","modified_gmt":"2025-03-16T08:52:35","slug":"removedor-de-nitrato-com-removedor-de-nitrato-haley-pump-nr-150-6520","status":"publish","type":"product","link":"https:\/\/www.reefshops.com\/pt-br\/produto\/removedor-de-nitrato-com-removedor-de-nitrato-haley-pump-nr-150-6520\/","title":{"rendered":"Removedor de nitrato com removedor de nitrato Haley Pump NR-150-6520"},"content":{"rendered":"<h2>Descri\u00e7\u00e3o do produto <\/h2>\n<div class=\" mod=\">\n<div>\n<div>\n<div class=\" detail-inside=\">\n<div>\n<div>\n<div class=\" regi\u00e3o-custom=\">\n<div class=\" widget-custom=\">\n<div>\n<div class=\" mod-detail-description=\" data-mod-config='{\"showOn\":[\"mod-detail-description\"],\"title\":\"\ufffd\ufffd\u03f8\ufffd\ufffd\u03e2\",\"tabConfig\":{\"trace\":\"tabdetail\",\"showKey\":\"mod-detail-description\"}}'>\n<div class=\" de-description-detail=\">\n<div data-url=\"\">\n<p>E a fonte de MARINE SOURCES removedor de nitrato \/ dispositivo de controle qu\u00edmico de nitrato \/ dispositivo para nitrato <\/p>\n<p>&amp;Nbsp; para <\/p>\n<p>Par\u00e2metros do produto: <\/p>\n<p>&amp;Nbsp; para <\/p>\n<p>Removedor de nitrato NR-120-6520, atrav\u00e9s de v\u00e1lvula reguladora para aqu\u00e1rio ou lago de 800-2200L. <\/p>\n<p>&amp;Nbsp; para <\/p>\n<p>Modelo: NR-150-6520 <br \/> Tamanho (unidade de di\u00e2metro \/ altura: mm): 150\/665 <br \/> Bomba \/ pot\u00eancia: HX-6520 \/ 35W <br \/> O corpo de \u00e1gua aplic\u00e1vel m\u00e1ximo recomendado (unidade: litro): 2200 <br \/> Especifica\u00e7\u00f5es da doca (unidade: mm): 240\/215 <\/p>\n<p>&amp;Nbsp; para <\/p>\n<p><a href=\"\"><img decoding=\"async\" width=\"\" height=\"\" class=\"\" alt=\"\" src=\"\"><\/a><br class=\"\"><br class=\"\"><\/p>\n<p>&amp;Nbsp; para <\/p>\n<p>Caracter\u00edsticas do produto: <\/p>\n<p>1 corpo com materiais acr\u00edlicos (acr\u00edlico) de alta qualidade produzidos. <br \/> A c\u00e2mara de rea\u00e7\u00e3o 2 \u00e9 um design de veda\u00e7\u00e3o multicamadas, inova\u00e7\u00e3o e apar\u00eancia est\u00e9tica, <br \/> 3 Design anti-casual microporoso da c\u00e2mara de rea\u00e7\u00e3o inferior, sem algod\u00e3o bioqu\u00edmico, f\u00e1cil limpeza e manuten\u00e7\u00e3o, aplic\u00e1vel a uma variedade de materiais de filtra\u00e7\u00e3o <br \/> 4 especialmente projetado para que a \u00e1gua interna de alta velocidade circule constantemente, cada ciclo atrav\u00e9s de todos os materiais de filtro, <br \/> 5 fora, \u00e1gua especialmente projetada, f\u00e1cil de ajustar <br \/> 6 equipado com diferentes materiais de filtro podem ser usos variados (como bio bola, bio-an\u00e9is, carv\u00e3o ativado, materiais de absor\u00e7\u00e3o de f\u00f3sforo, gr\u00e2nulos de enxofre + comprimidos de c\u00e1lcio, etc.), consulte a tabela <\/p>\n<p>Uso de materiais com uma vaz\u00e3o de acordo com as necessidades de uso do reator <br \/> 6-1 controle qu\u00edmico de esfera com nitrato biol\u00f3gico \u00e9 lento <br \/> 6-2 ciclo de controle qu\u00edmico de nitrato biol\u00f3gico \u00e9 lento <br \/> 6-3 Biofiltro de anel biol\u00f3gico r\u00e1pido <br \/> 6-4 filtro de carv\u00e3o ativado r\u00e1pido <br \/> 6-5 material de absor\u00e7\u00e3o de f\u00f3sforo controle qu\u00edmico de fosfato \u00e9 lento <br \/> 6-6 gr\u00e2nulos de enxofre + comprimidos de c\u00e1lcio, al\u00e9m de fosfato de c\u00e1lcio lento <\/p>\n<p>7 dentro do reator n\u00e3o cont\u00e9m material, por favor compre o seu pr\u00f3prio. <\/p>\n<p align=\"\">Uso recomendado e origem das bolas biol\u00f3gicas, consulte os seguintes dados: <\/p>\n<p>&amp;Nbsp; para <\/p>\n<table border=\"\" cellpadding=\"\">\n<tbody>\n<tr>\n<td width=\"\" valign=\"\">\n<p align=\"\">modelo <\/p>\n<\/td>\n<td width=\"\" valign=\"\">\n<p align=\"\">Recomenda\u00e7\u00f5es biol\u00f3gicas de matchball e anaer\u00f3bios sobre o n\u00famero de <\/p>\n<\/td>\n<\/tr>\n<tr>\n<td width=\"\" valign=\"\">\n<p align=\"\">NR-120-6520 <\/p>\n<\/td>\n<td width=\"\" valign=\"\">\n<p align=\"\">Biobolas anaer\u00f3bicas 80 bolas 10 <\/p>\n<\/td>\n<\/tr>\n<tr>\n<td width=\"\" valign=\"\">\n<p align=\"\">NR-150-6520 <\/p>\n<\/td>\n<td width=\"\" valign=\"\">\n<p align=\"\">Bio bolas anaer\u00f3bicas 140 bolas 18 <\/p>\n<\/td>\n<\/tr>\n<tr>\n<td width=\"\" valign=\"\">\n<p align=\"\">NR-200-6530 <\/p>\n<\/td>\n<td width=\"\" valign=\"\">\n<p align=\"\">Bolas biol\u00f3gicas anaer\u00f3bicas 320 bolas 40 <\/p>\n<\/td>\n<\/tr>\n<tr>\n<td width=\"\" valign=\"\">\n<p align=\"\">NR-250-6540 <\/p>\n<\/td>\n<td width=\"\" valign=\"\">\n<p align=\"\">Bolas biol\u00f3gicas anaer\u00f3bicas 400 bolas 50 <\/p>\n<\/td>\n<\/tr>\n<\/tbody>\n<\/table><\/div><\/div><\/div><\/div><\/div>\n<div class=\"\" data-widget-name=\"\"><\/div><\/div><\/div><\/div><\/div><\/div><\/div><\/div>\n<div class=\"\" data-view-config='{\"\"showResult\"\":false,\"\"feature\"\":\"\"WP_WIDGET_OFFER_DETAIL\"\",\"\"showTitle\"\":false}' data-app='{\"\"styles\"\":[],\"\"title\"\":\"\"offer\ufffd\ufffd\u03f8\ufffd\ufffd\ufffd\ufffd3\"\",\"\"name\"\":\"\"offerDetailContext3\"\",\"\"id\"\":\"\"6d7584a1f4714f37868f62b60e1b3f6a\"\"}'><\/div><\/div>\n<p>&#8220;<\/p>\n","protected":false},"excerpt":{"rendered":"<p>Removedor de nitrato com removedor de nitrato Haley Pump NR-150-6520<\/p>\n","protected":false},"featured_media":0,"comment_status":"open","ping_status":"closed","template":"","meta":[],"product_brand":[],"product_cat":[1272],"product_tag":[],"class_list":{"0":"post-37052","1":"product","2":"type-product","3":"status-publish","5":"product_cat-escumadores-de-proteina","7":"first","8":"instock","9":"shipping-taxable","10":"purchasable","11":"product-type-simple","12":"add-to-wishlist-after_add_to_cart"},"jetpack_sharing_enabled":true,"_links":{"self":[{"href":"https:\/\/www.reefshops.com\/pt-br\/wp-json\/wp\/v2\/product\/37052","targetHints":{"allow":["GET"]}}],"collection":[{"href":"https:\/\/www.reefshops.com\/pt-br\/wp-json\/wp\/v2\/product"}],"about":[{"href":"https:\/\/www.reefshops.com\/pt-br\/wp-json\/wp\/v2\/types\/product"}],"replies":[{"embeddable":true,"href":"https:\/\/www.reefshops.com\/pt-br\/wp-json\/wp\/v2\/comments?post=37052"}],"wp:attachment":[{"href":"https:\/\/www.reefshops.com\/pt-br\/wp-json\/wp\/v2\/media?parent=37052"}],"wp:term":[{"taxonomy":"product_brand","embeddable":true,"href":"https:\/\/www.reefshops.com\/pt-br\/wp-json\/wp\/v2\/product_brand?post=37052"},{"taxonomy":"product_cat","embeddable":true,"href":"https:\/\/www.reefshops.com\/pt-br\/wp-json\/wp\/v2\/product_cat?post=37052"},{"taxonomy":"product_tag","embeddable":true,"href":"https:\/\/www.reefshops.com\/pt-br\/wp-json\/wp\/v2\/product_tag?post=37052"}],"curies":[{"name":"wp","href":"https:\/\/api.w.org\/{rel}","templated":true}]}}