{"id":37056,"date":"2016-12-27T16:03:38","date_gmt":"2016-12-27T16:03:38","guid":{"rendered":"https:\/\/www.reefshops.com\/product\/reator-de-calcio-kr-120-6520-reator-de-calcio\/"},"modified":"2025-03-16T08:45:54","modified_gmt":"2025-03-16T08:45:54","slug":"reator-de-calcio-kr-120-6520-reator-de-calcio","status":"publish","type":"product","link":"https:\/\/www.reefshops.com\/pt-br\/produto\/reator-de-calcio-kr-120-6520-reator-de-calcio\/","title":{"rendered":"Reator de c\u00e1lcio KR-120-6520 reator de c\u00e1lcio"},"content":{"rendered":"<h2>Descri\u00e7\u00e3o do produto <\/h2>\n<p>E a fonte do reator de c\u00e1lcio MARINE SOURCES KR-120-6520 atrav\u00e9s da v\u00e1lvula reguladora para aqu\u00e1rio ou lagoa de 500-2000L. <\/p>\n<p>&amp;Nbsp; para <\/p>\n<p>Modelo: KR-120-6520 <br \/> (unidade de di\u00e2metro\/altura: mm): 120\/565 <br \/> Bomba \/ pot\u00eancia: HX-6520 \/ 35W <br \/> As recomenda\u00e7\u00f5es se aplicam \u00e0 \u00e1gua (unidade: litro): 2000 <br \/> Especifica\u00e7\u00f5es da doca (unidade: mm): 195\/195 <\/p>\n<p>&amp;Nbsp; para <\/p>\n<p><a><img class=\" size-large=\"><\/a><\/p>\n<p><\/p>\n<p>&amp;Nbsp; para <\/p>\n<p>1 corpo com materiais acr\u00edlicos (acr\u00edlico) de alta qualidade produzidos. <br \/> 2 da c\u00e2mara de rea\u00e7\u00e3o \u00e9 um design selado, inova\u00e7\u00e3o e apar\u00eancia est\u00e9tica <br \/> 3 especialmente projetado para que a \u00e1gua interna de alta velocidade circule constantemente, de modo que o p\u00f3 de c\u00e1lcio com \u00e1gua dentro do reator de escova de moagem suficiente e contatos <br \/> 4 fora, \u00e1gua especialmente projetada, ajuste mais facilmente <br \/> 5 dentro do reator n\u00e3o cont\u00e9m material, por favor compre o seu pr\u00f3prio. <\/p>\n<\/p><\/div>\n","protected":false},"excerpt":{"rendered":"<p>Reator de c\u00e1lcio KR-120-6520 reator de c\u00e1lcio<\/p>\n","protected":false},"featured_media":6167,"comment_status":"open","ping_status":"closed","template":"","meta":[],"product_brand":[],"product_cat":[1272],"product_tag":[],"class_list":{"0":"post-37056","1":"product","2":"type-product","3":"status-publish","4":"has-post-thumbnail","6":"product_cat-escumadores-de-proteina","8":"first","9":"instock","10":"shipping-taxable","11":"purchasable","12":"product-type-simple","13":"add-to-wishlist-after_add_to_cart"},"jetpack_sharing_enabled":true,"_links":{"self":[{"href":"https:\/\/www.reefshops.com\/pt-br\/wp-json\/wp\/v2\/product\/37056","targetHints":{"allow":["GET"]}}],"collection":[{"href":"https:\/\/www.reefshops.com\/pt-br\/wp-json\/wp\/v2\/product"}],"about":[{"href":"https:\/\/www.reefshops.com\/pt-br\/wp-json\/wp\/v2\/types\/product"}],"replies":[{"embeddable":true,"href":"https:\/\/www.reefshops.com\/pt-br\/wp-json\/wp\/v2\/comments?post=37056"}],"wp:featuredmedia":[{"embeddable":true,"href":"https:\/\/www.reefshops.com\/pt-br\/wp-json\/wp\/v2\/media\/6167"}],"wp:attachment":[{"href":"https:\/\/www.reefshops.com\/pt-br\/wp-json\/wp\/v2\/media?parent=37056"}],"wp:term":[{"taxonomy":"product_brand","embeddable":true,"href":"https:\/\/www.reefshops.com\/pt-br\/wp-json\/wp\/v2\/product_brand?post=37056"},{"taxonomy":"product_cat","embeddable":true,"href":"https:\/\/www.reefshops.com\/pt-br\/wp-json\/wp\/v2\/product_cat?post=37056"},{"taxonomy":"product_tag","embeddable":true,"href":"https:\/\/www.reefshops.com\/pt-br\/wp-json\/wp\/v2\/product_tag?post=37056"}],"curies":[{"name":"wp","href":"https:\/\/api.w.org\/{rel}","templated":true}]}}