{"id":38102,"date":"2016-12-27T16:03:42","date_gmt":"2016-12-27T16:03:42","guid":{"rendered":"https:\/\/www.reefshops.com\/product\/barril-de-zeolita-dzr-200h-zeolita\/"},"modified":"2025-03-16T08:52:07","modified_gmt":"2025-03-16T08:52:07","slug":"barril-de-zeolita-dzr-200h-zeolita","status":"publish","type":"product","link":"https:\/\/www.reefshops.com\/pt-br\/produto\/barril-de-zeolita-dzr-200h-zeolita\/","title":{"rendered":"Barril de ze\u00f3lita DZR-200H ze\u00f3lita"},"content":{"rendered":"<h2>Descri\u00e7\u00e3o do produto <\/h2>\n<div><a><img class=\" alignnone=\"><\/a><\/p>\n<\/div>\n<div><\/div>\n<div>\n<p>E a fonte do barril de ze\u00f3lita MARINE SOURCES (bomba Devil) DZR-200H <\/p>\n<div>Modelo:. DZR-200H <br \/> Tipo de local: Embutido <br \/> Especifica\u00e7\u00f5es do produto (di\u00e2metro\/altura MM): 200\/700 <br \/> Bomba de uso: Devil D4000 <\/div>\n<div>Pot\u00eancia\/Fluxo: 55W \/ 4000L \/ H <br \/> \u00c1gua tratada m\u00e1xima: 3300L: <\/div>\n<div>Especifica\u00e7\u00e3o da \u00e1rea (MM):, 370\/220 <\/div><\/div>\n<div><\/div>\n<div><\/div>\n<div>\n<div><\/div>\n<div>Barril de ze\u00f3lito Descri\u00e7\u00e3o de uso: <\/div>\n<div>(doravante dados de ze\u00f3lito da Internet, para refer\u00eancia) <\/div>\n<div><\/div>\n<div>Fonte de ze\u00f3lita do mar usando banheira de acr\u00edlico de alta qualidade e produ\u00e7\u00e3o avan\u00e7ada de tubos, \u00e9 uma nova gera\u00e7\u00e3o de equipamentos de filtragem de tanques de \u00e1gua do mar, o sistema \u00e9 constru\u00eddo como equipamento essencial Zeovit. O sistema \u00e9 atualmente c\u00edrculos Zeovit em corais de peixes marinhos reconhecidos em casa e no exterior, em particular, \u00e9 o sistema de suporte de vida de corais SPS mais perfeito <\/div>\n<div><\/div>\n<div>\n<p>PS: fonte ze\u00f3lita barril mar com ajuste flex\u00edvel. a bomba de acordo com as bombas de \u00e1gua do tanque para o uso de fluxo m\u00e1ximo recomendado, como o tanque do cliente \u00e9 relativamente pequeno, recomenda-se v\u00e1lvulas de esfera adicionais de 20mm (veja tamb\u00e9m a necessidade de comprar conex\u00e3o viva de 20mm, conex\u00e3o) fluxo, <\/p>\n<p>&amp;Nbsp; para <\/p>\n<p>Tamb\u00e9m conhecidas como vulc\u00e2nicas zeol\u00edticas, as rochas sedimentares da erup\u00e7\u00e3o vulc\u00e2nica s\u00e3o formadas por mat\u00e9ria org\u00e2nica sedimentar que \u00e9 liquefeita ou vaporizada para gerar buracos finos, e esses buracos s\u00e3o geralmente mol\u00e9culas org\u00e2nicas do mesmo tamanho, pequenas como um nan\u00f4metro, que \u00e9 semelhante \u00e0 estrutura interna de poros densos da esponja, de modo que a mat\u00e9ria org\u00e2nica na \u00e1gua tem uma forte adsor\u00e7\u00e3o. Este \u00e9 um ze\u00f3lito com princ\u00edpio de filtra\u00e7\u00e3o f\u00edsica. <\/p>\n<p>Rocha sedimentar formada a partir de sais minerais de ze\u00f3lito de alum\u00ednio, como o sel\u00eanio composto, com base no princ\u00edpio da troca i\u00f4nica, os c\u00e1tions ze\u00f3litos t\u00eam uma forte adsor\u00e7\u00e3o. Este \u00e9 um ze\u00f3lito com princ\u00edpio de filtra\u00e7\u00e3o qu\u00edmica. <\/p>\n<p>O ze\u00f3lito pode ser adsorvido de mol\u00e9culas org\u00e2nicas e inorg\u00e2nicas, comumente metanol, am\u00f4nia e outras mol\u00e9culas menores, a maioria dessas subst\u00e2ncias s\u00e3o o skimmer e o carv\u00e3o ativado pode lidar fora da faixa. Assim, o ze\u00f3lito em aplica\u00e7\u00f5es de \u00e1gua do mar pode retardar bastante o envelhecimento da qualidade da \u00e1gua. <\/p>\n<p>Os benef\u00edcios da aplica\u00e7\u00e3o de ze\u00f3lita em tanques de \u00e1gua do mar s\u00e3o os seguintes: <br \/> 1, para manter uma concentra\u00e7\u00e3o relativamente baixa de NO3 e NO4 + (am\u00f4nia \/ am\u00f4nio), condi\u00e7\u00f5es de vida ideais para criaturas marinhas NH3 + (NH4 +) &lt;0,02 ppm ou menos, e uma variedade de m\u00e9todos de filtragem tradicionais podem criar tal ambiente, mas quero cair mais baixo para confiar no ze\u00f3lito, que \u00e9 muito importante para manter os corais SPS. <br \/> 2, porque a adsor\u00e7\u00e3o do ze\u00f3lito da fun\u00e7\u00e3o org\u00e2nica, reduzindo assim a gera\u00e7\u00e3o de sais inorg\u00e2nicos. <br \/> 3, evite conte\u00fado excessivo de elementos met\u00e1licos de \u00e1gua do mar. <br \/> 4, o balan\u00e7o h\u00eddrico de carbono org\u00e2nico, nitrog\u00eanio org\u00e2nico, concentra\u00e7\u00f5es de f\u00f3sforo org\u00e2nico. Estas tr\u00eas subst\u00e2ncias, quanto mais est\u00e1veis \u200b\u200bos microrganismos do cilindro mant\u00eam o som mais forte, melhor ser\u00e1 o estado do coral. <br \/> 5, aumente a transpar\u00eancia do tanque <br \/> 6, adsorva aditivos excessivos, para construir o melhor buffer. <br \/> 7, um agente de branqueamento natural <\/p>\n<p>Mas h\u00e1 desvantagens do ze\u00f3lito, como acontece com todos os filtros biol\u00f3gicos durante o uso, a superf\u00edcie ser\u00e1 anexada a um grande n\u00famero de bact\u00e9rias ben\u00e9ficas, porque os poros do ze\u00f3lito s\u00e3o extremamente pequenos, por isso \u00e9 f\u00e1cil de ser bloqueado e, finalmente, perdeu completamente o seu papel adequado. Portanto, o uso de ze\u00f3lita no mar no tanque deve obedecer ao princ\u00edpio de limpeza (limpeza) frequente, e no processo de limpeza, quanto mais intenso melhor rola o ze\u00f3lito. Se o barril de ze\u00f3lita do produto ZF-140 fornecer ajuste preciso ao ambiente de trabalho do ze\u00f3lito, o ze\u00f3lito no barril de acr\u00edlico, menor ser\u00e1 o uso da bomba submers\u00edvel de \u00e1gua do mar com fluxo constante de entrada e, em seguida, fluir\u00e1 para fora do topo. Para fortalecer a ze\u00f3lita rolante, este produto \u00e9 especialmente desenhado com al\u00e7as, recomenda-se empurrar e puxar pelo menos 30 vezes ao dia. <\/p>\n<p>Cuidado: <br \/> 1, o uso deste produto reduzir\u00e1 os nutrientes na \u00e1gua do mar, para n\u00e3o ter que alimentar o branqueamento de corais, mas de repente um grande n\u00famero de alimenta\u00e7\u00e3o aumentar\u00e1 a carga no sistema de filtro deve ser gradual para reduzir nutrientes e a alimenta\u00e7\u00e3o deve ser equilibrada. <br \/> 2, um novo aqu\u00e1rio usando este produto, deve durar pelo menos dois meses para manter a \u00e1gua entrando lentamente no organismo. Aqu\u00e1rio antigo para usar este produto deve ser filtrado por um per\u00edodo mais longo, pois este produto absorver\u00e1 nutrientes, fazendo com que os microrganismos do cilindro porque n\u00e3o haja comida e morte, portanto, quanto mais dependente da transi\u00e7\u00e3o, o tanque de filtra\u00e7\u00e3o biol\u00f3gica ser\u00e1 mais necess\u00e1rio. <br \/> 3, visto que o funcionamento do produto existe um certo grau de dificuldade, por isso determinados a comprar alertam os clientes: Isto s\u00f3 \u00e9 aplic\u00e1vel a equipamentos que tenham consider\u00e1vel experi\u00eancia e n\u00edvel de entusiasta, apenas n\u00e3o s\u00e3o adequados para contato com tanques de \u00e1gua do mar mantidos por iniciantes. <\/p>\n<\/p><\/div><\/div>\n<div><a><img class=\" size-full=\"><\/a><\/p>\n<p><\/div><\/div>\n","protected":false},"excerpt":{"rendered":"<p>Barril de ze\u00f3lita DZR-200H ze\u00f3lita<\/p>\n","protected":false},"featured_media":6230,"comment_status":"open","ping_status":"closed","template":"","meta":[],"product_brand":[],"product_cat":[1272],"product_tag":[],"class_list":{"0":"post-38102","1":"product","2":"type-product","3":"status-publish","4":"has-post-thumbnail","6":"product_cat-escumadores-de-proteina","8":"first","9":"instock","10":"shipping-taxable","11":"purchasable","12":"product-type-simple","13":"add-to-wishlist-after_add_to_cart"},"jetpack_sharing_enabled":true,"_links":{"self":[{"href":"https:\/\/www.reefshops.com\/pt-br\/wp-json\/wp\/v2\/product\/38102","targetHints":{"allow":["GET"]}}],"collection":[{"href":"https:\/\/www.reefshops.com\/pt-br\/wp-json\/wp\/v2\/product"}],"about":[{"href":"https:\/\/www.reefshops.com\/pt-br\/wp-json\/wp\/v2\/types\/product"}],"replies":[{"embeddable":true,"href":"https:\/\/www.reefshops.com\/pt-br\/wp-json\/wp\/v2\/comments?post=38102"}],"wp:featuredmedia":[{"embeddable":true,"href":"https:\/\/www.reefshops.com\/pt-br\/wp-json\/wp\/v2\/media\/6230"}],"wp:attachment":[{"href":"https:\/\/www.reefshops.com\/pt-br\/wp-json\/wp\/v2\/media?parent=38102"}],"wp:term":[{"taxonomy":"product_brand","embeddable":true,"href":"https:\/\/www.reefshops.com\/pt-br\/wp-json\/wp\/v2\/product_brand?post=38102"},{"taxonomy":"product_cat","embeddable":true,"href":"https:\/\/www.reefshops.com\/pt-br\/wp-json\/wp\/v2\/product_cat?post=38102"},{"taxonomy":"product_tag","embeddable":true,"href":"https:\/\/www.reefshops.com\/pt-br\/wp-json\/wp\/v2\/product_tag?post=38102"}],"curies":[{"name":"wp","href":"https:\/\/api.w.org\/{rel}","templated":true}]}}