{"id":38126,"date":"2016-12-27T16:03:48","date_gmt":"2016-12-27T16:03:48","guid":{"rendered":"https:\/\/www.reefshops.com\/product\/sistema-de-tanque-instalado-acessorio-montagem-tubo-de-conexao-suporte-de-valvula-flutuante-que-suporta-o-uso-de-agua\/"},"modified":"2025-03-16T08:52:59","modified_gmt":"2025-03-16T08:52:59","slug":"sistema-de-tanque-instalado-acessorio-montagem-tubo-de-conexao-suporte-de-valvula-flutuante-que-suporta-o-uso-de-agua","status":"publish","type":"product","link":"https:\/\/www.reefshops.com\/pt-br\/produto\/sistema-de-tanque-instalado-acessorio-montagem-tubo-de-conexao-suporte-de-valvula-flutuante-que-suporta-o-uso-de-agua\/","title":{"rendered":"Sistema de tanque instalado acess\u00f3rio montagem tubo de conex\u00e3o suporte de v\u00e1lvula flutuante que suporta o uso de \u00e1gua"},"content":{"rendered":"<h2>Descri\u00e7\u00e3o do produto <\/h2>\n<p>V\u00e1lvula flutuante pequena, <\/p>\n<p>V\u00e1lvula flutuante sobressalente do suporte da fonte de \u00e1gua do mar. <\/p>\n<p>Outros usos <\/p>\n<p>V\u00e1lvula flutuante para bebedouros pequenos com di\u00e2metro de 3\/8, v\u00e1lvula flutuante em miniatura <\/p>\n<p>\u00c9 uma mini v\u00e1lvula flutuante, equipamento especial para dispensador de \u00e1gua. <\/p>\n<p>Materiais de qualidade m\u00e9dica para produtos aliment\u00edcios, n\u00e3o t\u00f3xicos e ins\u00edpidos, <strong>N\u00e3o afetam a qualidade da \u00e1gua, podem ser usados \u200b\u200bem tubula\u00e7\u00f5es de \u00e1gua. <\/strong><\/p>\n<p>&amp;Nbsp; para <\/p>\n<p><br class=\"\"><br class=\"\"><\/p>\n<p align=\"\"><img decoding=\"async\" alt=\"\" src=\"\"><br class=\"\">especifica\u00e7\u00e3o <\/p>\n<p>&amp;Nbsp; para <\/p>\n<p><a href=\"\"><img decoding=\"async\" width=\"\" height=\"\" class=\"\" alt=\"\" src=\"\"><\/a><\/p>\n<p><br class=\"\"><br class=\"\"><\/p>\n<p align=\"\"><br class=\"\">especifica\u00e7\u00e3o <\/p>\n<p align=\"\">\n<\/div>\n<p>&#8220;<\/p>\n","protected":false},"excerpt":{"rendered":"<p>Sistema de tanque instalado acess\u00f3rio montagem tubo de conex\u00e3o suporte de v\u00e1lvula flutuante que suporta o uso de \u00e1gua<\/p>\n","protected":false},"featured_media":6452,"comment_status":"open","ping_status":"closed","template":"","meta":[],"product_brand":[],"product_cat":[1272],"product_tag":[],"class_list":{"0":"post-38126","1":"product","2":"type-product","3":"status-publish","4":"has-post-thumbnail","6":"product_cat-escumadores-de-proteina","8":"first","9":"instock","10":"shipping-taxable","11":"purchasable","12":"product-type-simple","13":"add-to-wishlist-after_add_to_cart"},"jetpack_sharing_enabled":true,"_links":{"self":[{"href":"https:\/\/www.reefshops.com\/pt-br\/wp-json\/wp\/v2\/product\/38126","targetHints":{"allow":["GET"]}}],"collection":[{"href":"https:\/\/www.reefshops.com\/pt-br\/wp-json\/wp\/v2\/product"}],"about":[{"href":"https:\/\/www.reefshops.com\/pt-br\/wp-json\/wp\/v2\/types\/product"}],"replies":[{"embeddable":true,"href":"https:\/\/www.reefshops.com\/pt-br\/wp-json\/wp\/v2\/comments?post=38126"}],"wp:featuredmedia":[{"embeddable":true,"href":"https:\/\/www.reefshops.com\/pt-br\/wp-json\/wp\/v2\/media\/6452"}],"wp:attachment":[{"href":"https:\/\/www.reefshops.com\/pt-br\/wp-json\/wp\/v2\/media?parent=38126"}],"wp:term":[{"taxonomy":"product_brand","embeddable":true,"href":"https:\/\/www.reefshops.com\/pt-br\/wp-json\/wp\/v2\/product_brand?post=38126"},{"taxonomy":"product_cat","embeddable":true,"href":"https:\/\/www.reefshops.com\/pt-br\/wp-json\/wp\/v2\/product_cat?post=38126"},{"taxonomy":"product_tag","embeddable":true,"href":"https:\/\/www.reefshops.com\/pt-br\/wp-json\/wp\/v2\/product_tag?post=38126"}],"curies":[{"name":"wp","href":"https:\/\/api.w.org\/{rel}","templated":true}]}}