{"id":38132,"date":"2016-12-27T16:03:48","date_gmt":"2016-12-27T16:03:48","guid":{"rendered":"https:\/\/www.reefshops.com\/product\/acessorios-de-instalacao-de-sistema-de-aquario-acrilico-caixa-de-barreira-acessoria-fsb-1a-celula-unica\/"},"modified":"2025-03-16T08:53:01","modified_gmt":"2025-03-16T08:53:01","slug":"acessorios-de-instalacao-de-sistema-de-aquario-acrilico-caixa-de-barreira-acessoria-fsb-1a-celula-unica","status":"publish","type":"product","link":"https:\/\/www.reefshops.com\/pt-br\/produto\/acessorios-de-instalacao-de-sistema-de-aquario-acrilico-caixa-de-barreira-acessoria-fsb-1a-celula-unica\/","title":{"rendered":"Acess\u00f3rios de instala\u00e7\u00e3o de sistema de aqu\u00e1rio acr\u00edlico caixa de barreira acess\u00f3ria FSB-1A c\u00e9lula \u00fanica"},"content":{"rendered":"<h2>Descri\u00e7\u00e3o do produto <\/h2>\n<div class=\" mod=\">\n<div>\n<div>\n<div class=\" detail-inside=\">\n<div>\n<div>\n<div class=\" regi\u00e3o-custom=\">\n<div class=\" widget-custom=\">\n<div>\n<div class=\" mod-detail-description=\" data-mod-config='{\"showOn\":[\"mod-detail-description\"],\"title\":\"\ufffd\ufffd\u03f8\ufffd\ufffd\u03e2\",\"tabConfig\":{\"trace\":\"tabdetail\",\"showKey\":\"mod-detail-description\"}}'>\n<div class=\" de-description-detail=\">\n<div>\n<p>Manual do produto <\/p>\n<p>Modelo: FSB-1A <\/p>\n<p>Tamanho (comprimento\/largura\/altura): 105\/105\/15 0MM (especifica\u00e7\u00f5es da caixa de rede de isolamento sem suporte) <\/p>\n<p>Grade da caixa de isolamento: 1 grade <\/p>\n<p><a><img class=\"alignnone=\"><\/a><\/p>\n<p>&amp;Nbsp; para <\/p>\n<\/p>\n<p>&amp;Nbsp; para <\/p>\n<p>Fonte caixa de barreira mar\u00edtima Caracter\u00edsticas <\/p>\n<p>1 materiais de lente acr\u00edlica de alto brilho, tecnologia de produ\u00e7\u00e3o de processamento a laser profissional, produtos refinados e alto senso de perspectiva. <\/p>\n<p>O design exclusivo do pingente 2, aplica-se a todos os tanques abertos ou com estiramento\/pux\u00e3o do aqu\u00e1rio, a altura pode ser ajustada livremente. <\/p>\n<p>3 furos de \u00e1gua em ambos os lados de um design de faixa longa permitem que a \u00e1gua flua atrav\u00e9s de uma caixa de isolamento mais suave, provavelmente n\u00e3o causar\u00e1 \u00e1gua estagnada, para garantir que o isolamento e o efeito de adapta\u00e7\u00e3o dos peixes rec\u00e9m-adicionados (ap\u00f3s o experimento, os furos redondos tradicionais, a \u00e1gua flui facilmente, gotas de \u00e1gua acumuladas, causando bloqueio, bloqueando o fluxo suave da troca e o fluxo de \u00e1gua dentro e fora do corpo) mostrado abaixo <\/p>\n<p><a><img class=\" size-large=\"><\/a><\/p>\n<p>4 embalado individualmente, (diferentemente de algumas marcas de caixa de isolamento, as folhas de acr\u00edlico precisam ser remontadas, mas tamb\u00e9m f\u00e1ceis de cortar acidentalmente devido a problemas causados \u200b\u200bpela folha de acr\u00edlico n\u00e3o pode ser combinada com sucesso ou quebrada no meio), fora da caixa, f\u00e1cil de usar. <\/p>\n<p>5 especifica\u00e7\u00f5es diferentes foram totalmente consideradas e tamanho de peixe comum cient\u00edfico e escopo virado, propor\u00e7\u00e3o de profundidade quantidade razo\u00e1vel. <\/p>\n<p>6 caixas de isolamento com tampa dobr\u00e1vel, podem ser abertas e fechadas livremente a tampa, f\u00e1cil de manter. (Veja abaixo) <\/p>\n<p><a><img class=\"alignnone=\"><\/a><\/p>\n<\/p>\n<p><strong>Adicione novos peixes, o primeiro per\u00edodo de isolamento, para prevenir e combater os peixes originais e ajudar os rec\u00e9m-chegados a se adaptarem ao novo ambiente, a quantidade de peixes, a pr\u00f3xima imagem mostra exemplos <\/strong><\/p>\n<p><a><img class=\"alignnone=\"><\/a> <a><img class=\"alignnone=\"><\/a> <a><img class=\"alignnone=\"><\/a> <a><img class=\"alignnone=\"><\/a> <a><img class=\"alignnone=\"><\/a><\/p>\n<p><strong>Escolha uma das tr\u00eas op\u00e7\u00f5es: <\/strong><\/p>\n<p><a><img class=\"alignnone=\"><\/a><\/p>\n<\/p><\/div><\/div><\/div><\/div><\/div>\n<div class=\" widget-custom=\"><\/div><\/div><\/div><\/div><\/div><\/div><\/div><\/div>\n<div class=\" mod=\">\n<div>\n<div>\n<div class=\" detail-inside=\">\n<div>\n<div>\n<div class=\" regi\u00e3o-custom=\">\n<div class=\" widget-custom=\">\n<div> &lt;div class=&quot; mod-detail-dealrecord=&quot; mod-info&quot;=&quot; id=&quot; mod-detail-dealrecord&quot;=&quot; style=&quot; margin:=&quot; 0px=&quot; 0px=&quot; 32px;=&quot; posi\u00e7\u00e3o:=&quot; relativo;&quot;=&quot; data-mod-config=&#039;{&quot;showOn&quot;:[&quot;mod-detail-description&quot;,&quot;mod-detail-dealrecord&quot;],&quot;title&quot;:&quot;\ufffd\u027d\ufffd<em>0<\/em>&#8220;,&#8221;tabConfig&#8221;:{&#8220;trace&#8221;:&#8221;tabdealrecord&#8221;,&#8221;showKey&#8221;:&#8221;mod-detail-dealrecord&#8221; },&#8221;remarkListUrl&#8221;:&#8221;http:\/\/rate.1688.com\/remark\/offerDetail\/saleRecords.json?offerId=523308774131&#8243;,&#8221;total&#8221;:&#8221;0&#8243;,&#8221;halfYearTotal&#8221;:&#8221;0&#8243;,&#8221;totalRate&#8221;:&#8221;0&#8243;,&#8221;isTgcSKUOffer&#8221;:&#8221;false&#8221;}&#8217;&gt; <\/p>\n<div class=\" header=\">\n<h2>Registro de transa\u00e7\u00e3o <\/h2>\n<\/p><\/div><\/div><\/div><\/div><\/div><\/div><\/div><\/div><\/div><\/div><\/div><\/div>\n","protected":false},"excerpt":{"rendered":"<p>Acess\u00f3rios de instala\u00e7\u00e3o de sistema de aqu\u00e1rio acr\u00edlico caixa de barreira acess\u00f3ria FSB-1A c\u00e9lula \u00fanica<\/p>\n","protected":false},"featured_media":6479,"comment_status":"open","ping_status":"closed","template":"","meta":[],"product_brand":[],"product_cat":[1272],"product_tag":[],"class_list":{"0":"post-38132","1":"product","2":"type-product","3":"status-publish","4":"has-post-thumbnail","6":"product_cat-escumadores-de-proteina","8":"first","9":"instock","10":"shipping-taxable","11":"purchasable","12":"product-type-simple","13":"add-to-wishlist-after_add_to_cart"},"jetpack_sharing_enabled":true,"_links":{"self":[{"href":"https:\/\/www.reefshops.com\/pt-br\/wp-json\/wp\/v2\/product\/38132","targetHints":{"allow":["GET"]}}],"collection":[{"href":"https:\/\/www.reefshops.com\/pt-br\/wp-json\/wp\/v2\/product"}],"about":[{"href":"https:\/\/www.reefshops.com\/pt-br\/wp-json\/wp\/v2\/types\/product"}],"replies":[{"embeddable":true,"href":"https:\/\/www.reefshops.com\/pt-br\/wp-json\/wp\/v2\/comments?post=38132"}],"wp:featuredmedia":[{"embeddable":true,"href":"https:\/\/www.reefshops.com\/pt-br\/wp-json\/wp\/v2\/media\/6479"}],"wp:attachment":[{"href":"https:\/\/www.reefshops.com\/pt-br\/wp-json\/wp\/v2\/media?parent=38132"}],"wp:term":[{"taxonomy":"product_brand","embeddable":true,"href":"https:\/\/www.reefshops.com\/pt-br\/wp-json\/wp\/v2\/product_brand?post=38132"},{"taxonomy":"product_cat","embeddable":true,"href":"https:\/\/www.reefshops.com\/pt-br\/wp-json\/wp\/v2\/product_cat?post=38132"},{"taxonomy":"product_tag","embeddable":true,"href":"https:\/\/www.reefshops.com\/pt-br\/wp-json\/wp\/v2\/product_tag?post=38132"}],"curies":[{"name":"wp","href":"https:\/\/api.w.org\/{rel}","templated":true}]}}